{"id":40093,"date":"2025-01-06T11:15:06","date_gmt":"2025-01-06T10:15:06","guid":{"rendered":"https:\/\/refonte-asterix.fr\/datenschutzrichtlinie\/"},"modified":"2025-09-14T23:36:06","modified_gmt":"2025-09-14T21:36:06","slug":"datenschutzrichtlinie","status":"publish","type":"page","link":"https:\/\/asterix.com\/de\/datenschutzrichtlinie\/","title":{"rendered":"Datenschutzrichtlinie"},"content":{"rendered":"<div class=\"wpb-content-wrapper\"><p>[vc_row css_animation=&#8220;&#8220; row_type=&#8220;row&#8220; use_row_as_full_screen_section=&#8220;no&#8220; type=&#8220;grid&#8220; angled_section=&#8220;no&#8220; text_align=&#8220;left&#8220; background_image_as_pattern=&#8220;without_pattern&#8220; z_index=&#8220;&#8220;][vc_column][vc_empty_space height=&#8220;80px&#8220;][vc_raw_html css=&#8220;&#8220;]PGRpdiBjbGFzcz0icm93LWdyZXktYmFja2dyb3VuZCBoZWFkZXIiPjwvZGl2Pg==[\/vc_raw_html][vc_column_text css=&#8220;&#8220;]<\/p>\n<h1>Datenschutzrichtlinie<\/h1>\n<p>[\/vc_column_text][vc_empty_space height=&#8220;80px&#8220;][\/vc_column][\/vc_row][vc_row css_animation=&#8220;&#8220; row_type=&#8220;row&#8220; use_row_as_full_screen_section=&#8220;no&#8220; type=&#8220;grid&#8220; angled_section=&#8220;no&#8220; text_align=&#8220;left&#8220; background_image_as_pattern=&#8220;without_pattern&#8220; z_index=&#8220;&#8220;][vc_column][vc_empty_space][vc_column_text css=&#8220;&#8220;]<em>Dokument aktualisiert am 10. Oktober 2019 \u2013 Ver\u00f6ffentlichung 22. Oktober 2019<\/em><\/p>\n<p>&nbsp;<\/p>\n<p>Im Rahmen Ihres Besuchs auf der Website<a href=\"https:\/\/www.asterix.com\/\">\u00a0https:\/\/www.asterix.com<\/a>\u00a0(nachfolgend \u201eWebsite\u201c) erhebt und verarbeitet die Firma Editions Albert Ren\u00e9 (nachfolgend \u201eder Verlag\u201c) Ihre personenbezogenen Daten. Alle Informationen \u00fcber eine nat\u00fcrliche Person, anhand deren sie direkt oder indirekt identifiziert werden kann (z.\u00a0B. Nachname, Vorname, Kennung, E-Mail-Adresse, Standortdaten usw.), sind personenbezogene Daten (im Folgenden \u201epersonenbezogene Daten\u201c oder \u201eDaten\u201c).<\/p>\n<p>&nbsp;<\/p>\n<p>In dieser Richtlinie werden die Verarbeitungsmethoden festgelegt, f\u00fcr die der Verlag gem\u00e4\u00df den geltenden Vorschriften verantwortlich ist.<\/p>\n<p>&nbsp;<\/p>\n<p>Der Verlag beh\u00e4lt sich das Recht vor, diese Richtlinien jederzeit und ohne Vorank\u00fcndigung zu \u00e4ndern. Die \u00c4nderungen treten mit dem Datum in Kraft, an dem sie auf der Website ver\u00f6ffentlicht werden.<\/p>\n<p>&nbsp;<\/p>\n<p>Um die Einhaltung der geltenden Rechtsvorschriften zu gew\u00e4hrleisten sowie um seinen beh\u00f6rdlichen Verpflichtungen nachzukommen, hat der Verlag einen<em>\u00a0Datenschutzbeauftragten<\/em>\u00a0(DSB) bestellt. Sie k\u00f6nnen ihn unter der folgenden Adresse erreichen: Editions Albert Ren\u00e9, zu H\u00e4nden des DSB, 58, Rue Jean Bleuzen 92170 Vanves.[\/vc_column_text][vc_empty_space][vc_column_text css=&#8220;&#8220;]<\/p>\n<h2>1. F\u00fcr die DatenVerarbeitung verantwortliche Stelle<\/h2>\n<p>[\/vc_column_text][vc_empty_space][vc_column_text css=&#8220;&#8220;]Die Firma Editions Albert Ren\u00e9, wie in den rechtlichen Hinweisen angegeben, ist die f\u00fcr die Verarbeitung im Rahmen der Website erfassten personenbezogener Daten verantwortliche Stelle.[\/vc_column_text][vc_empty_space height=&#8220;60px&#8220;][vc_column_text css=&#8220;&#8220;]<\/p>\n<h2>2. Die verarbeiteten Daten<\/h2>\n<p>[\/vc_column_text][vc_empty_space][vc_column_text css=&#8220;&#8220;]<\/p>\n<table style=\"table-layout: fixed;\">\n<thead>\n<tr>\n<th>Zweck der Verarbeitung<\/th>\n<th>Kategorien der verarbeiteten Daten<\/th>\n<th>Rechtsgrundlage der Verarbeitung<\/th>\n<th>Maximale Dauer der Daten-Speicherung<\/th>\n<th>Weiterleitung au\u00dferhalb der EU<\/th>\n<\/tr>\n<\/thead>\n<tbody>\n<tr>\n<td rowspan=\"3\"><strong>Verwaltung der Zusendungen<\/strong><\/td>\n<td><strong>Daten der Abonnenten:<\/strong> Identit\u00e4tsangaben, E-Mail<\/td>\n<td rowspan=\"2\">Einwilligung<\/td>\n<td rowspan=\"3\">Dauer des Abonnements oder, andernfalls, drei Jahre nach dem letzten Kontakt mit dem Abonnenten.<\/td>\n<td rowspan=\"3\">USA im Rahmen<\/p>\n<p><em>EU-U.S. Privacy Shield-Verfahrens<\/em><\/td>\n<\/tr>\n<tr>\n<td><strong>Daten der gesetzlichen Vertreter, falls erforderlich:<\/strong> E-mail<\/td>\n<\/tr>\n<tr>\n<td>Datum der Registrierung, Follow-up der Ma\u00dfnahmen<\/td>\n<td>Berechtigtes Interesse<\/td>\n<\/tr>\n<tr>\n<td><strong>F\u00fcr den Zugriff auf Inhalte au\u00dferhalb der Website, einschlie\u00dflich der Freigabe f\u00fcr soziale Netzwerken.<\/strong><\/td>\n<td>IP-Adresse, technische Daten des Browsers und Informationen \u00fcber den gew\u00fcnschten Inhalt. Gegebenenfalls das Cookie, das den Herausgeber des Inhalts identifiziert.<\/td>\n<td>Einwilligung<\/td>\n<td>Diese Daten werden vom Herausgeber nicht gespeichert.<\/td>\n<td>\u00dcbertragung ausgew\u00e4hlter externer Inhalte an den Herausgeber: siehe Datenschutzrichtlinie.<\/td>\n<\/tr>\n<\/tbody>\n<\/table>\n<p>[\/vc_column_text][vc_empty_space height=&#8220;60px&#8220;][vc_column_text css=&#8220;&#8220;]<\/p>\n<h2>3. Empf\u00e4nger<\/h2>\n<p>[\/vc_column_text][vc_empty_space][vc_column_text css=&#8220;&#8220;]Die vom Verlag erhobenen personenbezogenen Daten sind ausschlie\u00dflich f\u00fcr die\u00a0<a href=\"https:\/\/www.hachette.fr\/editeurs\">Hachette Livre<\/a>-Gruppe bestimmt und werden unter keinen Umst\u00e4nden an Dritte ver\u00e4u\u00dfert oder vermietet. Personenbezogene Daten k\u00f6nnen jedoch an technische Dienstleister des Herausgebers und\/oder an solche Dritte weitergegeben werden, auf deren Inhalte \u00fcber die Website ausschlie\u00dflich zum Zwecke der Erf\u00fcllung der oben genannten Zwecke zugegriffen wird.[\/vc_column_text][vc_empty_space height=&#8220;60px&#8220;][vc_column_text css=&#8220;&#8220;]<\/p>\n<h2>4. Sicherheit und Schutz personenbezogener Daten<\/h2>\n<p>[\/vc_column_text][vc_empty_space][vc_column_text css=&#8220;&#8220;]Personenbezogene Daten werden in einer sicheren Umgebung gespeichert und in \u00dcbereinstimmung mit den in den rechtlichen Hinweisen enthaltenen Informationen gespeichert.<\/p>\n<p>&nbsp;<\/p>\n<p>Der Verlag trifft alle geeigneten physischen, technischen und organisatorischen Ma\u00dfnahmen, um die Sicherheit und Vertraulichkeit personenbezogener Daten zu gew\u00e4hrleisten und sie vor Verlust, versehentlicher Zerst\u00f6rung, Ver\u00e4nderung und unbefugtem Zugriff zu sch\u00fctzen.<\/p>\n<p>&nbsp;<\/p>\n<p>Der Verlag beherrscht jedoch nicht alle Risiken im Zusammenhang mit dem Internet. Der Nutzer besucht die Website auf eigene Gefahr, ohne dass der Verlag f\u00fcr etwaige Sicherheitsl\u00fccken haftet, die au\u00dferhalb seiner Einflussnahme liegen.[\/vc_column_text][vc_empty_space height=&#8220;60px&#8220;][vc_column_text css=&#8220;&#8220;]<\/p>\n<h2>5. Rechte der Nutzer an ihren Daten<\/h2>\n<p>[\/vc_column_text][vc_empty_space][vc_column_text css=&#8220;&#8220;]Benutzer, die ihre Identit\u00e4t nachweisen, k\u00f6nnen ihr Recht auf Zugang, Berichtigung, L\u00f6schung oder \u00dcbertragbarkeit ihrer Daten sowie ihr Recht, die Verarbeitung einzuschr\u00e4nken oder der Verarbeitung zu widersprechen, aus\u00fcben.<\/p>\n<p>&nbsp;<\/p>\n<p>F\u00fcr Verarbeitungen, bei denen die Rechtsgrundlage die Einwilligung ist, k\u00f6nnen die Nutzer ihre Einwilligung jederzeit widerrufen; in diesem Fall werden ihre Daten nicht mehr f\u00fcr den entsprechenden Zweck verarbeitet.<\/p>\n<p>&nbsp;<\/p>\n<p>Bei Bedarf k\u00f6nnen Benutzer sich auch an die Kontrollbeh\u00f6rde wenden.<\/p>\n<p>&nbsp;<\/p>\n<p>Schlie\u00dflich k\u00f6nnen die Nutzer Anweisungen f\u00fcr das Schicksal ihrer Daten nach ihrem Tod erteilen und hierzu f\u00fcr allgemeine Anweisungen einen vertrauensw\u00fcrdigen Dritten, der von der franz\u00f6sischen Datenschutzbeh\u00f6rde CNIL zertifiziert ist, benennen oder f\u00fcr die spezifisch ihm mitgeteilten Daten den Herausgeber bestimmen. In Ermangelung solcher Anweisungen k\u00f6nnen die Erben der Person bestimmte Rechte aus\u00fcben, insbesondere das Recht auf Zugang, wenn dies f\u00fcr die Regelung des Nachlasses der verstorbenen Person erforderlich ist, und das Recht auf Widerspruch, um die Benutzerkonten der verstorbenen Person zu schlie\u00dfen und sich der Verarbeitung ihrer Daten widersetzen.<\/p>\n<p>&nbsp;<\/p>\n<p>Die Nutzer k\u00f6nnen ihre Rechte unter\u00a0<a href=\"mailto:messages@asterix.com\">messages@asterix.com<\/a>\u00a0oder per Post an Les Editions Albert Ren\u00e9, 58, Rue Jean Bleuzen 92170 Vanves aus\u00fcben.[\/vc_column_text][vc_empty_space height=&#8220;60px&#8220;][vc_column_text css=&#8220;&#8220;]<\/p>\n<h2>6. Geltendes Recht und Rechtsmittel<\/h2>\n<p>[\/vc_column_text][vc_empty_space][vc_column_text css=&#8220;&#8220;]Diese Richtlinie unterliegt franz\u00f6sischem Recht und ist entsprechend auszulegen und anzuwenden.<\/p>\n<p>&nbsp;<\/p>\n<p>Im Falle einer Unstimmigkeit \u00fcber die Verarbeitung ihrer personenbezogenen Daten im Zusammenhang mit dem Betrieb der Website verpflichten sich die Nutzer und der Herausgeber, im Voraus und in gutem Glauben eine g\u00fctliche L\u00f6sung zu suchen.[\/vc_column_text][\/vc_column][\/vc_row][vc_row css_animation=&#8220;&#8220; row_type=&#8220;row&#8220; use_row_as_full_screen_section=&#8220;no&#8220; type=&#8220;full_width&#8220; angled_section=&#8220;no&#8220; text_align=&#8220;left&#8220; background_image_as_pattern=&#8220;without_pattern&#8220; z_index=&#8220;&#8220;][vc_column][vc_raw_html css=&#8220;&#8220;]PGRpdiBjbGFzcz0icm93LWdyZXktYmFja2dyb3VuZCBib3R0b20iPjwvZGl2Pg==[\/vc_raw_html][vc_empty_space height=&#8220;200px&#8220;][\/vc_column][\/vc_row][vc_row css_animation=&#8220;&#8220; row_type=&#8220;row&#8220; use_row_as_full_screen_section=&#8220;no&#8220; type=&#8220;grid&#8220; angled_section=&#8220;no&#8220; text_align=&#8220;left&#8220; background_image_as_pattern=&#8220;without_pattern&#8220; z_index=&#8220;&#8220; el_class=&#8220;contact-footer-row&#8220; el_id=&#8220;newsletter&#8220;][vc_column el_class=&#8220;contact-footer-col&#8220;]\n<div class=\"wpcf7 no-js\" id=\"wpcf7-f38916-o1\" lang=\"de-DE\" dir=\"ltr\" data-wpcf7-id=\"38916\">\n<div class=\"screen-reader-response\"><p role=\"status\" aria-live=\"polite\" aria-atomic=\"true\"><\/p> <ul><\/ul><\/div>\n<form action=\"\/de\/wp-json\/wp\/v2\/pages\/40093#wpcf7-f38916-o1\" method=\"post\" class=\"wpcf7-form init default\" aria-label=\"Kontaktformular\" novalidate=\"novalidate\" data-status=\"init\">\n<fieldset class=\"hidden-fields-container\"><input type=\"hidden\" name=\"_wpcf7\" value=\"38916\" \/><input type=\"hidden\" name=\"_wpcf7_version\" value=\"6.1.1\" \/><input type=\"hidden\" name=\"_wpcf7_locale\" value=\"de_DE\" \/><input type=\"hidden\" name=\"_wpcf7_unit_tag\" value=\"wpcf7-f38916-o1\" \/><input type=\"hidden\" name=\"_wpcf7_container_post\" value=\"0\" \/><input type=\"hidden\" name=\"_wpcf7_posted_data_hash\" value=\"\" \/><input type=\"hidden\" name=\"_wpcf7cf_hidden_group_fields\" value=\"[]\" \/><input type=\"hidden\" name=\"_wpcf7cf_hidden_groups\" value=\"[]\" \/><input type=\"hidden\" name=\"_wpcf7cf_visible_groups\" value=\"[]\" \/><input type=\"hidden\" name=\"_wpcf7cf_repeaters\" value=\"[]\" \/><input type=\"hidden\" name=\"_wpcf7cf_steps\" value=\"{}\" \/><input type=\"hidden\" name=\"_wpcf7cf_options\" value=\"{&quot;form_id&quot;:38916,&quot;conditions&quot;:[{&quot;then_field&quot;:&quot;groupe-email-parent&quot;,&quot;and_rules&quot;:[{&quot;if_field&quot;:&quot;radio-age&quot;,&quot;operator&quot;:&quot;equals&quot;,&quot;if_value&quot;:&quot;Ich bin unter 15 Jahre alt&quot;}]}],&quot;settings&quot;:{&quot;animation&quot;:&quot;yes&quot;,&quot;animation_intime&quot;:200,&quot;animation_outtime&quot;:200,&quot;conditions_ui&quot;:&quot;normal&quot;,&quot;notice_dismissed&quot;:false,&quot;notice_dismissed_update-cf7-6.0.3&quot;:true}}\" \/>\n<\/fieldset>\n<div style=\"text-align: center;\">\n\t<h3 style=\" font-size: 45px;\"><span style=\"color: #E30521;\">Die Info-Epistula<\/span>\n\t<\/h3>\n\t<p style=\"font-size: 14px;line-height: normal;padding: 10px 0 15px;\"><strong>Die Info-Epistula von Asterix und Obelix wird Ihnen kostenlos von unserem Postboten Rohrpostix in Ihren elektronischen Briefkasten geliefert.<\/strong><br \/>\nSo k\u00f6nnen Sie immer die neuesten Informationen \u00fcber die Asterix-Alben, -Games, -Gewinnspiele und -Filme verfolgen.<br \/>\nAbonnieren ist ganz einfach: F\u00fcllen Sie einfach das untenstehende Formular aus!\n\t<\/p>\n<\/div>\n<div class=\"three_columns clearfix\">\n\t<div class=\"column1\">\n\t\t<div class=\"column_inner\">\n\t\t\t<p><span class=\"wpcf7-form-control-wrap\" data-name=\"firstName\"><input size=\"40\" maxlength=\"400\" class=\"wpcf7-form-control wpcf7-text wpcf7-validates-as-required\" aria-required=\"true\" aria-invalid=\"false\" placeholder=\"Vorname\" value=\"\" type=\"text\" name=\"firstName\" \/><\/span>\n\t\t\t<\/p>\n\t\t<\/div>\n\t<\/div>\n\t<div class=\"column2\">\n\t\t<div class=\"column_inner\">\n\t\t\t<p><span class=\"wpcf7-form-control-wrap\" data-name=\"nom\"><input size=\"40\" maxlength=\"400\" class=\"wpcf7-form-control wpcf7-text wpcf7-validates-as-required\" aria-required=\"true\" aria-invalid=\"false\" placeholder=\"Nachname\" value=\"\" type=\"text\" name=\"nom\" \/><\/span>\n\t\t\t<\/p>\n\t\t<\/div>\n\t<\/div>\n\t<div class=\"column3\">\n\t\t<div class=\"column_inner\">\n\t\t\t<p><span class=\"wpcf7-form-control-wrap\" data-name=\"email\"><input size=\"40\" maxlength=\"400\" class=\"wpcf7-form-control wpcf7-email wpcf7-validates-as-required wpcf7-text wpcf7-validates-as-email\" aria-required=\"true\" aria-invalid=\"false\" placeholder=\"E-Mail\" value=\"\" type=\"email\" name=\"email\" \/><\/span>\n\t\t\t<\/p>\n\t\t<\/div>\n\t<\/div>\n<\/div>\n<div class=\"column_inner\" style=\"text-align:center;\">\n\t<p><span class=\"wpcf7-form-control-wrap\" data-name=\"radio-age\"><span class=\"wpcf7-form-control wpcf7-radio\"><span class=\"wpcf7-list-item first\"><label><input type=\"radio\" name=\"radio-age\" value=\"Ich bin \u00fcber 15 Jahre alt\" \/><span class=\"wpcf7-list-item-label\">Ich bin \u00fcber 15 Jahre alt<\/span><\/label><\/span><span class=\"wpcf7-list-item last\"><label><input type=\"radio\" name=\"radio-age\" value=\"Ich bin unter 15 Jahre alt\" \/><span class=\"wpcf7-list-item-label\">Ich bin unter 15 Jahre alt<\/span><\/label><\/span><\/span><\/span>\n\t<\/p>\n<\/div>\n<div data-id=\"groupe-email-parent\" data-orig_data_id=\"groupe-email-parent\"  class=\"\" data-class=\"wpcf7cf_group\">\n\t<div class=\"three_columns clearfix\">\n\t\t<div class=\"column1\">\n\t\t\t<div class=\"column_inner\">\n\t\t\t\t<p>&nbsp;\n\t\t\t\t<\/p>\n\t\t\t<\/div>\n\t\t<\/div>\n\t\t<div class=\"column2\">\n\t\t\t<div class=\"column_inner\">\n\t\t\t\t<p><span class=\"wpcf7-form-control-wrap\" data-name=\"email-parent\"><input size=\"40\" maxlength=\"400\" class=\"wpcf7-form-control wpcf7-email wpcf7-validates-as-required wpcf7-text wpcf7-validates-as-email\" aria-required=\"true\" aria-invalid=\"false\" placeholder=\"E-Mail-Adresse der Eltern*\" value=\"\" type=\"email\" name=\"email-parent\" \/><\/span>\n\t\t\t\t<\/p>\n\t\t\t<\/div>\n\t\t<\/div>\n\t\t<div class=\"column3\">\n\t\t\t<div class=\"column_inner\">\n\t\t\t\t<p>&nbsp;\n\t\t\t\t<\/p>\n\t\t\t<\/div>\n\t\t<\/div>\n\t<\/div>\n<\/div>\n<div class=\"three_columns clearfix\">\n\t<div class=\"column1\">\n\t\t<div class=\"column_inner\">\n\t\t\t<p><span class=\"wpcf7-form-control-wrap\" data-name=\"language\"><select class=\"wpcf7-form-control wpcf7-select wpcf7-validates-as-required\" aria-required=\"true\" aria-invalid=\"false\" name=\"language\"><option value=\"\">Sprache<\/option><option value=\"Fran\u00e7ais\">Fran\u00e7ais<\/option><option value=\"English\">English<\/option><option value=\"Deutsch\">Deutsch<\/option><option value=\"Espa\u00f1ol\">Espa\u00f1ol<\/option><option value=\"Nederlands\">Nederlands<\/option><\/select><\/span>\n\t\t\t<\/p>\n\t\t<\/div>\n\t<\/div>\n\t<div class=\"column2\">\n\t\t<div class=\"column_inner\">\n\t\t\t<p><input class=\"wpcf7-form-control wpcf7-submit has-spinner\" type=\"submit\" value=\"SENDEN\" \/>\n\t\t\t<\/p>\n\t\t<\/div>\n\t<\/div>\n<\/div>\n<div style=\"text-align: center;\">\n\t<p style=\"font-size: 11px;line-height: normal;padding-top: 25px;\">Ihre E-Mail-Adresse wird ausschlie\u00dflich dazu verwendet, Ihnen Informationen \u00fcber Neuigkeiten von Asterix zuzusenden.<br \/>\nSie k\u00f6nnen sich jederzeit abmelden. F\u00fcr weitere Informationen <a href=\"https:\/\/asterix.com\/de\/datenschutzrichtlinie\/\" target=\"_blank\" style=\"color: #E30521;\">klicken Sie hier<\/a>.\n\t<\/p>\n<\/div><input type='hidden' class='wpcf7-pum' value='{\"closepopup\":false,\"closedelay\":0,\"openpopup\":false,\"openpopup_id\":0}' \/><div class=\"wpcf7-response-output\" aria-hidden=\"true\"><\/div>\n<\/form>\n<\/div>\n[\/vc_column][\/vc_row]<\/p>\n<\/div>","protected":false},"excerpt":{"rendered":"<p>[vc_row css_animation=&#8220;&#8220; row_type=&#8220;row&#8220; use_row_as_full_screen_section=&#8220;no&#8220; type=&#8220;grid&#8220; angled_section=&#8220;no&#8220; text_align=&#8220;left&#8220; background_image_as_pattern=&#8220;without_pattern&#8220; z_index=&#8220;&#8220;][vc_column][vc_empty_space height=&#8220;80px&#8220;][vc_raw_html css=&#8220;&#8220;]PGRpdiBjbGFzcz0icm93LWdyZXktYmFja2dyb3VuZCBoZWFkZXIiPjwvZGl2Pg==[\/vc_raw_html][vc_column_text css=&#8220;&#8220;] Datenschutzrichtlinie [\/vc_column_text][vc_empty_space height=&#8220;80px&#8220;][\/vc_column][\/vc_row][vc_row css_animation=&#8220;&#8220; row_type=&#8220;row&#8220; use_row_as_full_screen_section=&#8220;no&#8220; type=&#8220;grid&#8220; angled_section=&#8220;no&#8220; text_align=&#8220;left&#8220; background_image_as_pattern=&#8220;without_pattern&#8220; z_index=&#8220;&#8220;][vc_column][vc_empty_space][vc_column_text css=&#8220;&#8220;]Dokument aktualisiert am 10. Oktober 2019 \u2013 Ver\u00f6ffentlichung 22. Oktober 2019 &nbsp; Im Rahmen Ihres Besuchs auf der Website\u00a0https:\/\/www.asterix.com\u00a0(nachfolgend \u201eWebsite\u201c) erhebt und&#8230;<\/p>\n","protected":false},"author":1,"featured_media":0,"parent":0,"menu_order":0,"comment_status":"closed","ping_status":"closed","template":"full_width.php","meta":{"_acf_changed":false,"footnotes":"","_wp_rev_ctl_limit":""},"class_list":["post-40093","page","type-page","status-publish","hentry"],"acf":[],"yoast_head":"<!-- This site is optimized with the Yoast SEO plugin v26.7 - https:\/\/yoast.com\/wordpress\/plugins\/seo\/ -->\n<title>Datenschutzrichtlinie - Ast\u00e9rix<\/title>\n<meta name=\"robots\" content=\"index, follow, max-snippet:-1, max-image-preview:large, max-video-preview:-1\" \/>\n<link rel=\"canonical\" href=\"https:\/\/asterix.com\/de\/datenschutzrichtlinie\/\" \/>\n<meta property=\"og:locale\" content=\"de_DE\" \/>\n<meta property=\"og:type\" content=\"article\" \/>\n<meta property=\"og:title\" content=\"Datenschutzrichtlinie - Ast\u00e9rix\" \/>\n<meta property=\"og:description\" content=\"[vc_row css_animation=&#8220;&#8220; row_type=&#8220;row&#8220; use_row_as_full_screen_section=&#8220;no&#8220; type=&#8220;grid&#8220; angled_section=&#8220;no&#8220; text_align=&#8220;left&#8220; background_image_as_pattern=&#8220;without_pattern&#8220; z_index=&#8220;&#8220;][vc_column][vc_empty_space height=&#8220;80px&#8220;][vc_raw_html css=&#8220;&#8220;]PGRpdiBjbGFzcz0icm93LWdyZXktYmFja2dyb3VuZCBoZWFkZXIiPjwvZGl2Pg==[\/vc_raw_html][vc_column_text css=&#8220;&#8220;] Datenschutzrichtlinie [\/vc_column_text][vc_empty_space height=&#8220;80px&#8220;][\/vc_column][\/vc_row][vc_row css_animation=&#8220;&#8220; row_type=&#8220;row&#8220; use_row_as_full_screen_section=&#8220;no&#8220; type=&#8220;grid&#8220; angled_section=&#8220;no&#8220; text_align=&#8220;left&#8220; background_image_as_pattern=&#8220;without_pattern&#8220; z_index=&#8220;&#8220;][vc_column][vc_empty_space][vc_column_text css=&#8220;&#8220;]Dokument aktualisiert am 10. Oktober 2019 \u2013 Ver\u00f6ffentlichung 22. Oktober 2019 &nbsp; Im Rahmen Ihres Besuchs auf der Website\u00a0https:\/\/www.asterix.com\u00a0(nachfolgend \u201eWebsite\u201c) erhebt und...\" \/>\n<meta property=\"og:url\" content=\"https:\/\/asterix.com\/de\/datenschutzrichtlinie\/\" \/>\n<meta property=\"og:site_name\" content=\"Ast\u00e9rix\" \/>\n<meta property=\"article:modified_time\" content=\"2025-09-14T21:36:06+00:00\" \/>\n<meta name=\"twitter:card\" content=\"summary_large_image\" \/>\n<meta name=\"twitter:label1\" content=\"Gesch\u00e4tzte Lesezeit\" \/>\n\t<meta name=\"twitter:data1\" content=\"4\u00a0Minuten\" \/>\n<script type=\"application\/ld+json\" class=\"yoast-schema-graph\">{\"@context\":\"https:\/\/schema.org\",\"@graph\":[{\"@type\":\"WebPage\",\"@id\":\"https:\/\/asterix.com\/de\/datenschutzrichtlinie\/\",\"url\":\"https:\/\/asterix.com\/de\/datenschutzrichtlinie\/\",\"name\":\"Datenschutzrichtlinie - Ast\u00e9rix\",\"isPartOf\":{\"@id\":\"https:\/\/asterix.com\/de\/#website\"},\"datePublished\":\"2025-01-06T10:15:06+00:00\",\"dateModified\":\"2025-09-14T21:36:06+00:00\",\"breadcrumb\":{\"@id\":\"https:\/\/asterix.com\/de\/datenschutzrichtlinie\/#breadcrumb\"},\"inLanguage\":\"de\",\"potentialAction\":[{\"@type\":\"ReadAction\",\"target\":[\"https:\/\/asterix.com\/de\/datenschutzrichtlinie\/\"]}]},{\"@type\":\"BreadcrumbList\",\"@id\":\"https:\/\/asterix.com\/de\/datenschutzrichtlinie\/#breadcrumb\",\"itemListElement\":[{\"@type\":\"ListItem\",\"position\":1,\"name\":\"Accueil\",\"item\":\"https:\/\/asterix.com\/de\/\"},{\"@type\":\"ListItem\",\"position\":2,\"name\":\"Datenschutzrichtlinie\"}]},{\"@type\":\"WebSite\",\"@id\":\"https:\/\/asterix.com\/de\/#website\",\"url\":\"https:\/\/asterix.com\/de\/\",\"name\":\"Ast\u00e9rix\",\"description\":\"Le site officiel\",\"potentialAction\":[{\"@type\":\"SearchAction\",\"target\":{\"@type\":\"EntryPoint\",\"urlTemplate\":\"https:\/\/asterix.com\/de\/?s={search_term_string}\"},\"query-input\":{\"@type\":\"PropertyValueSpecification\",\"valueRequired\":true,\"valueName\":\"search_term_string\"}}],\"inLanguage\":\"de\"}]}<\/script>\n<!-- \/ Yoast SEO plugin. -->","yoast_head_json":{"title":"Datenschutzrichtlinie - Ast\u00e9rix","robots":{"index":"index","follow":"follow","max-snippet":"max-snippet:-1","max-image-preview":"max-image-preview:large","max-video-preview":"max-video-preview:-1"},"canonical":"https:\/\/asterix.com\/de\/datenschutzrichtlinie\/","og_locale":"de_DE","og_type":"article","og_title":"Datenschutzrichtlinie - Ast\u00e9rix","og_description":"[vc_row css_animation=&#8220;&#8220; row_type=&#8220;row&#8220; use_row_as_full_screen_section=&#8220;no&#8220; type=&#8220;grid&#8220; angled_section=&#8220;no&#8220; text_align=&#8220;left&#8220; background_image_as_pattern=&#8220;without_pattern&#8220; z_index=&#8220;&#8220;][vc_column][vc_empty_space height=&#8220;80px&#8220;][vc_raw_html css=&#8220;&#8220;]PGRpdiBjbGFzcz0icm93LWdyZXktYmFja2dyb3VuZCBoZWFkZXIiPjwvZGl2Pg==[\/vc_raw_html][vc_column_text css=&#8220;&#8220;] Datenschutzrichtlinie [\/vc_column_text][vc_empty_space height=&#8220;80px&#8220;][\/vc_column][\/vc_row][vc_row css_animation=&#8220;&#8220; row_type=&#8220;row&#8220; use_row_as_full_screen_section=&#8220;no&#8220; type=&#8220;grid&#8220; angled_section=&#8220;no&#8220; text_align=&#8220;left&#8220; background_image_as_pattern=&#8220;without_pattern&#8220; z_index=&#8220;&#8220;][vc_column][vc_empty_space][vc_column_text css=&#8220;&#8220;]Dokument aktualisiert am 10. Oktober 2019 \u2013 Ver\u00f6ffentlichung 22. Oktober 2019 &nbsp; Im Rahmen Ihres Besuchs auf der Website\u00a0https:\/\/www.asterix.com\u00a0(nachfolgend \u201eWebsite\u201c) erhebt und...","og_url":"https:\/\/asterix.com\/de\/datenschutzrichtlinie\/","og_site_name":"Ast\u00e9rix","article_modified_time":"2025-09-14T21:36:06+00:00","twitter_card":"summary_large_image","twitter_misc":{"Gesch\u00e4tzte Lesezeit":"4\u00a0Minuten"},"schema":{"@context":"https:\/\/schema.org","@graph":[{"@type":"WebPage","@id":"https:\/\/asterix.com\/de\/datenschutzrichtlinie\/","url":"https:\/\/asterix.com\/de\/datenschutzrichtlinie\/","name":"Datenschutzrichtlinie - Ast\u00e9rix","isPartOf":{"@id":"https:\/\/asterix.com\/de\/#website"},"datePublished":"2025-01-06T10:15:06+00:00","dateModified":"2025-09-14T21:36:06+00:00","breadcrumb":{"@id":"https:\/\/asterix.com\/de\/datenschutzrichtlinie\/#breadcrumb"},"inLanguage":"de","potentialAction":[{"@type":"ReadAction","target":["https:\/\/asterix.com\/de\/datenschutzrichtlinie\/"]}]},{"@type":"BreadcrumbList","@id":"https:\/\/asterix.com\/de\/datenschutzrichtlinie\/#breadcrumb","itemListElement":[{"@type":"ListItem","position":1,"name":"Accueil","item":"https:\/\/asterix.com\/de\/"},{"@type":"ListItem","position":2,"name":"Datenschutzrichtlinie"}]},{"@type":"WebSite","@id":"https:\/\/asterix.com\/de\/#website","url":"https:\/\/asterix.com\/de\/","name":"Ast\u00e9rix","description":"Le site officiel","potentialAction":[{"@type":"SearchAction","target":{"@type":"EntryPoint","urlTemplate":"https:\/\/asterix.com\/de\/?s={search_term_string}"},"query-input":{"@type":"PropertyValueSpecification","valueRequired":true,"valueName":"search_term_string"}}],"inLanguage":"de"}]}},"_links":{"self":[{"href":"https:\/\/asterix.com\/de\/wp-json\/wp\/v2\/pages\/40093","targetHints":{"allow":["GET"]}}],"collection":[{"href":"https:\/\/asterix.com\/de\/wp-json\/wp\/v2\/pages"}],"about":[{"href":"https:\/\/asterix.com\/de\/wp-json\/wp\/v2\/types\/page"}],"author":[{"embeddable":true,"href":"https:\/\/asterix.com\/de\/wp-json\/wp\/v2\/users\/1"}],"replies":[{"embeddable":true,"href":"https:\/\/asterix.com\/de\/wp-json\/wp\/v2\/comments?post=40093"}],"version-history":[{"count":2,"href":"https:\/\/asterix.com\/de\/wp-json\/wp\/v2\/pages\/40093\/revisions"}],"predecessor-version":[{"id":45153,"href":"https:\/\/asterix.com\/de\/wp-json\/wp\/v2\/pages\/40093\/revisions\/45153"}],"wp:attachment":[{"href":"https:\/\/asterix.com\/de\/wp-json\/wp\/v2\/media?parent=40093"}],"curies":[{"name":"wp","href":"https:\/\/api.w.org\/{rel}","templated":true}]}}