{"id":43097,"date":"2025-01-30T09:20:08","date_gmt":"2025-01-30T08:20:08","guid":{"rendered":"https:\/\/asterix.com\/cookie-richtlinie\/"},"modified":"2025-09-14T23:36:13","modified_gmt":"2025-09-14T21:36:13","slug":"cookie-richtlinie","status":"publish","type":"page","link":"https:\/\/asterix.com\/de\/cookie-richtlinie\/","title":{"rendered":"Cookie-Richtlinie"},"content":{"rendered":"<div class=\"wpb-content-wrapper\"><p>[vc_row css_animation=&#8220;&#8220; row_type=&#8220;row&#8220; use_row_as_full_screen_section=&#8220;no&#8220; type=&#8220;grid&#8220; angled_section=&#8220;no&#8220; text_align=&#8220;left&#8220; background_image_as_pattern=&#8220;without_pattern&#8220; z_index=&#8220;&#8220;][vc_column][vc_empty_space height=&#8220;80px&#8220;][vc_raw_html css=&#8220;&#8220;]PGRpdiBjbGFzcz0icm93LWdyZXktYmFja2dyb3VuZCBoZWFkZXIiPjwvZGl2Pg==[\/vc_raw_html][vc_column_text css=&#8220;&#8220;]<\/p>\n<h1>Cookie-Richtlinie<\/h1>\n<p>[\/vc_column_text][vc_empty_space height=&#8220;15px&#8220;][vc_column_text css=&#8220;&#8220;]Aktualisiert am 25\/03\/2025<br \/>\n[\/vc_column_text][vc_empty_space height=&#8220;80px&#8220;][\/vc_column][\/vc_row][vc_row css_animation=&#8220;&#8220; row_type=&#8220;row&#8220; use_row_as_full_screen_section=&#8220;no&#8220; type=&#8220;grid&#8220; angled_section=&#8220;no&#8220; text_align=&#8220;left&#8220; background_image_as_pattern=&#8220;without_pattern&#8220; z_index=&#8220;&#8220;][vc_column][vc_column_text css=&#8220;&#8220;]<\/p>\n<h2>1 Definition von Tracern<\/h2>\n<p>[\/vc_column_text][vc_empty_space][vc_column_text css=&#8220;&#8220;]Der Begriff &#8222;Tracker&#8220;, auch als &#8222;Cookies&#8220; bekannt, bezieht sich auf eine kleine Textdatei, die auf Ihrem Endger\u00e4t (Computer, Tablet, Smartphone usw.) abgelegt oder gelesen wird, wenn Sie auf Webseiten surfen, vorbehaltlich der von Ihnen getroffenen Entscheidungen. Der Tracker erm\u00f6glicht es seinem Aussteller, das Endger\u00e4t zu identifizieren, in dem er registriert ist, und durch elektronische \u00dcbertragung auf die im Empfangsterminal des Benutzers gespeicherten Informationen zuzugreifen.[\/vc_column_text][vc_empty_space][vc_column_text css=&#8220;&#8220;]<\/p>\n<h2>2 Tracker auf der Website<\/h2>\n<p>[\/vc_column_text][vc_empty_space][vc_column_text css=&#8220;&#8220;]Wenn Sie als Nutzer auf der Website surfen und\/oder auf externe Inhalte von Diensten Dritter zugreifen, k\u00f6nnen Tracker auf Ihrem Empfangsger\u00e4t (z. B. Computer, Tablet usw.), vom Herausgeber oder von Drittunternehmen (z. B. Unternehmen f\u00fcr Reichweitenmessungen, Anbieter gezielter Werbung usw.) abgelegt oder gelesen werden.\u00a0 usw.). Zus\u00e4tzlich zu den oben verarbeiteten personenbezogenen Daten erm\u00f6glichen Tracker somit, zu statistischen und Sicherheitszwecken Informationen \u00fcber die Verbindung (Dauer, Seiten der besuchten Website), das Endger\u00e4t (Betriebssystem) und das Surfen der Benutzer (Browsertyp) zu sammeln. Die Einzelheiten der Informationen \u00fcber die Art des Trackers, den Aussteller des Trackers und die von ihm verfolgten Zwecke erscheinen auf dem Einwilligungsbanner, das beim ersten Surfen auf der Website angezeigt wird, in dem Sie die M\u00f6glichkeit haben, der Hinterlegung und\/oder dem Lesen der Tracker nach Zweck gem\u00e4\u00df den unten definierten Bedingungen zuzustimmen oder sich dagegen zu wehren. Dar\u00fcber hinaus werden in \u00dcbereinstimmung mit den geltenden Vorschriften technische Tracker verwendet und\/oder hinterlegt, deren Zweck es ist, die Kommunikation zu erm\u00f6glichen oder zu erleichtern oder die f\u00fcr die Erbringung einer von Ihnen angeforderten Dienstleistung erforderlich sind, ohne dass Ihre vorherige Zustimmung erforderlich ist.<br \/>\n[\/vc_column_text][vc_empty_space][vc_column_text css=&#8220;&#8220;]<\/p>\n<h2>3 Tracker zur Reichweitenmessung, die von der Einwilligung ausgenommen sind<\/h2>\n<p>[\/vc_column_text][vc_empty_space][vc_column_text css=&#8220;&#8220;]Der Herausgeber verwendet Tracker zur Messung der Besucherzahl, die von einer Befreiung von der Einwilligung profitieren, da sie anonyme statistische Daten produzieren, die f\u00fcr den Betrieb der Website in \u00dcbereinstimmung mit <a href=\"https:\/\/www.cnil.fr\/fr\/cookies-et-autres-traceurs\/regles\/cookies-solutions-pour-les-outils-de-mesure-daudience\" target=\"_blank\" rel=\"noopener\"><strong>den Empfehlungen der franz\u00f6sischen Datenschutzbeh\u00f6rde CNIL<\/strong><\/a><em> erforderlich sind.<\/em>[\/vc_column_text][vc_empty_space][vc_raw_html css=&#8220;&#8220;]U2llIGhhYmVuIGplZGVyemVpdCBkaWUgTcO2Z2xpY2hrZWl0LCBkZXIgVmVyd2VuZHVuZyB6dSB3aWRlcnNwcmVjaGVuLCBpbmRlbSBTaWUgPGE+aGllcjwvYT4ga2xpY2tlbi4NCkR1cmNoIEtsaWNrZW4gYXVmIGRlbiBvYmlnZW4gTGluayB3aXJkIElociBXaWRlcnNwcnVjaCByZWdpc3RyaWVydC4gU2llIGvDtm5uZW4gZGllc2VuIEVpbndhbmQgcsO8Y2tnw6RuZ2lnIG1hY2hlbiwgaW5kZW0gU2llIGF1ZiBrbGlja2VuIHVuZCBJaHJlIEF1c3dhaGwgw6RuZGVybi4=[\/vc_raw_html][vc_empty_space][vc_column_text css=&#8220;&#8220;]<\/p>\n<h2>4 Verwalten Sie die Einzahlung und Nutzung von Trackern auf der Website<\/h2>\n<p>[\/vc_column_text][vc_empty_space][vc_column_text css=&#8220;&#8220;]Wenn Sie die Website zum ersten Mal von einem Terminal aus besuchen, wird Ihnen durch die Anzeige eines Informationsbanners und einer Konfigurationsschnittstelle angeboten, der Hinterlegung und\/oder Verwendung bestimmter Tracker durch den Herausgeber und\/oder seine Partner zuzustimmen oder abzulehnen. Wenn Sie ausdr\u00fccklich zustimmen, willigen Sie in die Hinterlegung und Auslesung der Tracker auf Ihrem Endger\u00e4t ein. Wenn Sie sich weigern, werden die einwilligungspflichtigen Tracker nicht auf Ihrem Ger\u00e4t gespeichert oder verwendet.<\/p>\n<p>&nbsp;<\/p>\n<p>Die Nutzer erkennen jedoch an, dass die Ablehnung von Trackern, die f\u00fcr das ordnungsgem\u00e4\u00dfe Funktionieren der Website unbedingt erforderlich sind, wahrscheinlich Auswirkungen auf ihre Nutzung der Website hat.<\/p>\n<p>&nbsp;<\/p>\n<p>Zus\u00e4tzlich zu der Wahl, die Sie bei Ihrem ersten Besuch von einem Terminal auf der Website aus getroffen haben, k\u00f6nnen Sie diese Auswahl jederzeit gem\u00e4\u00df den unten beschriebenen Verfahren \u00e4ndern:<\/p>\n<p>&nbsp;<\/p>\n<ul>\n<li><strong>Oder indem Sie Ihre Auswahl in unserem Tracker-Konfigurationsmodul auf der Website \u00e4ndern. <\/strong>Wenn Sie auf den Link &#8222;Cookie-Einstellungen festlegen&#8220; am unteren Rand der Website klicken, k\u00f6nnen Sie erneut auf die Anzeige der Konfigurationsoberfl\u00e4che zugreifen und haben so die M\u00f6glichkeit, der Hinterlegung und\/oder dem Auslesen von Trackern nach Zweck zuzustimmen oder abzulehnen.<\/li>\n<\/ul>\n<p>&nbsp;<\/p>\n<ul>\n<li><strong>Oder indem Sie Ihren Internetbrowser einstellen.\u00a0<\/strong>Sie k\u00f6nnen Ihren Browser so konfigurieren, dass er die Tracker, die auf Ihrem Ger\u00e4t hinterlegt sind oder abgelegt werden, identifiziert und so die Tracker von Fall zu Fall oder vollst\u00e4ndig systematisch akzeptiert oder ablehnt. Sie k\u00f6nnen Ihre Einstellungen je nach Browser konfigurieren, indem Sie auf die folgenden Links klicken:\n<ul>\n<li>F\u00fcr Chrome :\u00a0<a href=\"https:\/\/support.google.com\/chrome\/answer\/95647?hl=de&amp;co=GENIE.Platform%3DDesktop\" target=\"_blank\" rel=\"noopener\">https:\/\/support.google.com\/chrome\/answer\/95647?hl=de&amp;co=GENIE.Platform%3DDesktop<\/a><\/li>\n<li>F\u00fcr Firefox :\u00a0<a href=\"https:\/\/support.mozilla.org\/de\/kb\/cookies-informationen-websites-auf-ihrem-computer\" target=\"_blank\" rel=\"noopener\">https:\/\/support.mozilla.org\/de\/kb\/cookies-informationen-websites-auf-ihrem-computer<\/a><\/li>\n<li>F\u00fcr Safari :\u00a0<a href=\"https:\/\/support.apple.com\/de-de\/guide\/safari\/sfri11471\/mac\" target=\"_blank\" rel=\"noopener\">https:\/\/support.apple.com\/de-de\/guide\/safari\/sfri11471\/mac<\/a><\/li>\n<li>F\u00fcr Opera :\u00a0<a href=\"https:\/\/help.opera.com\/de\/latest\/web-preferences\/#cookies\" target=\"_blank\" rel=\"noopener\">https:\/\/help.opera.com\/de\/latest\/web-preferences\/#cookies<\/a><\/li>\n<li>F\u00fcr Edge : <a href=\"https:\/\/support.microsoft.com\/de-de\/windows\/verwalten-von-cookies-in-microsoft-edge-anzeigen-zulassen-blockieren-l%C3%B6schen-und-verwenden-168dab11-0753-043d-7c16-ede5947fc64d\" target=\"_blank\" rel=\"noopener\">https:\/\/support.microsoft.com\/de-de\/windows\/verwalten-von-cookies-in-microsoft-edge-anzeigen-zulassen-blockieren-l%C3%B6schen-und-verwenden-168dab11-0753-043d-7c16-ede5947fc64d<\/a><\/li>\n<\/ul>\n<\/li>\n<\/ul>\n<p>&nbsp;<\/p>\n<p>Diese Konfiguration unterscheidet sich auf Ihrem Mobilger\u00e4t oder Tablet.<\/p>\n<p>F\u00fcr iOS : <a href=\"https:\/\/support.apple.com\/de-de\/105082\" target=\"_blank\" rel=\"noopener\">https:\/\/support.apple.com\/de-de\/105082<\/a><br \/>\nF\u00fcr Android: <a href=\"https:\/\/support.google.com\/accounts\/answer\/61416?co=GENIE.Platform%3DAndroid&amp;hl=de\" target=\"_blank\" rel=\"noopener\">https:\/\/support.google.com\/accounts\/answer\/61416?co=GENIE.Platform%3DAndroid&amp;hl=de<\/a><\/p>\n<p>&nbsp;<\/p>\n<p>Die Einstellungen der verschiedenen Browser k\u00f6nnen sich \u00e4ndern. Bei Schwierigkeiten laden wir Sie ein, sich auf <a href=\"https:\/\/www.cnil.fr\/fr\/cookies-et-autres-traceurs\/comment-se-proteger\/maitriser-votre-navigateur#5554\" target=\"_blank\" rel=\"noopener\"><strong>die Empfehlungen der franz\u00f6sischen Datenschutzbeh\u00f6rde CNIL<\/strong><\/a><strong> zu beziehen,<\/strong> die Tools und Tipps zur Verf\u00fcgung stellt, um die Spuren Ihres Surfens im Internet in den verschiedenen Browsern zu begrenzen.[\/vc_column_text][\/vc_column][\/vc_row][vc_row css_animation=&#8220;&#8220; row_type=&#8220;row&#8220; use_row_as_full_screen_section=&#8220;no&#8220; type=&#8220;full_width&#8220; angled_section=&#8220;no&#8220; text_align=&#8220;left&#8220; background_image_as_pattern=&#8220;without_pattern&#8220; z_index=&#8220;&#8220;][vc_column][vc_raw_html css=&#8220;&#8220;]PGRpdiBjbGFzcz0icm93LWdyZXktYmFja2dyb3VuZCBib3R0b20iPjwvZGl2Pg==[\/vc_raw_html][vc_empty_space height=&#8220;200px&#8220;][\/vc_column][\/vc_row][vc_row css_animation=&#8220;&#8220; row_type=&#8220;row&#8220; use_row_as_full_screen_section=&#8220;no&#8220; type=&#8220;grid&#8220; angled_section=&#8220;no&#8220; text_align=&#8220;left&#8220; background_image_as_pattern=&#8220;without_pattern&#8220; z_index=&#8220;&#8220; el_class=&#8220;contact-footer-row&#8220; el_id=&#8220;newsletter&#8220;][vc_column el_class=&#8220;contact-footer-col&#8220;]\n<div class=\"wpcf7 no-js\" id=\"wpcf7-f38916-o1\" lang=\"de-DE\" dir=\"ltr\" data-wpcf7-id=\"38916\">\n<div class=\"screen-reader-response\"><p role=\"status\" aria-live=\"polite\" aria-atomic=\"true\"><\/p> <ul><\/ul><\/div>\n<form action=\"\/de\/wp-json\/wp\/v2\/pages\/43097#wpcf7-f38916-o1\" method=\"post\" class=\"wpcf7-form init default\" aria-label=\"Kontaktformular\" novalidate=\"novalidate\" data-status=\"init\">\n<fieldset class=\"hidden-fields-container\"><input type=\"hidden\" name=\"_wpcf7\" value=\"38916\" \/><input type=\"hidden\" name=\"_wpcf7_version\" value=\"6.1.1\" \/><input type=\"hidden\" name=\"_wpcf7_locale\" value=\"de_DE\" \/><input type=\"hidden\" name=\"_wpcf7_unit_tag\" value=\"wpcf7-f38916-o1\" \/><input type=\"hidden\" name=\"_wpcf7_container_post\" value=\"0\" \/><input type=\"hidden\" name=\"_wpcf7_posted_data_hash\" value=\"\" \/><input type=\"hidden\" name=\"_wpcf7cf_hidden_group_fields\" value=\"[]\" \/><input type=\"hidden\" name=\"_wpcf7cf_hidden_groups\" value=\"[]\" \/><input type=\"hidden\" name=\"_wpcf7cf_visible_groups\" value=\"[]\" \/><input type=\"hidden\" name=\"_wpcf7cf_repeaters\" value=\"[]\" \/><input type=\"hidden\" name=\"_wpcf7cf_steps\" value=\"{}\" \/><input type=\"hidden\" name=\"_wpcf7cf_options\" value=\"{&quot;form_id&quot;:38916,&quot;conditions&quot;:[{&quot;then_field&quot;:&quot;groupe-email-parent&quot;,&quot;and_rules&quot;:[{&quot;if_field&quot;:&quot;radio-age&quot;,&quot;operator&quot;:&quot;equals&quot;,&quot;if_value&quot;:&quot;Ich bin unter 15 Jahre alt&quot;}]}],&quot;settings&quot;:{&quot;animation&quot;:&quot;yes&quot;,&quot;animation_intime&quot;:200,&quot;animation_outtime&quot;:200,&quot;conditions_ui&quot;:&quot;normal&quot;,&quot;notice_dismissed&quot;:false,&quot;notice_dismissed_update-cf7-6.0.3&quot;:true}}\" \/>\n<\/fieldset>\n<div style=\"text-align: center;\">\n\t<h3 style=\" font-size: 45px;\"><span style=\"color: #E30521;\">Die Info-Epistula<\/span>\n\t<\/h3>\n\t<p style=\"font-size: 14px;line-height: normal;padding: 10px 0 15px;\"><strong>Die Info-Epistula von Asterix und Obelix wird Ihnen kostenlos von unserem Postboten Rohrpostix in Ihren elektronischen Briefkasten geliefert.<\/strong><br \/>\nSo k\u00f6nnen Sie immer die neuesten Informationen \u00fcber die Asterix-Alben, -Games, -Gewinnspiele und -Filme verfolgen.<br \/>\nAbonnieren ist ganz einfach: F\u00fcllen Sie einfach das untenstehende Formular aus!\n\t<\/p>\n<\/div>\n<div class=\"three_columns clearfix\">\n\t<div class=\"column1\">\n\t\t<div class=\"column_inner\">\n\t\t\t<p><span class=\"wpcf7-form-control-wrap\" data-name=\"firstName\"><input size=\"40\" maxlength=\"400\" class=\"wpcf7-form-control wpcf7-text wpcf7-validates-as-required\" aria-required=\"true\" aria-invalid=\"false\" placeholder=\"Vorname\" value=\"\" type=\"text\" name=\"firstName\" \/><\/span>\n\t\t\t<\/p>\n\t\t<\/div>\n\t<\/div>\n\t<div class=\"column2\">\n\t\t<div class=\"column_inner\">\n\t\t\t<p><span class=\"wpcf7-form-control-wrap\" data-name=\"nom\"><input size=\"40\" maxlength=\"400\" class=\"wpcf7-form-control wpcf7-text wpcf7-validates-as-required\" aria-required=\"true\" aria-invalid=\"false\" placeholder=\"Nachname\" value=\"\" type=\"text\" name=\"nom\" \/><\/span>\n\t\t\t<\/p>\n\t\t<\/div>\n\t<\/div>\n\t<div class=\"column3\">\n\t\t<div class=\"column_inner\">\n\t\t\t<p><span class=\"wpcf7-form-control-wrap\" data-name=\"email\"><input size=\"40\" maxlength=\"400\" class=\"wpcf7-form-control wpcf7-email wpcf7-validates-as-required wpcf7-text wpcf7-validates-as-email\" aria-required=\"true\" aria-invalid=\"false\" placeholder=\"E-Mail\" value=\"\" type=\"email\" name=\"email\" \/><\/span>\n\t\t\t<\/p>\n\t\t<\/div>\n\t<\/div>\n<\/div>\n<div class=\"column_inner\" style=\"text-align:center;\">\n\t<p><span class=\"wpcf7-form-control-wrap\" data-name=\"radio-age\"><span class=\"wpcf7-form-control wpcf7-radio\"><span class=\"wpcf7-list-item first\"><label><input type=\"radio\" name=\"radio-age\" value=\"Ich bin \u00fcber 15 Jahre alt\" \/><span class=\"wpcf7-list-item-label\">Ich bin \u00fcber 15 Jahre alt<\/span><\/label><\/span><span class=\"wpcf7-list-item last\"><label><input type=\"radio\" name=\"radio-age\" value=\"Ich bin unter 15 Jahre alt\" \/><span class=\"wpcf7-list-item-label\">Ich bin unter 15 Jahre alt<\/span><\/label><\/span><\/span><\/span>\n\t<\/p>\n<\/div>\n<div data-id=\"groupe-email-parent\" data-orig_data_id=\"groupe-email-parent\"  class=\"\" data-class=\"wpcf7cf_group\">\n\t<div class=\"three_columns clearfix\">\n\t\t<div class=\"column1\">\n\t\t\t<div class=\"column_inner\">\n\t\t\t\t<p>&nbsp;\n\t\t\t\t<\/p>\n\t\t\t<\/div>\n\t\t<\/div>\n\t\t<div class=\"column2\">\n\t\t\t<div class=\"column_inner\">\n\t\t\t\t<p><span class=\"wpcf7-form-control-wrap\" data-name=\"email-parent\"><input size=\"40\" maxlength=\"400\" class=\"wpcf7-form-control wpcf7-email wpcf7-validates-as-required wpcf7-text wpcf7-validates-as-email\" aria-required=\"true\" aria-invalid=\"false\" placeholder=\"E-Mail-Adresse der Eltern*\" value=\"\" type=\"email\" name=\"email-parent\" \/><\/span>\n\t\t\t\t<\/p>\n\t\t\t<\/div>\n\t\t<\/div>\n\t\t<div class=\"column3\">\n\t\t\t<div class=\"column_inner\">\n\t\t\t\t<p>&nbsp;\n\t\t\t\t<\/p>\n\t\t\t<\/div>\n\t\t<\/div>\n\t<\/div>\n<\/div>\n<div class=\"three_columns clearfix\">\n\t<div class=\"column1\">\n\t\t<div class=\"column_inner\">\n\t\t\t<p><span class=\"wpcf7-form-control-wrap\" data-name=\"language\"><select class=\"wpcf7-form-control wpcf7-select wpcf7-validates-as-required\" aria-required=\"true\" aria-invalid=\"false\" name=\"language\"><option value=\"\">Sprache<\/option><option value=\"Fran\u00e7ais\">Fran\u00e7ais<\/option><option value=\"English\">English<\/option><option value=\"Deutsch\">Deutsch<\/option><option value=\"Espa\u00f1ol\">Espa\u00f1ol<\/option><option value=\"Nederlands\">Nederlands<\/option><\/select><\/span>\n\t\t\t<\/p>\n\t\t<\/div>\n\t<\/div>\n\t<div class=\"column2\">\n\t\t<div class=\"column_inner\">\n\t\t\t<p><input class=\"wpcf7-form-control wpcf7-submit has-spinner\" type=\"submit\" value=\"SENDEN\" \/>\n\t\t\t<\/p>\n\t\t<\/div>\n\t<\/div>\n<\/div>\n<div style=\"text-align: center;\">\n\t<p style=\"font-size: 11px;line-height: normal;padding-top: 25px;\">Ihre E-Mail-Adresse wird ausschlie\u00dflich dazu verwendet, Ihnen Informationen \u00fcber Neuigkeiten von Asterix zuzusenden.<br \/>\nSie k\u00f6nnen sich jederzeit abmelden. F\u00fcr weitere Informationen <a href=\"https:\/\/asterix.com\/de\/datenschutzrichtlinie\/\" target=\"_blank\" style=\"color: #E30521;\">klicken Sie hier<\/a>.\n\t<\/p>\n<\/div><input type='hidden' class='wpcf7-pum' value='{\"closepopup\":false,\"closedelay\":0,\"openpopup\":false,\"openpopup_id\":0}' \/><div class=\"wpcf7-response-output\" aria-hidden=\"true\"><\/div>\n<\/form>\n<\/div>\n[\/vc_column][\/vc_row]<\/p>\n<\/div>","protected":false},"excerpt":{"rendered":"<p>[vc_row css_animation=&#8220;&#8220; row_type=&#8220;row&#8220; use_row_as_full_screen_section=&#8220;no&#8220; type=&#8220;grid&#8220; angled_section=&#8220;no&#8220; text_align=&#8220;left&#8220; background_image_as_pattern=&#8220;without_pattern&#8220; z_index=&#8220;&#8220;][vc_column][vc_empty_space height=&#8220;80px&#8220;][vc_raw_html css=&#8220;&#8220;]PGRpdiBjbGFzcz0icm93LWdyZXktYmFja2dyb3VuZCBoZWFkZXIiPjwvZGl2Pg==[\/vc_raw_html][vc_column_text css=&#8220;&#8220;] Cookie-Richtlinie [\/vc_column_text][vc_empty_space height=&#8220;15px&#8220;][vc_column_text css=&#8220;&#8220;]Aktualisiert am 25\/03\/2025 [\/vc_column_text][vc_empty_space height=&#8220;80px&#8220;][\/vc_column][\/vc_row][vc_row css_animation=&#8220;&#8220; row_type=&#8220;row&#8220; use_row_as_full_screen_section=&#8220;no&#8220; type=&#8220;grid&#8220; angled_section=&#8220;no&#8220; text_align=&#8220;left&#8220; background_image_as_pattern=&#8220;without_pattern&#8220; z_index=&#8220;&#8220;][vc_column][vc_column_text css=&#8220;&#8220;] 1 Definition von Tracern [\/vc_column_text][vc_empty_space][vc_column_text css=&#8220;&#8220;]Der Begriff &#8222;Tracker&#8220;, auch als &#8222;Cookies&#8220; bekannt, bezieht sich auf eine&#8230;<\/p>\n","protected":false},"author":10,"featured_media":0,"parent":0,"menu_order":0,"comment_status":"closed","ping_status":"closed","template":"full_width.php","meta":{"_acf_changed":false,"footnotes":"","_wp_rev_ctl_limit":""},"class_list":["post-43097","page","type-page","status-publish","hentry"],"acf":[],"yoast_head":"<!-- This site is optimized with the Yoast SEO plugin v26.7 - https:\/\/yoast.com\/wordpress\/plugins\/seo\/ -->\n<title>Cookie-Richtlinie - Ast\u00e9rix<\/title>\n<meta name=\"robots\" content=\"index, follow, max-snippet:-1, max-image-preview:large, max-video-preview:-1\" \/>\n<link rel=\"canonical\" href=\"https:\/\/asterix.com\/de\/cookie-richtlinie\/\" \/>\n<meta property=\"og:locale\" content=\"de_DE\" \/>\n<meta property=\"og:type\" content=\"article\" \/>\n<meta property=\"og:title\" content=\"Cookie-Richtlinie - Ast\u00e9rix\" \/>\n<meta property=\"og:description\" content=\"[vc_row css_animation=&#8220;&#8220; row_type=&#8220;row&#8220; use_row_as_full_screen_section=&#8220;no&#8220; type=&#8220;grid&#8220; angled_section=&#8220;no&#8220; text_align=&#8220;left&#8220; background_image_as_pattern=&#8220;without_pattern&#8220; z_index=&#8220;&#8220;][vc_column][vc_empty_space height=&#8220;80px&#8220;][vc_raw_html css=&#8220;&#8220;]PGRpdiBjbGFzcz0icm93LWdyZXktYmFja2dyb3VuZCBoZWFkZXIiPjwvZGl2Pg==[\/vc_raw_html][vc_column_text css=&#8220;&#8220;] Cookie-Richtlinie [\/vc_column_text][vc_empty_space height=&#8220;15px&#8220;][vc_column_text css=&#8220;&#8220;]Aktualisiert am 25\/03\/2025 [\/vc_column_text][vc_empty_space height=&#8220;80px&#8220;][\/vc_column][\/vc_row][vc_row css_animation=&#8220;&#8220; row_type=&#8220;row&#8220; use_row_as_full_screen_section=&#8220;no&#8220; type=&#8220;grid&#8220; angled_section=&#8220;no&#8220; text_align=&#8220;left&#8220; background_image_as_pattern=&#8220;without_pattern&#8220; z_index=&#8220;&#8220;][vc_column][vc_column_text css=&#8220;&#8220;] 1 Definition von Tracern [\/vc_column_text][vc_empty_space][vc_column_text css=&#8220;&#8220;]Der Begriff &#8222;Tracker&#8220;, auch als &#8222;Cookies&#8220; bekannt, bezieht sich auf eine...\" \/>\n<meta property=\"og:url\" content=\"https:\/\/asterix.com\/de\/cookie-richtlinie\/\" \/>\n<meta property=\"og:site_name\" content=\"Ast\u00e9rix\" \/>\n<meta property=\"article:modified_time\" content=\"2025-09-14T21:36:13+00:00\" \/>\n<meta name=\"twitter:card\" content=\"summary_large_image\" \/>\n<meta name=\"twitter:label1\" content=\"Gesch\u00e4tzte Lesezeit\" \/>\n\t<meta name=\"twitter:data1\" content=\"4\u00a0Minuten\" \/>\n<script type=\"application\/ld+json\" class=\"yoast-schema-graph\">{\"@context\":\"https:\/\/schema.org\",\"@graph\":[{\"@type\":\"WebPage\",\"@id\":\"https:\/\/asterix.com\/de\/cookie-richtlinie\/\",\"url\":\"https:\/\/asterix.com\/de\/cookie-richtlinie\/\",\"name\":\"Cookie-Richtlinie - Ast\u00e9rix\",\"isPartOf\":{\"@id\":\"https:\/\/asterix.com\/de\/#website\"},\"datePublished\":\"2025-01-30T08:20:08+00:00\",\"dateModified\":\"2025-09-14T21:36:13+00:00\",\"breadcrumb\":{\"@id\":\"https:\/\/asterix.com\/de\/cookie-richtlinie\/#breadcrumb\"},\"inLanguage\":\"de\",\"potentialAction\":[{\"@type\":\"ReadAction\",\"target\":[\"https:\/\/asterix.com\/de\/cookie-richtlinie\/\"]}]},{\"@type\":\"BreadcrumbList\",\"@id\":\"https:\/\/asterix.com\/de\/cookie-richtlinie\/#breadcrumb\",\"itemListElement\":[{\"@type\":\"ListItem\",\"position\":1,\"name\":\"Accueil\",\"item\":\"https:\/\/asterix.com\/de\/\"},{\"@type\":\"ListItem\",\"position\":2,\"name\":\"Cookie-Richtlinie\"}]},{\"@type\":\"WebSite\",\"@id\":\"https:\/\/asterix.com\/de\/#website\",\"url\":\"https:\/\/asterix.com\/de\/\",\"name\":\"Ast\u00e9rix\",\"description\":\"Le site officiel\",\"potentialAction\":[{\"@type\":\"SearchAction\",\"target\":{\"@type\":\"EntryPoint\",\"urlTemplate\":\"https:\/\/asterix.com\/de\/?s={search_term_string}\"},\"query-input\":{\"@type\":\"PropertyValueSpecification\",\"valueRequired\":true,\"valueName\":\"search_term_string\"}}],\"inLanguage\":\"de\"}]}<\/script>\n<!-- \/ Yoast SEO plugin. -->","yoast_head_json":{"title":"Cookie-Richtlinie - Ast\u00e9rix","robots":{"index":"index","follow":"follow","max-snippet":"max-snippet:-1","max-image-preview":"max-image-preview:large","max-video-preview":"max-video-preview:-1"},"canonical":"https:\/\/asterix.com\/de\/cookie-richtlinie\/","og_locale":"de_DE","og_type":"article","og_title":"Cookie-Richtlinie - Ast\u00e9rix","og_description":"[vc_row css_animation=&#8220;&#8220; row_type=&#8220;row&#8220; use_row_as_full_screen_section=&#8220;no&#8220; type=&#8220;grid&#8220; angled_section=&#8220;no&#8220; text_align=&#8220;left&#8220; background_image_as_pattern=&#8220;without_pattern&#8220; z_index=&#8220;&#8220;][vc_column][vc_empty_space height=&#8220;80px&#8220;][vc_raw_html css=&#8220;&#8220;]PGRpdiBjbGFzcz0icm93LWdyZXktYmFja2dyb3VuZCBoZWFkZXIiPjwvZGl2Pg==[\/vc_raw_html][vc_column_text css=&#8220;&#8220;] Cookie-Richtlinie [\/vc_column_text][vc_empty_space height=&#8220;15px&#8220;][vc_column_text css=&#8220;&#8220;]Aktualisiert am 25\/03\/2025 [\/vc_column_text][vc_empty_space height=&#8220;80px&#8220;][\/vc_column][\/vc_row][vc_row css_animation=&#8220;&#8220; row_type=&#8220;row&#8220; use_row_as_full_screen_section=&#8220;no&#8220; type=&#8220;grid&#8220; angled_section=&#8220;no&#8220; text_align=&#8220;left&#8220; background_image_as_pattern=&#8220;without_pattern&#8220; z_index=&#8220;&#8220;][vc_column][vc_column_text css=&#8220;&#8220;] 1 Definition von Tracern [\/vc_column_text][vc_empty_space][vc_column_text css=&#8220;&#8220;]Der Begriff &#8222;Tracker&#8220;, auch als &#8222;Cookies&#8220; bekannt, bezieht sich auf eine...","og_url":"https:\/\/asterix.com\/de\/cookie-richtlinie\/","og_site_name":"Ast\u00e9rix","article_modified_time":"2025-09-14T21:36:13+00:00","twitter_card":"summary_large_image","twitter_misc":{"Gesch\u00e4tzte Lesezeit":"4\u00a0Minuten"},"schema":{"@context":"https:\/\/schema.org","@graph":[{"@type":"WebPage","@id":"https:\/\/asterix.com\/de\/cookie-richtlinie\/","url":"https:\/\/asterix.com\/de\/cookie-richtlinie\/","name":"Cookie-Richtlinie - Ast\u00e9rix","isPartOf":{"@id":"https:\/\/asterix.com\/de\/#website"},"datePublished":"2025-01-30T08:20:08+00:00","dateModified":"2025-09-14T21:36:13+00:00","breadcrumb":{"@id":"https:\/\/asterix.com\/de\/cookie-richtlinie\/#breadcrumb"},"inLanguage":"de","potentialAction":[{"@type":"ReadAction","target":["https:\/\/asterix.com\/de\/cookie-richtlinie\/"]}]},{"@type":"BreadcrumbList","@id":"https:\/\/asterix.com\/de\/cookie-richtlinie\/#breadcrumb","itemListElement":[{"@type":"ListItem","position":1,"name":"Accueil","item":"https:\/\/asterix.com\/de\/"},{"@type":"ListItem","position":2,"name":"Cookie-Richtlinie"}]},{"@type":"WebSite","@id":"https:\/\/asterix.com\/de\/#website","url":"https:\/\/asterix.com\/de\/","name":"Ast\u00e9rix","description":"Le site officiel","potentialAction":[{"@type":"SearchAction","target":{"@type":"EntryPoint","urlTemplate":"https:\/\/asterix.com\/de\/?s={search_term_string}"},"query-input":{"@type":"PropertyValueSpecification","valueRequired":true,"valueName":"search_term_string"}}],"inLanguage":"de"}]}},"_links":{"self":[{"href":"https:\/\/asterix.com\/de\/wp-json\/wp\/v2\/pages\/43097","targetHints":{"allow":["GET"]}}],"collection":[{"href":"https:\/\/asterix.com\/de\/wp-json\/wp\/v2\/pages"}],"about":[{"href":"https:\/\/asterix.com\/de\/wp-json\/wp\/v2\/types\/page"}],"author":[{"embeddable":true,"href":"https:\/\/asterix.com\/de\/wp-json\/wp\/v2\/users\/10"}],"replies":[{"embeddable":true,"href":"https:\/\/asterix.com\/de\/wp-json\/wp\/v2\/comments?post=43097"}],"version-history":[{"count":2,"href":"https:\/\/asterix.com\/de\/wp-json\/wp\/v2\/pages\/43097\/revisions"}],"predecessor-version":[{"id":45154,"href":"https:\/\/asterix.com\/de\/wp-json\/wp\/v2\/pages\/43097\/revisions\/45154"}],"wp:attachment":[{"href":"https:\/\/asterix.com\/de\/wp-json\/wp\/v2\/media?parent=43097"}],"curies":[{"name":"wp","href":"https:\/\/api.w.org\/{rel}","templated":true}]}}