{"id":43345,"date":"2025-04-10T17:26:21","date_gmt":"2025-04-10T15:26:21","guid":{"rendered":"https:\/\/asterix.com\/impressum\/"},"modified":"2025-09-14T23:44:43","modified_gmt":"2025-09-14T21:44:43","slug":"impressum","status":"publish","type":"page","link":"https:\/\/asterix.com\/de\/impressum\/","title":{"rendered":"Impressum"},"content":{"rendered":"<div class=\"wpb-content-wrapper\"><p>[vc_row css_animation=&#8220;&#8220; row_type=&#8220;row&#8220; use_row_as_full_screen_section=&#8220;no&#8220; type=&#8220;grid&#8220; angled_section=&#8220;no&#8220; text_align=&#8220;left&#8220; background_image_as_pattern=&#8220;without_pattern&#8220; z_index=&#8220;&#8220;][vc_column][vc_empty_space height=&#8220;80px&#8220;][vc_raw_html css=&#8220;&#8220;]PGRpdiBjbGFzcz0icm93LWdyZXktYmFja2dyb3VuZCBoZWFkZXIiPjwvZGl2Pg==[\/vc_raw_html][vc_column_text css=&#8220;&#8220;]<\/p>\n<h1>Impressum<\/h1>\n<p>[\/vc_column_text][vc_empty_space height=&#8220;15px&#8220;][vc_column_text css=&#8220;&#8220;]Letzte Aktualisierung: 14. M\u00e4rz 2025[\/vc_column_text][vc_empty_space height=&#8220;80px&#8220;][\/vc_column][\/vc_row][vc_row css_animation=&#8220;&#8220; row_type=&#8220;row&#8220; use_row_as_full_screen_section=&#8220;no&#8220; type=&#8220;grid&#8220; angled_section=&#8220;no&#8220; text_align=&#8220;left&#8220; background_image_as_pattern=&#8220;without_pattern&#8220; z_index=&#8220;&#8220;][vc_column][vc_column_text css=&#8220;&#8220;]<\/p>\n<h2>1 Herausgeber der Website<\/h2>\n<p>[\/vc_column_text][vc_empty_space][vc_column_text css=&#8220;&#8220;]Sie sind derzeit mit der offiziellen Website von Asterix dem Gallier verbunden (im Folgenden &#8222;die Website&#8220;), erreichbar unter www.asterix.com.<\/p>\n<p>&nbsp;<\/p>\n<p>Die Website wird herausgegeben von den Editions Albert Ren\u00e9, einer Gesellschaft mit beschr\u00e4nkter Haftung (SARL) mit einem Kapital von 184.000 \u20ac, eingetragen im Handels- und Firmenregister von Nanterre unter der Nummer 950 026 757, mit Sitz in 58, rue Jean BLEUZEN, 92178 Vanves Cedex, Mehrwertsteuernummer FR 93 950 026 757, vertreten durch C\u00e9leste SURUGUE in ihrer Funktion als Gesch\u00e4ftsf\u00fchrerin und Herausgeberin.<\/p>\n<p>Telefonnummer: +33 (0)1 43 92 39 80<\/p>\n<p>&nbsp;<\/p>\n<p>(Im Folgenden \u201eder Herausgeber\u201c)[\/vc_column_text][vc_empty_space][vc_column_text css=&#8220;&#8220;]<\/p>\n<h2>2 Kontakt<\/h2>\n<p>[\/vc_column_text][vc_empty_space][vc_column_text css=&#8220;&#8220;]Les Editions Albert Ren\u00e9, Immeuble Louis Hachette, 58 rue Jean Bleuzen, CS 70007 92178 VANVES, Frankreich<\/p>\n<p>Telefonnummer: +33 (0)1 43 92 39 80<\/p>\n<p>E-Mail: contact@asterix.com<\/p>\n<p>&nbsp;<\/p>\n<p>Les Editions Albert Ren\u00e9, eine Gesellschaft mit beschr\u00e4nkter Haftung (SARL) mit einem Kapital von 184.000 \u20ac, eingetragen im Handels- und Firmenregister von Nanterre unter der Nummer 950 026 757, mit Sitz in 58, rue Jean BLEUZEN, 92178 Vanves Cedex, Mehrwertsteuernummer FR 93 950 026 757.[\/vc_column_text][vc_empty_space][vc_column_text css=&#8220;&#8220;]<\/p>\n<h2>3 Hosting der Website<\/h2>\n<p>[\/vc_column_text][vc_empty_space][vc_column_text css=&#8220;&#8220;]Gem\u00e4\u00df Artikel 6 des Gesetzes Nr. 2004-575 vom 21. Juni 2004 zur Vertrauensbildung in der digitalen Wirtschaft, werden die Nutzer der Website https:\/\/asterix.com \u00fcber die Identit\u00e4t der verschiedenen Beteiligten bei der Erstellung und Verwaltung der Website informiert:<\/p>\n<p>&nbsp;<\/p>\n<p>Eigent\u00fcmer: Les Editions Albert Ren\u00e9, SARL mit einem Kapital von 184.000 \u20ac, eingetragen im Handels- und Firmenregister von Nanterre unter der Nummer 950 026 757, mit Sitz in 58, rue Jean BLEUZEN, 92178 Vanves Cedex, Mehrwertsteuernummer FR 93 950 026 757<\/p>\n<p>&nbsp;<\/p>\n<p>Verantwortlicher f\u00fcr die Ver\u00f6ffentlichung: C\u00e9leste SURUGUE<\/p>\n<p>&nbsp;<\/p>\n<p>Hoster: OVH \u2013 2 rue Kellermann, 59100 Roubaix, Frankreich, Telefonnummer: 1007<\/p>\n<p>&nbsp;<\/p>\n<p>Datenschutzbeauftragter: contact@asterix.com[\/vc_column_text][vc_empty_space][vc_column_text css=&#8220;&#8220;]<\/p>\n<h2>4 Credits \u2013 Website-Design und Illustrationen<\/h2>\n<p>[\/vc_column_text][vc_empty_space][vc_column_text css=&#8220;&#8220;]Die Website wurde von Les Editions Albert Ren\u00e9 entworfen und produziert, die alle Nutzungsrechte an den Elementen besitzen, die das Universum von Asterix dem Gallier ausmachen, einschlie\u00dflich Marken, Zeichnungen, Titel, Schriftarten, Charakterdarstellungen usw.<\/p>\n<p>&nbsp;<\/p>\n<p>Erstellung und Produktion: Tand&#8217;M Company, Telefon: 01 42 61 62 63, Website: <a href=\"https:\/\/tand-m.com\" target=\"_blank\" rel=\"noopener\">https:\/\/tand-m.com<\/a>[\/vc_column_text][vc_empty_space height=&#8220;60px&#8220;][\/vc_column][\/vc_row][vc_row css_animation=&#8220;&#8220; row_type=&#8220;row&#8220; use_row_as_full_screen_section=&#8220;no&#8220; type=&#8220;full_width&#8220; angled_section=&#8220;no&#8220; text_align=&#8220;left&#8220; background_image_as_pattern=&#8220;without_pattern&#8220; z_index=&#8220;&#8220;][vc_column][vc_raw_html css=&#8220;&#8220;]PGRpdiBjbGFzcz0icm93LWdyZXktYmFja2dyb3VuZCBib3R0b20iPjwvZGl2Pg==[\/vc_raw_html][vc_empty_space height=&#8220;200px&#8220;][\/vc_column][\/vc_row][vc_row css_animation=&#8220;&#8220; row_type=&#8220;row&#8220; use_row_as_full_screen_section=&#8220;no&#8220; type=&#8220;grid&#8220; angled_section=&#8220;no&#8220; text_align=&#8220;left&#8220; background_image_as_pattern=&#8220;without_pattern&#8220; z_index=&#8220;&#8220; el_class=&#8220;contact-footer-row&#8220; el_id=&#8220;newsletter&#8220;][vc_column el_class=&#8220;contact-footer-col&#8220;]\n<div class=\"wpcf7 no-js\" id=\"wpcf7-f38916-o1\" lang=\"de-DE\" dir=\"ltr\" data-wpcf7-id=\"38916\">\n<div class=\"screen-reader-response\"><p role=\"status\" aria-live=\"polite\" aria-atomic=\"true\"><\/p> <ul><\/ul><\/div>\n<form action=\"\/de\/wp-json\/wp\/v2\/pages\/43345#wpcf7-f38916-o1\" method=\"post\" class=\"wpcf7-form init default\" aria-label=\"Kontaktformular\" novalidate=\"novalidate\" data-status=\"init\">\n<fieldset class=\"hidden-fields-container\"><input type=\"hidden\" name=\"_wpcf7\" value=\"38916\" \/><input type=\"hidden\" name=\"_wpcf7_version\" value=\"6.1.1\" \/><input type=\"hidden\" name=\"_wpcf7_locale\" value=\"de_DE\" \/><input type=\"hidden\" name=\"_wpcf7_unit_tag\" value=\"wpcf7-f38916-o1\" \/><input type=\"hidden\" name=\"_wpcf7_container_post\" value=\"0\" \/><input type=\"hidden\" name=\"_wpcf7_posted_data_hash\" value=\"\" \/><input type=\"hidden\" name=\"_wpcf7cf_hidden_group_fields\" value=\"[]\" \/><input type=\"hidden\" name=\"_wpcf7cf_hidden_groups\" value=\"[]\" \/><input type=\"hidden\" name=\"_wpcf7cf_visible_groups\" value=\"[]\" \/><input type=\"hidden\" name=\"_wpcf7cf_repeaters\" value=\"[]\" \/><input type=\"hidden\" name=\"_wpcf7cf_steps\" value=\"{}\" \/><input type=\"hidden\" name=\"_wpcf7cf_options\" value=\"{&quot;form_id&quot;:38916,&quot;conditions&quot;:[{&quot;then_field&quot;:&quot;groupe-email-parent&quot;,&quot;and_rules&quot;:[{&quot;if_field&quot;:&quot;radio-age&quot;,&quot;operator&quot;:&quot;equals&quot;,&quot;if_value&quot;:&quot;Ich bin unter 15 Jahre alt&quot;}]}],&quot;settings&quot;:{&quot;animation&quot;:&quot;yes&quot;,&quot;animation_intime&quot;:200,&quot;animation_outtime&quot;:200,&quot;conditions_ui&quot;:&quot;normal&quot;,&quot;notice_dismissed&quot;:false,&quot;notice_dismissed_update-cf7-6.0.3&quot;:true}}\" \/>\n<\/fieldset>\n<div style=\"text-align: center;\">\n\t<h3 style=\" font-size: 45px;\"><span style=\"color: #E30521;\">Die Info-Epistula<\/span>\n\t<\/h3>\n\t<p style=\"font-size: 14px;line-height: normal;padding: 10px 0 15px;\"><strong>Die Info-Epistula von Asterix und Obelix wird Ihnen kostenlos von unserem Postboten Rohrpostix in Ihren elektronischen Briefkasten geliefert.<\/strong><br \/>\nSo k\u00f6nnen Sie immer die neuesten Informationen \u00fcber die Asterix-Alben, -Games, -Gewinnspiele und -Filme verfolgen.<br \/>\nAbonnieren ist ganz einfach: F\u00fcllen Sie einfach das untenstehende Formular aus!\n\t<\/p>\n<\/div>\n<div class=\"three_columns clearfix\">\n\t<div class=\"column1\">\n\t\t<div class=\"column_inner\">\n\t\t\t<p><span class=\"wpcf7-form-control-wrap\" data-name=\"firstName\"><input size=\"40\" maxlength=\"400\" class=\"wpcf7-form-control wpcf7-text wpcf7-validates-as-required\" aria-required=\"true\" aria-invalid=\"false\" placeholder=\"Vorname\" value=\"\" type=\"text\" name=\"firstName\" \/><\/span>\n\t\t\t<\/p>\n\t\t<\/div>\n\t<\/div>\n\t<div class=\"column2\">\n\t\t<div class=\"column_inner\">\n\t\t\t<p><span class=\"wpcf7-form-control-wrap\" data-name=\"nom\"><input size=\"40\" maxlength=\"400\" class=\"wpcf7-form-control wpcf7-text wpcf7-validates-as-required\" aria-required=\"true\" aria-invalid=\"false\" placeholder=\"Nachname\" value=\"\" type=\"text\" name=\"nom\" \/><\/span>\n\t\t\t<\/p>\n\t\t<\/div>\n\t<\/div>\n\t<div class=\"column3\">\n\t\t<div class=\"column_inner\">\n\t\t\t<p><span class=\"wpcf7-form-control-wrap\" data-name=\"email\"><input size=\"40\" maxlength=\"400\" class=\"wpcf7-form-control wpcf7-email wpcf7-validates-as-required wpcf7-text wpcf7-validates-as-email\" aria-required=\"true\" aria-invalid=\"false\" placeholder=\"E-Mail\" value=\"\" type=\"email\" name=\"email\" \/><\/span>\n\t\t\t<\/p>\n\t\t<\/div>\n\t<\/div>\n<\/div>\n<div class=\"column_inner\" style=\"text-align:center;\">\n\t<p><span class=\"wpcf7-form-control-wrap\" data-name=\"radio-age\"><span class=\"wpcf7-form-control wpcf7-radio\"><span class=\"wpcf7-list-item first\"><label><input type=\"radio\" name=\"radio-age\" value=\"Ich bin \u00fcber 15 Jahre alt\" \/><span class=\"wpcf7-list-item-label\">Ich bin \u00fcber 15 Jahre alt<\/span><\/label><\/span><span class=\"wpcf7-list-item last\"><label><input type=\"radio\" name=\"radio-age\" value=\"Ich bin unter 15 Jahre alt\" \/><span class=\"wpcf7-list-item-label\">Ich bin unter 15 Jahre alt<\/span><\/label><\/span><\/span><\/span>\n\t<\/p>\n<\/div>\n<div data-id=\"groupe-email-parent\" data-orig_data_id=\"groupe-email-parent\"  class=\"\" data-class=\"wpcf7cf_group\">\n\t<div class=\"three_columns clearfix\">\n\t\t<div class=\"column1\">\n\t\t\t<div class=\"column_inner\">\n\t\t\t\t<p>&nbsp;\n\t\t\t\t<\/p>\n\t\t\t<\/div>\n\t\t<\/div>\n\t\t<div class=\"column2\">\n\t\t\t<div class=\"column_inner\">\n\t\t\t\t<p><span class=\"wpcf7-form-control-wrap\" data-name=\"email-parent\"><input size=\"40\" maxlength=\"400\" class=\"wpcf7-form-control wpcf7-email wpcf7-validates-as-required wpcf7-text wpcf7-validates-as-email\" aria-required=\"true\" aria-invalid=\"false\" placeholder=\"E-Mail-Adresse der Eltern*\" value=\"\" type=\"email\" name=\"email-parent\" \/><\/span>\n\t\t\t\t<\/p>\n\t\t\t<\/div>\n\t\t<\/div>\n\t\t<div class=\"column3\">\n\t\t\t<div class=\"column_inner\">\n\t\t\t\t<p>&nbsp;\n\t\t\t\t<\/p>\n\t\t\t<\/div>\n\t\t<\/div>\n\t<\/div>\n<\/div>\n<div class=\"three_columns clearfix\">\n\t<div class=\"column1\">\n\t\t<div class=\"column_inner\">\n\t\t\t<p><span class=\"wpcf7-form-control-wrap\" data-name=\"language\"><select class=\"wpcf7-form-control wpcf7-select wpcf7-validates-as-required\" aria-required=\"true\" aria-invalid=\"false\" name=\"language\"><option value=\"\">Sprache<\/option><option value=\"Fran\u00e7ais\">Fran\u00e7ais<\/option><option value=\"English\">English<\/option><option value=\"Deutsch\">Deutsch<\/option><option value=\"Espa\u00f1ol\">Espa\u00f1ol<\/option><option value=\"Nederlands\">Nederlands<\/option><\/select><\/span>\n\t\t\t<\/p>\n\t\t<\/div>\n\t<\/div>\n\t<div class=\"column2\">\n\t\t<div class=\"column_inner\">\n\t\t\t<p><input class=\"wpcf7-form-control wpcf7-submit has-spinner\" type=\"submit\" value=\"SENDEN\" \/>\n\t\t\t<\/p>\n\t\t<\/div>\n\t<\/div>\n<\/div>\n<div style=\"text-align: center;\">\n\t<p style=\"font-size: 11px;line-height: normal;padding-top: 25px;\">Ihre E-Mail-Adresse wird ausschlie\u00dflich dazu verwendet, Ihnen Informationen \u00fcber Neuigkeiten von Asterix zuzusenden.<br \/>\nSie k\u00f6nnen sich jederzeit abmelden. F\u00fcr weitere Informationen <a href=\"https:\/\/asterix.com\/de\/datenschutzrichtlinie\/\" target=\"_blank\" style=\"color: #E30521;\">klicken Sie hier<\/a>.\n\t<\/p>\n<\/div><input type='hidden' class='wpcf7-pum' value='{\"closepopup\":false,\"closedelay\":0,\"openpopup\":false,\"openpopup_id\":0}' \/><div class=\"wpcf7-response-output\" aria-hidden=\"true\"><\/div>\n<\/form>\n<\/div>\n[\/vc_column][\/vc_row]<\/p>\n<\/div>","protected":false},"excerpt":{"rendered":"<p>[vc_row css_animation=&#8220;&#8220; row_type=&#8220;row&#8220; use_row_as_full_screen_section=&#8220;no&#8220; type=&#8220;grid&#8220; angled_section=&#8220;no&#8220; text_align=&#8220;left&#8220; background_image_as_pattern=&#8220;without_pattern&#8220; z_index=&#8220;&#8220;][vc_column][vc_empty_space height=&#8220;80px&#8220;][vc_raw_html css=&#8220;&#8220;]PGRpdiBjbGFzcz0icm93LWdyZXktYmFja2dyb3VuZCBoZWFkZXIiPjwvZGl2Pg==[\/vc_raw_html][vc_column_text css=&#8220;&#8220;] Impressum [\/vc_column_text][vc_empty_space height=&#8220;15px&#8220;][vc_column_text css=&#8220;&#8220;]Letzte Aktualisierung: 14. M\u00e4rz 2025[\/vc_column_text][vc_empty_space height=&#8220;80px&#8220;][\/vc_column][\/vc_row][vc_row css_animation=&#8220;&#8220; row_type=&#8220;row&#8220; use_row_as_full_screen_section=&#8220;no&#8220; type=&#8220;grid&#8220; angled_section=&#8220;no&#8220; text_align=&#8220;left&#8220; background_image_as_pattern=&#8220;without_pattern&#8220; z_index=&#8220;&#8220;][vc_column][vc_column_text css=&#8220;&#8220;] 1 Herausgeber der Website [\/vc_column_text][vc_empty_space][vc_column_text css=&#8220;&#8220;]Sie sind derzeit mit der offiziellen Website von Asterix dem&#8230;<\/p>\n","protected":false},"author":1,"featured_media":0,"parent":0,"menu_order":0,"comment_status":"closed","ping_status":"closed","template":"full_width.php","meta":{"_acf_changed":false,"footnotes":"","_wp_rev_ctl_limit":""},"class_list":["post-43345","page","type-page","status-publish","hentry"],"acf":[],"yoast_head":"<!-- This site is optimized with the Yoast SEO plugin v26.7 - https:\/\/yoast.com\/wordpress\/plugins\/seo\/ -->\n<title>Impressum - Ast\u00e9rix<\/title>\n<meta name=\"robots\" content=\"index, follow, max-snippet:-1, max-image-preview:large, max-video-preview:-1\" \/>\n<link rel=\"canonical\" href=\"https:\/\/asterix.com\/de\/impressum\/\" \/>\n<meta property=\"og:locale\" content=\"de_DE\" \/>\n<meta property=\"og:type\" content=\"article\" \/>\n<meta property=\"og:title\" content=\"Impressum - Ast\u00e9rix\" \/>\n<meta property=\"og:description\" content=\"[vc_row css_animation=&#8220;&#8220; row_type=&#8220;row&#8220; use_row_as_full_screen_section=&#8220;no&#8220; type=&#8220;grid&#8220; angled_section=&#8220;no&#8220; text_align=&#8220;left&#8220; background_image_as_pattern=&#8220;without_pattern&#8220; z_index=&#8220;&#8220;][vc_column][vc_empty_space height=&#8220;80px&#8220;][vc_raw_html css=&#8220;&#8220;]PGRpdiBjbGFzcz0icm93LWdyZXktYmFja2dyb3VuZCBoZWFkZXIiPjwvZGl2Pg==[\/vc_raw_html][vc_column_text css=&#8220;&#8220;] Impressum [\/vc_column_text][vc_empty_space height=&#8220;15px&#8220;][vc_column_text css=&#8220;&#8220;]Letzte Aktualisierung: 14. M\u00e4rz 2025[\/vc_column_text][vc_empty_space height=&#8220;80px&#8220;][\/vc_column][\/vc_row][vc_row css_animation=&#8220;&#8220; row_type=&#8220;row&#8220; use_row_as_full_screen_section=&#8220;no&#8220; type=&#8220;grid&#8220; angled_section=&#8220;no&#8220; text_align=&#8220;left&#8220; background_image_as_pattern=&#8220;without_pattern&#8220; z_index=&#8220;&#8220;][vc_column][vc_column_text css=&#8220;&#8220;] 1 Herausgeber der Website [\/vc_column_text][vc_empty_space][vc_column_text css=&#8220;&#8220;]Sie sind derzeit mit der offiziellen Website von Asterix dem...\" \/>\n<meta property=\"og:url\" content=\"https:\/\/asterix.com\/de\/impressum\/\" \/>\n<meta property=\"og:site_name\" content=\"Ast\u00e9rix\" \/>\n<meta property=\"article:modified_time\" content=\"2025-09-14T21:44:43+00:00\" \/>\n<meta name=\"twitter:card\" content=\"summary_large_image\" \/>\n<meta name=\"twitter:label1\" content=\"Gesch\u00e4tzte Lesezeit\" \/>\n\t<meta name=\"twitter:data1\" content=\"2\u00a0Minuten\" \/>\n<script type=\"application\/ld+json\" class=\"yoast-schema-graph\">{\"@context\":\"https:\/\/schema.org\",\"@graph\":[{\"@type\":\"WebPage\",\"@id\":\"https:\/\/asterix.com\/de\/impressum\/\",\"url\":\"https:\/\/asterix.com\/de\/impressum\/\",\"name\":\"Impressum - Ast\u00e9rix\",\"isPartOf\":{\"@id\":\"https:\/\/asterix.com\/de\/#website\"},\"datePublished\":\"2025-04-10T15:26:21+00:00\",\"dateModified\":\"2025-09-14T21:44:43+00:00\",\"breadcrumb\":{\"@id\":\"https:\/\/asterix.com\/de\/impressum\/#breadcrumb\"},\"inLanguage\":\"de\",\"potentialAction\":[{\"@type\":\"ReadAction\",\"target\":[\"https:\/\/asterix.com\/de\/impressum\/\"]}]},{\"@type\":\"BreadcrumbList\",\"@id\":\"https:\/\/asterix.com\/de\/impressum\/#breadcrumb\",\"itemListElement\":[{\"@type\":\"ListItem\",\"position\":1,\"name\":\"Accueil\",\"item\":\"https:\/\/asterix.com\/de\/\"},{\"@type\":\"ListItem\",\"position\":2,\"name\":\"Impressum\"}]},{\"@type\":\"WebSite\",\"@id\":\"https:\/\/asterix.com\/de\/#website\",\"url\":\"https:\/\/asterix.com\/de\/\",\"name\":\"Ast\u00e9rix\",\"description\":\"Le site officiel\",\"potentialAction\":[{\"@type\":\"SearchAction\",\"target\":{\"@type\":\"EntryPoint\",\"urlTemplate\":\"https:\/\/asterix.com\/de\/?s={search_term_string}\"},\"query-input\":{\"@type\":\"PropertyValueSpecification\",\"valueRequired\":true,\"valueName\":\"search_term_string\"}}],\"inLanguage\":\"de\"}]}<\/script>\n<!-- \/ Yoast SEO plugin. -->","yoast_head_json":{"title":"Impressum - Ast\u00e9rix","robots":{"index":"index","follow":"follow","max-snippet":"max-snippet:-1","max-image-preview":"max-image-preview:large","max-video-preview":"max-video-preview:-1"},"canonical":"https:\/\/asterix.com\/de\/impressum\/","og_locale":"de_DE","og_type":"article","og_title":"Impressum - Ast\u00e9rix","og_description":"[vc_row css_animation=&#8220;&#8220; row_type=&#8220;row&#8220; use_row_as_full_screen_section=&#8220;no&#8220; type=&#8220;grid&#8220; angled_section=&#8220;no&#8220; text_align=&#8220;left&#8220; background_image_as_pattern=&#8220;without_pattern&#8220; z_index=&#8220;&#8220;][vc_column][vc_empty_space height=&#8220;80px&#8220;][vc_raw_html css=&#8220;&#8220;]PGRpdiBjbGFzcz0icm93LWdyZXktYmFja2dyb3VuZCBoZWFkZXIiPjwvZGl2Pg==[\/vc_raw_html][vc_column_text css=&#8220;&#8220;] Impressum [\/vc_column_text][vc_empty_space height=&#8220;15px&#8220;][vc_column_text css=&#8220;&#8220;]Letzte Aktualisierung: 14. M\u00e4rz 2025[\/vc_column_text][vc_empty_space height=&#8220;80px&#8220;][\/vc_column][\/vc_row][vc_row css_animation=&#8220;&#8220; row_type=&#8220;row&#8220; use_row_as_full_screen_section=&#8220;no&#8220; type=&#8220;grid&#8220; angled_section=&#8220;no&#8220; text_align=&#8220;left&#8220; background_image_as_pattern=&#8220;without_pattern&#8220; z_index=&#8220;&#8220;][vc_column][vc_column_text css=&#8220;&#8220;] 1 Herausgeber der Website [\/vc_column_text][vc_empty_space][vc_column_text css=&#8220;&#8220;]Sie sind derzeit mit der offiziellen Website von Asterix dem...","og_url":"https:\/\/asterix.com\/de\/impressum\/","og_site_name":"Ast\u00e9rix","article_modified_time":"2025-09-14T21:44:43+00:00","twitter_card":"summary_large_image","twitter_misc":{"Gesch\u00e4tzte Lesezeit":"2\u00a0Minuten"},"schema":{"@context":"https:\/\/schema.org","@graph":[{"@type":"WebPage","@id":"https:\/\/asterix.com\/de\/impressum\/","url":"https:\/\/asterix.com\/de\/impressum\/","name":"Impressum - Ast\u00e9rix","isPartOf":{"@id":"https:\/\/asterix.com\/de\/#website"},"datePublished":"2025-04-10T15:26:21+00:00","dateModified":"2025-09-14T21:44:43+00:00","breadcrumb":{"@id":"https:\/\/asterix.com\/de\/impressum\/#breadcrumb"},"inLanguage":"de","potentialAction":[{"@type":"ReadAction","target":["https:\/\/asterix.com\/de\/impressum\/"]}]},{"@type":"BreadcrumbList","@id":"https:\/\/asterix.com\/de\/impressum\/#breadcrumb","itemListElement":[{"@type":"ListItem","position":1,"name":"Accueil","item":"https:\/\/asterix.com\/de\/"},{"@type":"ListItem","position":2,"name":"Impressum"}]},{"@type":"WebSite","@id":"https:\/\/asterix.com\/de\/#website","url":"https:\/\/asterix.com\/de\/","name":"Ast\u00e9rix","description":"Le site officiel","potentialAction":[{"@type":"SearchAction","target":{"@type":"EntryPoint","urlTemplate":"https:\/\/asterix.com\/de\/?s={search_term_string}"},"query-input":{"@type":"PropertyValueSpecification","valueRequired":true,"valueName":"search_term_string"}}],"inLanguage":"de"}]}},"_links":{"self":[{"href":"https:\/\/asterix.com\/de\/wp-json\/wp\/v2\/pages\/43345","targetHints":{"allow":["GET"]}}],"collection":[{"href":"https:\/\/asterix.com\/de\/wp-json\/wp\/v2\/pages"}],"about":[{"href":"https:\/\/asterix.com\/de\/wp-json\/wp\/v2\/types\/page"}],"author":[{"embeddable":true,"href":"https:\/\/asterix.com\/de\/wp-json\/wp\/v2\/users\/1"}],"replies":[{"embeddable":true,"href":"https:\/\/asterix.com\/de\/wp-json\/wp\/v2\/comments?post=43345"}],"version-history":[{"count":2,"href":"https:\/\/asterix.com\/de\/wp-json\/wp\/v2\/pages\/43345\/revisions"}],"predecessor-version":[{"id":45168,"href":"https:\/\/asterix.com\/de\/wp-json\/wp\/v2\/pages\/43345\/revisions\/45168"}],"wp:attachment":[{"href":"https:\/\/asterix.com\/de\/wp-json\/wp\/v2\/media?parent=43345"}],"curies":[{"name":"wp","href":"https:\/\/api.w.org\/{rel}","templated":true}]}}