{"id":43339,"date":"2025-04-10T21:52:39","date_gmt":"2025-04-10T19:52:39","guid":{"rendered":"https:\/\/asterix.com\/manuscripts\/"},"modified":"2025-09-14T23:29:24","modified_gmt":"2025-09-14T21:29:24","slug":"manuscripts","status":"publish","type":"page","link":"https:\/\/asterix.com\/en\/manuscripts\/","title":{"rendered":"Manuscripts"},"content":{"rendered":"<div class=\"wpb-content-wrapper\"><p>[vc_row css_animation=&#8221;&#8221; row_type=&#8221;row&#8221; use_row_as_full_screen_section=&#8221;no&#8221; type=&#8221;grid&#8221; angled_section=&#8221;no&#8221; text_align=&#8221;left&#8221; background_image_as_pattern=&#8221;without_pattern&#8221; z_index=&#8221;&#8221;][vc_column][vc_empty_space height=&#8221;80px&#8221;][vc_raw_html css=&#8221;&#8221;]PGRpdiBjbGFzcz0icm93LWdyZXktYmFja2dyb3VuZCBoZWFkZXIiPjwvZGl2Pg==[\/vc_raw_html][vc_column_text css=&#8221;&#8221;]<\/p>\n<h1>Manuscripts<\/h1>\n<p>[\/vc_column_text][vc_empty_space height=&#8221;80px&#8221;][\/vc_column][\/vc_row][vc_row css_animation=&#8221;&#8221; row_type=&#8221;row&#8221; use_row_as_full_screen_section=&#8221;no&#8221; type=&#8221;grid&#8221; angled_section=&#8221;no&#8221; text_align=&#8221;left&#8221; background_image_as_pattern=&#8221;without_pattern&#8221; z_index=&#8221;&#8221;][vc_column][vc_column_text css=&#8221;&#8221;]\u00c9ditions Albert Ren\u00e9 does not wish to receive or review any ideas, scripts, drawings, or, more generally, any story or adventure projects in any form whatsoever.<\/p>\n<p>&nbsp;<\/p>\n<p>Without questioning the quality of the work produced by Ast\u00e9rix fans and enthusiasts, \u00c9ditions Albert Ren\u00e9 continues to follow the policy established by the creators of Ast\u00e9rix: Ren\u00e9 Goscinny and Albert Uderzo always chose to disregard any unsolicited ideas or story outlines, in order to preserve each individual\u2019s creative freedom.<\/p>\n<p>&nbsp;<\/p>\n<p>\u00c9ditions Albert Ren\u00e9 therefore kindly asks that no projects be submitted.<br \/>\nAny postal submissions will be returned to the sender unread.<br \/>\nAny email submissions will be immediately deleted without being read by anyone.[\/vc_column_text][vc_empty_space height=&#8221;60px&#8221;][\/vc_column][\/vc_row][vc_row css_animation=&#8221;&#8221; row_type=&#8221;row&#8221; use_row_as_full_screen_section=&#8221;no&#8221; type=&#8221;full_width&#8221; angled_section=&#8221;no&#8221; text_align=&#8221;left&#8221; background_image_as_pattern=&#8221;without_pattern&#8221; z_index=&#8221;&#8221;][vc_column][vc_raw_html css=&#8221;&#8221;]PGRpdiBjbGFzcz0icm93LWdyZXktYmFja2dyb3VuZCBib3R0b20iPjwvZGl2Pg==[\/vc_raw_html][vc_empty_space height=&#8221;200px&#8221;][\/vc_column][\/vc_row][vc_row css_animation=&#8221;&#8221; row_type=&#8221;row&#8221; use_row_as_full_screen_section=&#8221;no&#8221; type=&#8221;grid&#8221; angled_section=&#8221;no&#8221; text_align=&#8221;left&#8221; background_image_as_pattern=&#8221;without_pattern&#8221; z_index=&#8221;&#8221; el_class=&#8221;contact-footer-row&#8221; el_id=&#8221;newsletter&#8221;][vc_column el_class=&#8221;contact-footer-col&#8221;]\n<div class=\"wpcf7 no-js\" id=\"wpcf7-f38750-o1\" lang=\"en-US\" dir=\"ltr\" data-wpcf7-id=\"38750\">\n<div class=\"screen-reader-response\"><p role=\"status\" aria-live=\"polite\" aria-atomic=\"true\"><\/p> <ul><\/ul><\/div>\n<form action=\"\/en\/wp-json\/wp\/v2\/pages\/43339#wpcf7-f38750-o1\" method=\"post\" class=\"wpcf7-form init default\" aria-label=\"Contact form\" novalidate=\"novalidate\" data-status=\"init\">\n<fieldset class=\"hidden-fields-container\"><input type=\"hidden\" name=\"_wpcf7\" value=\"38750\" \/><input type=\"hidden\" name=\"_wpcf7_version\" value=\"6.1.1\" \/><input type=\"hidden\" name=\"_wpcf7_locale\" value=\"en_US\" \/><input type=\"hidden\" name=\"_wpcf7_unit_tag\" value=\"wpcf7-f38750-o1\" \/><input type=\"hidden\" name=\"_wpcf7_container_post\" value=\"0\" \/><input type=\"hidden\" name=\"_wpcf7_posted_data_hash\" value=\"\" \/><input type=\"hidden\" name=\"_wpcf7cf_hidden_group_fields\" value=\"[]\" \/><input type=\"hidden\" name=\"_wpcf7cf_hidden_groups\" value=\"[]\" \/><input type=\"hidden\" name=\"_wpcf7cf_visible_groups\" value=\"[]\" \/><input type=\"hidden\" name=\"_wpcf7cf_repeaters\" value=\"[]\" \/><input type=\"hidden\" name=\"_wpcf7cf_steps\" value=\"{}\" \/><input type=\"hidden\" name=\"_wpcf7cf_options\" value=\"{&quot;form_id&quot;:38750,&quot;conditions&quot;:[{&quot;then_field&quot;:&quot;groupe-email-parent&quot;,&quot;and_rules&quot;:[{&quot;if_field&quot;:&quot;radio-age&quot;,&quot;operator&quot;:&quot;equals&quot;,&quot;if_value&quot;:&quot;I am under 15 years old&quot;}]}],&quot;settings&quot;:{&quot;animation&quot;:&quot;yes&quot;,&quot;animation_intime&quot;:200,&quot;animation_outtime&quot;:200,&quot;conditions_ui&quot;:&quot;normal&quot;,&quot;notice_dismissed&quot;:false,&quot;notice_dismissed_update-cf7-6.0.3&quot;:true}}\" \/>\n<\/fieldset>\n<div style=\"text-align: center;\">\n\t<h3 style=\" font-size: 45px;\"><span style=\"color: #E30521;\">The Missive<\/span>\n\t<\/h3>\n\t<p style=\"font-size: 14px;line-height: normal;padding: 10px 0 15px;\"><strong>The Asterix and Obelix Missive is delivered free of charge to your mail box by our Postaldistrix.<\/strong><br \/>\nEverything you need to keep up with the secrets behind the albums, video games, contests and Asterix movies!<br \/>\nIt\u2019s simple to subscribe: just fill in the marble slab below!\n\t<\/p>\n<\/div>\n<div class=\"three_columns clearfix\">\n\t<div class=\"column1\">\n\t\t<div class=\"column_inner\">\n\t\t\t<p><span class=\"wpcf7-form-control-wrap\" data-name=\"firstName\"><input size=\"40\" maxlength=\"400\" class=\"wpcf7-form-control wpcf7-text wpcf7-validates-as-required\" aria-required=\"true\" aria-invalid=\"false\" placeholder=\"First Name\" value=\"\" type=\"text\" name=\"firstName\" \/><\/span>\n\t\t\t<\/p>\n\t\t<\/div>\n\t<\/div>\n\t<div class=\"column2\">\n\t\t<div class=\"column_inner\">\n\t\t\t<p><span class=\"wpcf7-form-control-wrap\" data-name=\"nom\"><input size=\"40\" maxlength=\"400\" class=\"wpcf7-form-control wpcf7-text wpcf7-validates-as-required\" aria-required=\"true\" aria-invalid=\"false\" placeholder=\"Last Name\" value=\"\" type=\"text\" name=\"nom\" \/><\/span>\n\t\t\t<\/p>\n\t\t<\/div>\n\t<\/div>\n\t<div class=\"column3\">\n\t\t<div class=\"column_inner\">\n\t\t\t<p><span class=\"wpcf7-form-control-wrap\" data-name=\"email\"><input size=\"40\" maxlength=\"400\" class=\"wpcf7-form-control wpcf7-email wpcf7-validates-as-required wpcf7-text wpcf7-validates-as-email\" aria-required=\"true\" aria-invalid=\"false\" placeholder=\"Email\" value=\"\" type=\"email\" name=\"email\" \/><\/span>\n\t\t\t<\/p>\n\t\t<\/div>\n\t<\/div>\n<\/div>\n<div class=\"column_inner\" style=\"text-align:center;\">\n\t<p><span class=\"wpcf7-form-control-wrap\" data-name=\"radio-age\"><span class=\"wpcf7-form-control wpcf7-radio\"><span class=\"wpcf7-list-item first\"><label><input type=\"radio\" name=\"radio-age\" value=\"I am over 15 years old\" \/><span class=\"wpcf7-list-item-label\">I am over 15 years old<\/span><\/label><\/span><span class=\"wpcf7-list-item last\"><label><input type=\"radio\" name=\"radio-age\" value=\"I am under 15 years old\" \/><span class=\"wpcf7-list-item-label\">I am under 15 years old<\/span><\/label><\/span><\/span><\/span>\n\t<\/p>\n<\/div>\n<div data-id=\"groupe-email-parent\" data-orig_data_id=\"groupe-email-parent\"  class=\"\" data-class=\"wpcf7cf_group\">\n\t<div class=\"three_columns clearfix\">\n\t\t<div class=\"column1\">\n\t\t\t<div class=\"column_inner\">\n\t\t\t\t<p>&nbsp;\n\t\t\t\t<\/p>\n\t\t\t<\/div>\n\t\t<\/div>\n\t\t<div class=\"column2\">\n\t\t\t<div class=\"column_inner\">\n\t\t\t\t<p><span class=\"wpcf7-form-control-wrap\" data-name=\"email-parent\"><input size=\"40\" maxlength=\"400\" class=\"wpcf7-form-control wpcf7-email wpcf7-validates-as-required wpcf7-text wpcf7-validates-as-email\" aria-required=\"true\" aria-invalid=\"false\" placeholder=\"Parent&#039;s Email*\" value=\"\" type=\"email\" name=\"email-parent\" \/><\/span>\n\t\t\t\t<\/p>\n\t\t\t<\/div>\n\t\t<\/div>\n\t\t<div class=\"column3\">\n\t\t\t<div class=\"column_inner\">\n\t\t\t\t<p>&nbsp;\n\t\t\t\t<\/p>\n\t\t\t<\/div>\n\t\t<\/div>\n\t<\/div>\n<\/div>\n<div class=\"three_columns clearfix\">\n\t<div class=\"column1\">\n\t\t<div class=\"column_inner\">\n\t\t\t<p><span class=\"wpcf7-form-control-wrap\" data-name=\"language\"><select class=\"wpcf7-form-control wpcf7-select wpcf7-validates-as-required\" aria-required=\"true\" aria-invalid=\"false\" name=\"language\"><option value=\"\">language<\/option><option value=\"Fran\u00e7ais\">Fran\u00e7ais<\/option><option value=\"English\">English<\/option><option value=\"Deutsch\">Deutsch<\/option><option value=\"Espa\u00f1ol\">Espa\u00f1ol<\/option><option value=\"Nederlands\">Nederlands<\/option><\/select><\/span>\n\t\t\t<\/p>\n\t\t<\/div>\n\t<\/div>\n\t<div class=\"column2\">\n\t\t<div class=\"column_inner\">\n\t\t\t<p><input class=\"wpcf7-form-control wpcf7-submit has-spinner\" type=\"submit\" value=\"SEND\" \/>\n\t\t\t<\/p>\n\t\t<\/div>\n\t<\/div>\n<\/div>\n<div style=\"text-align: center;\">\n\t<p style=\"font-size: 11px;line-height: normal;padding-top: 25px;\">Your email address will only be used to send you information about Asterix news.<br \/>\nYou can unsubscribe at any time. For more information, <a href=\"https:\/\/asterix.com\/en\/privacy-policy\/\" target=\"_blank\" style=\"color: #E30521;\">click here<\/a>.\n\t<\/p>\n<\/div><input type='hidden' class='wpcf7-pum' value='{\"closepopup\":false,\"closedelay\":0,\"openpopup\":false,\"openpopup_id\":0}' \/><div class=\"wpcf7-response-output\" aria-hidden=\"true\"><\/div>\n<\/form>\n<\/div>\n[\/vc_column][\/vc_row]<\/p>\n<\/div>","protected":false},"excerpt":{"rendered":"<p>[vc_row css_animation=&#8221;&#8221; row_type=&#8221;row&#8221; use_row_as_full_screen_section=&#8221;no&#8221; type=&#8221;grid&#8221; angled_section=&#8221;no&#8221; text_align=&#8221;left&#8221; background_image_as_pattern=&#8221;without_pattern&#8221; z_index=&#8221;&#8221;][vc_column][vc_empty_space height=&#8221;80px&#8221;][vc_raw_html css=&#8221;&#8221;]PGRpdiBjbGFzcz0icm93LWdyZXktYmFja2dyb3VuZCBoZWFkZXIiPjwvZGl2Pg==[\/vc_raw_html][vc_column_text css=&#8221;&#8221;] Manuscripts [\/vc_column_text][vc_empty_space height=&#8221;80px&#8221;][\/vc_column][\/vc_row][vc_row css_animation=&#8221;&#8221; row_type=&#8221;row&#8221; use_row_as_full_screen_section=&#8221;no&#8221; type=&#8221;grid&#8221; angled_section=&#8221;no&#8221; text_align=&#8221;left&#8221; background_image_as_pattern=&#8221;without_pattern&#8221; z_index=&#8221;&#8221;][vc_column][vc_column_text css=&#8221;&#8221;]\u00c9ditions Albert Ren\u00e9 does not wish to receive or review any ideas, scripts, drawings, or, more generally, any story or adventure projects&#8230;<\/p>\n","protected":false},"author":1,"featured_media":0,"parent":0,"menu_order":0,"comment_status":"closed","ping_status":"closed","template":"full_width.php","meta":{"_acf_changed":false,"footnotes":"","_wp_rev_ctl_limit":""},"class_list":["post-43339","page","type-page","status-publish","hentry"],"acf":[],"yoast_head":"<!-- This site is optimized with the Yoast SEO plugin v26.7 - https:\/\/yoast.com\/wordpress\/plugins\/seo\/ -->\n<title>Manuscripts - Ast\u00e9rix<\/title>\n<meta name=\"robots\" content=\"index, follow, max-snippet:-1, max-image-preview:large, max-video-preview:-1\" \/>\n<link rel=\"canonical\" href=\"https:\/\/asterix.com\/en\/manuscripts\/\" \/>\n<meta property=\"og:locale\" content=\"en_US\" \/>\n<meta property=\"og:type\" content=\"article\" \/>\n<meta property=\"og:title\" content=\"Manuscripts - Ast\u00e9rix\" \/>\n<meta property=\"og:description\" content=\"[vc_row css_animation=&#8221;&#8221; row_type=&#8221;row&#8221; use_row_as_full_screen_section=&#8221;no&#8221; type=&#8221;grid&#8221; angled_section=&#8221;no&#8221; text_align=&#8221;left&#8221; background_image_as_pattern=&#8221;without_pattern&#8221; z_index=&#8221;&#8221;][vc_column][vc_empty_space height=&#8221;80px&#8221;][vc_raw_html css=&#8221;&#8221;]PGRpdiBjbGFzcz0icm93LWdyZXktYmFja2dyb3VuZCBoZWFkZXIiPjwvZGl2Pg==[\/vc_raw_html][vc_column_text css=&#8221;&#8221;] Manuscripts [\/vc_column_text][vc_empty_space height=&#8221;80px&#8221;][\/vc_column][\/vc_row][vc_row css_animation=&#8221;&#8221; row_type=&#8221;row&#8221; use_row_as_full_screen_section=&#8221;no&#8221; type=&#8221;grid&#8221; angled_section=&#8221;no&#8221; text_align=&#8221;left&#8221; background_image_as_pattern=&#8221;without_pattern&#8221; z_index=&#8221;&#8221;][vc_column][vc_column_text css=&#8221;&#8221;]\u00c9ditions Albert Ren\u00e9 does not wish to receive or review any ideas, scripts, drawings, or, more generally, any story or adventure projects...\" \/>\n<meta property=\"og:url\" content=\"https:\/\/asterix.com\/en\/manuscripts\/\" \/>\n<meta property=\"og:site_name\" content=\"Ast\u00e9rix\" \/>\n<meta property=\"article:modified_time\" content=\"2025-09-14T21:29:24+00:00\" \/>\n<meta name=\"twitter:card\" content=\"summary_large_image\" \/>\n<meta name=\"twitter:label1\" content=\"Est. reading time\" \/>\n\t<meta name=\"twitter:data1\" content=\"1 minute\" \/>\n<script type=\"application\/ld+json\" class=\"yoast-schema-graph\">{\"@context\":\"https:\/\/schema.org\",\"@graph\":[{\"@type\":\"WebPage\",\"@id\":\"https:\/\/asterix.com\/en\/manuscripts\/\",\"url\":\"https:\/\/asterix.com\/en\/manuscripts\/\",\"name\":\"Manuscripts - Ast\u00e9rix\",\"isPartOf\":{\"@id\":\"https:\/\/asterix.com\/en\/#website\"},\"datePublished\":\"2025-04-10T19:52:39+00:00\",\"dateModified\":\"2025-09-14T21:29:24+00:00\",\"breadcrumb\":{\"@id\":\"https:\/\/asterix.com\/en\/manuscripts\/#breadcrumb\"},\"inLanguage\":\"en-US\",\"potentialAction\":[{\"@type\":\"ReadAction\",\"target\":[\"https:\/\/asterix.com\/en\/manuscripts\/\"]}]},{\"@type\":\"BreadcrumbList\",\"@id\":\"https:\/\/asterix.com\/en\/manuscripts\/#breadcrumb\",\"itemListElement\":[{\"@type\":\"ListItem\",\"position\":1,\"name\":\"Accueil\",\"item\":\"https:\/\/asterix.com\/en\/\"},{\"@type\":\"ListItem\",\"position\":2,\"name\":\"Manuscripts\"}]},{\"@type\":\"WebSite\",\"@id\":\"https:\/\/asterix.com\/en\/#website\",\"url\":\"https:\/\/asterix.com\/en\/\",\"name\":\"Ast\u00e9rix\",\"description\":\"The official website\",\"potentialAction\":[{\"@type\":\"SearchAction\",\"target\":{\"@type\":\"EntryPoint\",\"urlTemplate\":\"https:\/\/asterix.com\/en\/?s={search_term_string}\"},\"query-input\":{\"@type\":\"PropertyValueSpecification\",\"valueRequired\":true,\"valueName\":\"search_term_string\"}}],\"inLanguage\":\"en-US\"}]}<\/script>\n<!-- \/ Yoast SEO plugin. -->","yoast_head_json":{"title":"Manuscripts - Ast\u00e9rix","robots":{"index":"index","follow":"follow","max-snippet":"max-snippet:-1","max-image-preview":"max-image-preview:large","max-video-preview":"max-video-preview:-1"},"canonical":"https:\/\/asterix.com\/en\/manuscripts\/","og_locale":"en_US","og_type":"article","og_title":"Manuscripts - Ast\u00e9rix","og_description":"[vc_row css_animation=&#8221;&#8221; row_type=&#8221;row&#8221; use_row_as_full_screen_section=&#8221;no&#8221; type=&#8221;grid&#8221; angled_section=&#8221;no&#8221; text_align=&#8221;left&#8221; background_image_as_pattern=&#8221;without_pattern&#8221; z_index=&#8221;&#8221;][vc_column][vc_empty_space height=&#8221;80px&#8221;][vc_raw_html css=&#8221;&#8221;]PGRpdiBjbGFzcz0icm93LWdyZXktYmFja2dyb3VuZCBoZWFkZXIiPjwvZGl2Pg==[\/vc_raw_html][vc_column_text css=&#8221;&#8221;] Manuscripts [\/vc_column_text][vc_empty_space height=&#8221;80px&#8221;][\/vc_column][\/vc_row][vc_row css_animation=&#8221;&#8221; row_type=&#8221;row&#8221; use_row_as_full_screen_section=&#8221;no&#8221; type=&#8221;grid&#8221; angled_section=&#8221;no&#8221; text_align=&#8221;left&#8221; background_image_as_pattern=&#8221;without_pattern&#8221; z_index=&#8221;&#8221;][vc_column][vc_column_text css=&#8221;&#8221;]\u00c9ditions Albert Ren\u00e9 does not wish to receive or review any ideas, scripts, drawings, or, more generally, any story or adventure projects...","og_url":"https:\/\/asterix.com\/en\/manuscripts\/","og_site_name":"Ast\u00e9rix","article_modified_time":"2025-09-14T21:29:24+00:00","twitter_card":"summary_large_image","twitter_misc":{"Est. reading time":"1 minute"},"schema":{"@context":"https:\/\/schema.org","@graph":[{"@type":"WebPage","@id":"https:\/\/asterix.com\/en\/manuscripts\/","url":"https:\/\/asterix.com\/en\/manuscripts\/","name":"Manuscripts - Ast\u00e9rix","isPartOf":{"@id":"https:\/\/asterix.com\/en\/#website"},"datePublished":"2025-04-10T19:52:39+00:00","dateModified":"2025-09-14T21:29:24+00:00","breadcrumb":{"@id":"https:\/\/asterix.com\/en\/manuscripts\/#breadcrumb"},"inLanguage":"en-US","potentialAction":[{"@type":"ReadAction","target":["https:\/\/asterix.com\/en\/manuscripts\/"]}]},{"@type":"BreadcrumbList","@id":"https:\/\/asterix.com\/en\/manuscripts\/#breadcrumb","itemListElement":[{"@type":"ListItem","position":1,"name":"Accueil","item":"https:\/\/asterix.com\/en\/"},{"@type":"ListItem","position":2,"name":"Manuscripts"}]},{"@type":"WebSite","@id":"https:\/\/asterix.com\/en\/#website","url":"https:\/\/asterix.com\/en\/","name":"Ast\u00e9rix","description":"The official website","potentialAction":[{"@type":"SearchAction","target":{"@type":"EntryPoint","urlTemplate":"https:\/\/asterix.com\/en\/?s={search_term_string}"},"query-input":{"@type":"PropertyValueSpecification","valueRequired":true,"valueName":"search_term_string"}}],"inLanguage":"en-US"}]}},"_links":{"self":[{"href":"https:\/\/asterix.com\/en\/wp-json\/wp\/v2\/pages\/43339","targetHints":{"allow":["GET"]}}],"collection":[{"href":"https:\/\/asterix.com\/en\/wp-json\/wp\/v2\/pages"}],"about":[{"href":"https:\/\/asterix.com\/en\/wp-json\/wp\/v2\/types\/page"}],"author":[{"embeddable":true,"href":"https:\/\/asterix.com\/en\/wp-json\/wp\/v2\/users\/1"}],"replies":[{"embeddable":true,"href":"https:\/\/asterix.com\/en\/wp-json\/wp\/v2\/comments?post=43339"}],"version-history":[{"count":2,"href":"https:\/\/asterix.com\/en\/wp-json\/wp\/v2\/pages\/43339\/revisions"}],"predecessor-version":[{"id":45140,"href":"https:\/\/asterix.com\/en\/wp-json\/wp\/v2\/pages\/43339\/revisions\/45140"}],"wp:attachment":[{"href":"https:\/\/asterix.com\/en\/wp-json\/wp\/v2\/media?parent=43339"}],"curies":[{"name":"wp","href":"https:\/\/api.w.org\/{rel}","templated":true}]}}