{"id":38214,"date":"2024-08-14T17:54:05","date_gmt":"2024-08-14T15:54:05","guid":{"rendered":"https:\/\/refonte-asterix.fr\/les-actualites\/"},"modified":"2025-09-14T23:48:53","modified_gmt":"2025-09-14T21:48:53","slug":"actualidad","status":"publish","type":"page","link":"https:\/\/asterix.com\/es\/actualidad\/","title":{"rendered":"Actualidad"},"content":{"rendered":"<div class=\"wpb-content-wrapper\"><p>[vc_row css_animation=\u00bb\u00bb row_type=\u00bbrow\u00bb use_row_as_full_screen_section=\u00bbno\u00bb type=\u00bbfull_width\u00bb angled_section=\u00bbno\u00bb text_align=\u00bbleft\u00bb background_image_as_pattern=\u00bbwithout_pattern\u00bb el_class=\u00bbrow-blue-background\u00bb z_index=\u00bb\u00bb css=\u00bb.vc_custom_1723815887347{margin-top: -1px !important;padding-top: 0px !important;padding-bottom: 3% !important;}\u00bb][vc_column][vc_empty_space height=\u00bb50px\u00bb][vc_raw_html css=\u00bb\u00bb]JTNDZGl2JTIwY2xhc3MlM0QlMjJiYWNrZ3JvdW5kLW92ZXJsYXklMjIlM0UlM0MlMkZkaXYlM0U=[\/vc_raw_html][vc_row_inner row_type=\u00bbrow\u00bb type=\u00bbgrid\u00bb text_align=\u00bbleft\u00bb css_animation=\u00bb\u00bb][vc_column_inner width=\u00bb2\/3&#8243;][vc_empty_space height=\u00bb20px\u00bb][vc_column_text css=\u00bb\u00bb]<\/p>\n<h1 style=\"color: #ffffff; text-transform: none;\">Actualidad<\/h1>\n<p>[\/vc_column_text][vc_empty_space][vc_column_text css=\u00bb\u00bb]<\/p>\n<p style=\"color: #ffffff; font-size: 1.2em;\"><strong>Como dir\u00eda Abrarac\u00farcix a su sobrino Gudurix, \u00abel hecho de que vivamos en provincia no significa que no nos mantengamos informados\u00bb.<\/strong><\/p>\n<p>&nbsp;<\/p>\n<p style=\"color: #ffffff; font-size: 1.2em;\">Todo lo contrario, Ast\u00e9rix y Ob\u00e9lix han decido utilizar las \u00faltimas innovaciones de la tecnolog\u00eda dru\u00eddica para tenerte al tanto sobre toda la actualidad de la aldea de los Irreducibles Galos.<\/p>\n<p>[\/vc_column_text][vc_empty_space][\/vc_column_inner][vc_column_inner el_class=\u00bbimage-header\u00bb width=\u00bb1\/3&#8243;][vc_single_image image=\u00bb15037&#8243; img_size=\u00bbfull\u00bb css=\u00bb\u00bb qode_css_animation=\u00bb\u00bb][\/vc_column_inner][\/vc_row_inner][vc_empty_space height=\u00bb250px\u00bb][\/vc_column][\/vc_row][vc_row css_animation=\u00bb\u00bb row_type=\u00bbrow\u00bb use_row_as_full_screen_section=\u00bbno\u00bb type=\u00bbgrid\u00bb angled_section=\u00bbno\u00bb text_align=\u00bbleft\u00bb background_image_as_pattern=\u00bbwithout_pattern\u00bb z_index=\u00bb\u00bb][vc_column el_id=\u00bbactualites-listing\u00bb][vc_column_text css=\u00bb\u00bb]<div id=\"ajax-load-more\" class=\"ajax-load-more-wrap default\"  data-alm-id=\"\" data-canonical-url=\"https:\/\/asterix.com\/es\/actualidad\/\" data-slug=\"actualidad\" data-post-id=\"38214\"  data-localized=\"ajax_load_more_vars\" data-alm-object=\"ajax_load_more\"><div aria-live=\"polite\" aria-atomic=\"true\" class=\"alm-listing alm-ajax css-grid latest_post_holder\" data-container-type=\"div\" data-loading-style=\"default\" data-theme-repeater=\"css-grid.php\" data-post-type=\"post\" data-category=\"actualites\" data-order=\"DESC\" data-orderby=\"date\" data-offset=\"0\" data-posts-per-page=\"3\" data-lang=\"es\" data-button-label=\"... cargando noticias m\u00e1s antiguas ...\" data-prev-button-label=\"Load Previous\"><\/div><div class=\"alm-btn-wrap\" data-rel=\"ajax-load-more\"><button class=\"alm-load-more-btn \" type=\"button\">... cargando noticias m\u00e1s antiguas ...<\/button><\/div><\/div>[\/vc_column_text][\/vc_column][\/vc_row][vc_row css_animation=\u00bb\u00bb row_type=\u00bbrow\u00bb use_row_as_full_screen_section=\u00bbno\u00bb type=\u00bbfull_width\u00bb angled_section=\u00bbno\u00bb text_align=\u00bbleft\u00bb background_image_as_pattern=\u00bbwithout_pattern\u00bb css=\u00bb.vc_custom_1723838922262{background-color: #f5f5f5 !important;}\u00bb z_index=\u00bb\u00bb el_class=\u00bbbottom-grey-background\u00bb][vc_column][vc_empty_space height=\u00bb150px\u00bb][\/vc_column][\/vc_row][vc_row css_animation=\u00bb\u00bb row_type=\u00bbrow\u00bb use_row_as_full_screen_section=\u00bbno\u00bb type=\u00bbgrid\u00bb angled_section=\u00bbno\u00bb text_align=\u00bbleft\u00bb background_image_as_pattern=\u00bbwithout_pattern\u00bb z_index=\u00bb\u00bb el_class=\u00bbcontact-footer-row\u00bb el_id=\u00bbnewsletter\u00bb][vc_column el_class=\u00bbcontact-footer-col\u00bb]\n<div class=\"wpcf7 no-js\" id=\"wpcf7-f38820-o1\" lang=\"es-ES\" dir=\"ltr\" data-wpcf7-id=\"38820\">\n<div class=\"screen-reader-response\"><p role=\"status\" aria-live=\"polite\" aria-atomic=\"true\"><\/p> <ul><\/ul><\/div>\n<form action=\"\/es\/wp-json\/wp\/v2\/pages\/38214#wpcf7-f38820-o1\" method=\"post\" class=\"wpcf7-form init default\" aria-label=\"Formulario de contacto\" novalidate=\"novalidate\" data-status=\"init\">\n<fieldset class=\"hidden-fields-container\"><input type=\"hidden\" name=\"_wpcf7\" value=\"38820\" \/><input type=\"hidden\" name=\"_wpcf7_version\" value=\"6.1.1\" \/><input type=\"hidden\" name=\"_wpcf7_locale\" value=\"es_ES\" \/><input type=\"hidden\" name=\"_wpcf7_unit_tag\" value=\"wpcf7-f38820-o1\" \/><input type=\"hidden\" name=\"_wpcf7_container_post\" value=\"0\" \/><input type=\"hidden\" name=\"_wpcf7_posted_data_hash\" value=\"\" \/><input type=\"hidden\" name=\"_wpcf7cf_hidden_group_fields\" value=\"[]\" \/><input type=\"hidden\" name=\"_wpcf7cf_hidden_groups\" value=\"[]\" \/><input type=\"hidden\" name=\"_wpcf7cf_visible_groups\" value=\"[]\" \/><input type=\"hidden\" name=\"_wpcf7cf_repeaters\" value=\"[]\" \/><input type=\"hidden\" name=\"_wpcf7cf_steps\" value=\"{}\" \/><input type=\"hidden\" name=\"_wpcf7cf_options\" value=\"{&quot;form_id&quot;:38820,&quot;conditions&quot;:[{&quot;then_field&quot;:&quot;groupe-email-parent&quot;,&quot;and_rules&quot;:[{&quot;if_field&quot;:&quot;radio-age&quot;,&quot;operator&quot;:&quot;equals&quot;,&quot;if_value&quot;:&quot;Tengo menos de 15 a\\u00f1os&quot;}]}],&quot;settings&quot;:{&quot;animation&quot;:&quot;yes&quot;,&quot;animation_intime&quot;:200,&quot;animation_outtime&quot;:200,&quot;conditions_ui&quot;:&quot;normal&quot;,&quot;notice_dismissed&quot;:false,&quot;notice_dismissed_update-cf7-6.0.3&quot;:true}}\" \/>\n<\/fieldset>\n<div style=\"text-align: center;\">\n\t<h3 style=\" font-size: 45px;\"><span style=\"color: #E30521;\">Misiva<\/span>\n\t<\/h3>\n\t<p style=\"font-size: 14px;line-height: normal;padding: 10px 0 15px;\"><strong>Nuestro cartero Filatelix dejar\u00e1 en tu correo electr\u00f3nico la Misiva de Ast\u00e9rix y Ob\u00e9lix completamente gratis.<\/strong><br \/>\nDe esta manera, te mantendr\u00e1s informado de todo lo que se esconde detr\u00e1s de los \u00e1lbumes, videojuegos, concursos y pel\u00edculas de Ast\u00e9rix.<br \/>\nSi deseas suscribirte, nada m\u00e1s sencillo: basta con rellenar el m\u00e1rmol que figura a continuaci\u00f3n.\n\t<\/p>\n<\/div>\n<div class=\"three_columns clearfix\">\n\t<div class=\"column1\">\n\t\t<div class=\"column_inner\">\n\t\t\t<p><span class=\"wpcf7-form-control-wrap\" data-name=\"firstName\"><input size=\"40\" maxlength=\"400\" class=\"wpcf7-form-control wpcf7-text wpcf7-validates-as-required\" aria-required=\"true\" aria-invalid=\"false\" placeholder=\"Nombre\" value=\"\" type=\"text\" name=\"firstName\" \/><\/span>\n\t\t\t<\/p>\n\t\t<\/div>\n\t<\/div>\n\t<div class=\"column2\">\n\t\t<div class=\"column_inner\">\n\t\t\t<p><span class=\"wpcf7-form-control-wrap\" data-name=\"nom\"><input size=\"40\" maxlength=\"400\" class=\"wpcf7-form-control wpcf7-text wpcf7-validates-as-required\" aria-required=\"true\" aria-invalid=\"false\" placeholder=\"Apellido\" value=\"\" type=\"text\" name=\"nom\" \/><\/span>\n\t\t\t<\/p>\n\t\t<\/div>\n\t<\/div>\n\t<div class=\"column3\">\n\t\t<div class=\"column_inner\">\n\t\t\t<p><span class=\"wpcf7-form-control-wrap\" data-name=\"email\"><input size=\"40\" maxlength=\"400\" class=\"wpcf7-form-control wpcf7-email wpcf7-validates-as-required wpcf7-text wpcf7-validates-as-email\" aria-required=\"true\" aria-invalid=\"false\" placeholder=\"Correo electr\u00f3nico\" value=\"\" type=\"email\" name=\"email\" \/><\/span>\n\t\t\t<\/p>\n\t\t<\/div>\n\t<\/div>\n<\/div>\n<div class=\"column_inner\" style=\"text-align:center;\">\n\t<p><span class=\"wpcf7-form-control-wrap\" data-name=\"radio-age\"><span class=\"wpcf7-form-control wpcf7-radio\"><span class=\"wpcf7-list-item first\"><label><input type=\"radio\" name=\"radio-age\" value=\"Tengo m\u00e1s de 15 a\u00f1os\" \/><span class=\"wpcf7-list-item-label\">Tengo m\u00e1s de 15 a\u00f1os<\/span><\/label><\/span><span class=\"wpcf7-list-item last\"><label><input type=\"radio\" name=\"radio-age\" value=\"Tengo menos de 15 a\u00f1os\" \/><span class=\"wpcf7-list-item-label\">Tengo menos de 15 a\u00f1os<\/span><\/label><\/span><\/span><\/span>\n\t<\/p>\n<\/div>\n<div data-id=\"groupe-email-parent\" data-orig_data_id=\"groupe-email-parent\"  class=\"\" data-class=\"wpcf7cf_group\">\n\t<div class=\"three_columns clearfix\">\n\t\t<div class=\"column1\">\n\t\t\t<div class=\"column_inner\">\n\t\t\t\t<p>&nbsp;\n\t\t\t\t<\/p>\n\t\t\t<\/div>\n\t\t<\/div>\n\t\t<div class=\"column2\">\n\t\t\t<div class=\"column_inner\">\n\t\t\t\t<p><span class=\"wpcf7-form-control-wrap\" data-name=\"email-parent\"><input size=\"40\" maxlength=\"400\" class=\"wpcf7-form-control wpcf7-email wpcf7-validates-as-required wpcf7-text wpcf7-validates-as-email\" aria-required=\"true\" aria-invalid=\"false\" placeholder=\"Correo electr\u00f3nico del padre\/madre\/tutor*\" value=\"\" type=\"email\" name=\"email-parent\" \/><\/span>\n\t\t\t\t<\/p>\n\t\t\t<\/div>\n\t\t<\/div>\n\t\t<div class=\"column3\">\n\t\t\t<div class=\"column_inner\">\n\t\t\t\t<p>&nbsp;\n\t\t\t\t<\/p>\n\t\t\t<\/div>\n\t\t<\/div>\n\t<\/div>\n<\/div>\n<div class=\"three_columns clearfix\">\n\t<div class=\"column1\">\n\t\t<div class=\"column_inner\">\n\t\t\t<p><span class=\"wpcf7-form-control-wrap\" data-name=\"language\"><select class=\"wpcf7-form-control wpcf7-select wpcf7-validates-as-required\" aria-required=\"true\" aria-invalid=\"false\" name=\"language\"><option value=\"\">Idioma<\/option><option value=\"Fran\u00e7ais\">Fran\u00e7ais<\/option><option value=\"English\">English<\/option><option value=\"Deutsch\">Deutsch<\/option><option value=\"Espa\u00f1ol\">Espa\u00f1ol<\/option><option value=\"Nederlands\">Nederlands<\/option><\/select><\/span>\n\t\t\t<\/p>\n\t\t<\/div>\n\t<\/div>\n\t<div class=\"column2\">\n\t\t<div class=\"column_inner\">\n\t\t\t<p><input class=\"wpcf7-form-control wpcf7-submit has-spinner\" type=\"submit\" value=\"ENVIAR\" \/>\n\t\t\t<\/p>\n\t\t<\/div>\n\t<\/div>\n<\/div>\n<div style=\"text-align: center;\">\n\t<p style=\"font-size: 11px;line-height: normal;padding-top: 25px;\">Tu direcci\u00f3n de correo electr\u00f3nico solo se utilizar\u00e1 para enviarte informaci\u00f3n sobre las noticias de Ast\u00e9rix.<br \/>\nPuedes darte de baja en cualquier momento. Para m\u00e1s informaci\u00f3n, <a href=\"https:\/\/asterix.com\/es\/politica-de-privacidad\/\" target=\"_blank\" style=\"color: #E30521;\">haz clic aqu\u00ed<\/a>.\n\t<\/p>\n<\/div><input type='hidden' class='wpcf7-pum' value='{\"closepopup\":false,\"closedelay\":0,\"openpopup\":false,\"openpopup_id\":0}' \/><div class=\"wpcf7-response-output\" aria-hidden=\"true\"><\/div>\n<\/form>\n<\/div>\n[\/vc_column][\/vc_row]<\/p>\n<\/div>","protected":false},"excerpt":{"rendered":"<p>[vc_row css_animation=\u00bb\u00bb row_type=\u00bbrow\u00bb use_row_as_full_screen_section=\u00bbno\u00bb type=\u00bbfull_width\u00bb angled_section=\u00bbno\u00bb text_align=\u00bbleft\u00bb background_image_as_pattern=\u00bbwithout_pattern\u00bb el_class=\u00bbrow-blue-background\u00bb z_index=\u00bb\u00bb css=\u00bb.vc_custom_1723815887347{margin-top: -1px !important;padding-top: 0px !important;padding-bottom: 3% !important;}\u00bb][vc_column][vc_empty_space height=\u00bb50px\u00bb][vc_raw_html css=\u00bb\u00bb]JTNDZGl2JTIwY2xhc3MlM0QlMjJiYWNrZ3JvdW5kLW92ZXJsYXklMjIlM0UlM0MlMkZkaXYlM0U=[\/vc_raw_html][vc_row_inner row_type=\u00bbrow\u00bb type=\u00bbgrid\u00bb text_align=\u00bbleft\u00bb css_animation=\u00bb\u00bb][vc_column_inner width=\u00bb2\/3&#8243;][vc_empty_space height=\u00bb20px\u00bb][vc_column_text css=\u00bb\u00bb] Actualidad [\/vc_column_text][vc_empty_space][vc_column_text css=\u00bb\u00bb] Como dir\u00eda Abrarac\u00farcix a su sobrino Gudurix, \u00abel hecho de que vivamos en provincia no significa&#8230;<\/p>\n","protected":false},"author":1,"featured_media":0,"parent":0,"menu_order":0,"comment_status":"open","ping_status":"open","template":"full_width.php","meta":{"_acf_changed":false,"footnotes":"","_wp_rev_ctl_limit":""},"class_list":["post-38214","page","type-page","status-publish","hentry"],"acf":[],"yoast_head":"<!-- This site is optimized with the Yoast SEO plugin v26.7 - https:\/\/yoast.com\/wordpress\/plugins\/seo\/ -->\n<title>Actualidad - Ast\u00e9rix<\/title>\n<meta name=\"robots\" content=\"index, follow, max-snippet:-1, max-image-preview:large, max-video-preview:-1\" \/>\n<link rel=\"canonical\" href=\"https:\/\/asterix.com\/es\/actualidad\/\" \/>\n<meta property=\"og:locale\" content=\"es_ES\" \/>\n<meta property=\"og:type\" content=\"article\" \/>\n<meta property=\"og:title\" content=\"Actualidad - Ast\u00e9rix\" \/>\n<meta property=\"og:description\" content=\"[vc_row css_animation=\u00bb\u00bb row_type=\u00bbrow\u00bb use_row_as_full_screen_section=\u00bbno\u00bb type=\u00bbfull_width\u00bb angled_section=\u00bbno\u00bb text_align=\u00bbleft\u00bb background_image_as_pattern=\u00bbwithout_pattern\u00bb el_class=\u00bbrow-blue-background\u00bb z_index=\u00bb\u00bb css=\u00bb.vc_custom_1723815887347{margin-top: -1px !important;padding-top: 0px !important;padding-bottom: 3% !important;}\u00bb][vc_column][vc_empty_space height=\u00bb50px\u00bb][vc_raw_html css=\u00bb\u00bb]JTNDZGl2JTIwY2xhc3MlM0QlMjJiYWNrZ3JvdW5kLW92ZXJsYXklMjIlM0UlM0MlMkZkaXYlM0U=[\/vc_raw_html][vc_row_inner row_type=\u00bbrow\u00bb type=\u00bbgrid\u00bb text_align=\u00bbleft\u00bb css_animation=\u00bb\u00bb][vc_column_inner width=\u00bb2\/3&#8243;][vc_empty_space height=\u00bb20px\u00bb][vc_column_text css=\u00bb\u00bb] Actualidad [\/vc_column_text][vc_empty_space][vc_column_text css=\u00bb\u00bb] Como dir\u00eda Abrarac\u00farcix a su sobrino Gudurix, \u00abel hecho de que vivamos en provincia no significa...\" \/>\n<meta property=\"og:url\" content=\"https:\/\/asterix.com\/es\/actualidad\/\" \/>\n<meta property=\"og:site_name\" content=\"Ast\u00e9rix\" \/>\n<meta property=\"article:modified_time\" content=\"2025-09-14T21:48:53+00:00\" \/>\n<meta name=\"twitter:card\" content=\"summary_large_image\" \/>\n<meta name=\"twitter:label1\" content=\"Tiempo de lectura\" \/>\n\t<meta name=\"twitter:data1\" content=\"1 minuto\" \/>\n<script type=\"application\/ld+json\" class=\"yoast-schema-graph\">{\"@context\":\"https:\/\/schema.org\",\"@graph\":[{\"@type\":\"WebPage\",\"@id\":\"https:\/\/asterix.com\/es\/actualidad\/\",\"url\":\"https:\/\/asterix.com\/es\/actualidad\/\",\"name\":\"Actualidad - Ast\u00e9rix\",\"isPartOf\":{\"@id\":\"https:\/\/asterix.com\/es\/#website\"},\"datePublished\":\"2024-08-14T15:54:05+00:00\",\"dateModified\":\"2025-09-14T21:48:53+00:00\",\"breadcrumb\":{\"@id\":\"https:\/\/asterix.com\/es\/actualidad\/#breadcrumb\"},\"inLanguage\":\"es\",\"potentialAction\":[{\"@type\":\"ReadAction\",\"target\":[\"https:\/\/asterix.com\/es\/actualidad\/\"]}]},{\"@type\":\"BreadcrumbList\",\"@id\":\"https:\/\/asterix.com\/es\/actualidad\/#breadcrumb\",\"itemListElement\":[{\"@type\":\"ListItem\",\"position\":1,\"name\":\"Accueil\",\"item\":\"https:\/\/asterix.com\/es\/\"},{\"@type\":\"ListItem\",\"position\":2,\"name\":\"Actualidad\"}]},{\"@type\":\"WebSite\",\"@id\":\"https:\/\/asterix.com\/es\/#website\",\"url\":\"https:\/\/asterix.com\/es\/\",\"name\":\"Ast\u00e9rix\",\"description\":\"Le site officiel\",\"potentialAction\":[{\"@type\":\"SearchAction\",\"target\":{\"@type\":\"EntryPoint\",\"urlTemplate\":\"https:\/\/asterix.com\/es\/?s={search_term_string}\"},\"query-input\":{\"@type\":\"PropertyValueSpecification\",\"valueRequired\":true,\"valueName\":\"search_term_string\"}}],\"inLanguage\":\"es\"}]}<\/script>\n<!-- \/ Yoast SEO plugin. -->","yoast_head_json":{"title":"Actualidad - Ast\u00e9rix","robots":{"index":"index","follow":"follow","max-snippet":"max-snippet:-1","max-image-preview":"max-image-preview:large","max-video-preview":"max-video-preview:-1"},"canonical":"https:\/\/asterix.com\/es\/actualidad\/","og_locale":"es_ES","og_type":"article","og_title":"Actualidad - Ast\u00e9rix","og_description":"[vc_row css_animation=\u00bb\u00bb row_type=\u00bbrow\u00bb use_row_as_full_screen_section=\u00bbno\u00bb type=\u00bbfull_width\u00bb angled_section=\u00bbno\u00bb text_align=\u00bbleft\u00bb background_image_as_pattern=\u00bbwithout_pattern\u00bb el_class=\u00bbrow-blue-background\u00bb z_index=\u00bb\u00bb css=\u00bb.vc_custom_1723815887347{margin-top: -1px !important;padding-top: 0px !important;padding-bottom: 3% !important;}\u00bb][vc_column][vc_empty_space height=\u00bb50px\u00bb][vc_raw_html css=\u00bb\u00bb]JTNDZGl2JTIwY2xhc3MlM0QlMjJiYWNrZ3JvdW5kLW92ZXJsYXklMjIlM0UlM0MlMkZkaXYlM0U=[\/vc_raw_html][vc_row_inner row_type=\u00bbrow\u00bb type=\u00bbgrid\u00bb text_align=\u00bbleft\u00bb css_animation=\u00bb\u00bb][vc_column_inner width=\u00bb2\/3&#8243;][vc_empty_space height=\u00bb20px\u00bb][vc_column_text css=\u00bb\u00bb] Actualidad [\/vc_column_text][vc_empty_space][vc_column_text css=\u00bb\u00bb] Como dir\u00eda Abrarac\u00farcix a su sobrino Gudurix, \u00abel hecho de que vivamos en provincia no significa...","og_url":"https:\/\/asterix.com\/es\/actualidad\/","og_site_name":"Ast\u00e9rix","article_modified_time":"2025-09-14T21:48:53+00:00","twitter_card":"summary_large_image","twitter_misc":{"Tiempo de lectura":"1 minuto"},"schema":{"@context":"https:\/\/schema.org","@graph":[{"@type":"WebPage","@id":"https:\/\/asterix.com\/es\/actualidad\/","url":"https:\/\/asterix.com\/es\/actualidad\/","name":"Actualidad - Ast\u00e9rix","isPartOf":{"@id":"https:\/\/asterix.com\/es\/#website"},"datePublished":"2024-08-14T15:54:05+00:00","dateModified":"2025-09-14T21:48:53+00:00","breadcrumb":{"@id":"https:\/\/asterix.com\/es\/actualidad\/#breadcrumb"},"inLanguage":"es","potentialAction":[{"@type":"ReadAction","target":["https:\/\/asterix.com\/es\/actualidad\/"]}]},{"@type":"BreadcrumbList","@id":"https:\/\/asterix.com\/es\/actualidad\/#breadcrumb","itemListElement":[{"@type":"ListItem","position":1,"name":"Accueil","item":"https:\/\/asterix.com\/es\/"},{"@type":"ListItem","position":2,"name":"Actualidad"}]},{"@type":"WebSite","@id":"https:\/\/asterix.com\/es\/#website","url":"https:\/\/asterix.com\/es\/","name":"Ast\u00e9rix","description":"Le site officiel","potentialAction":[{"@type":"SearchAction","target":{"@type":"EntryPoint","urlTemplate":"https:\/\/asterix.com\/es\/?s={search_term_string}"},"query-input":{"@type":"PropertyValueSpecification","valueRequired":true,"valueName":"search_term_string"}}],"inLanguage":"es"}]}},"_links":{"self":[{"href":"https:\/\/asterix.com\/es\/wp-json\/wp\/v2\/pages\/38214","targetHints":{"allow":["GET"]}}],"collection":[{"href":"https:\/\/asterix.com\/es\/wp-json\/wp\/v2\/pages"}],"about":[{"href":"https:\/\/asterix.com\/es\/wp-json\/wp\/v2\/types\/page"}],"author":[{"embeddable":true,"href":"https:\/\/asterix.com\/es\/wp-json\/wp\/v2\/users\/1"}],"replies":[{"embeddable":true,"href":"https:\/\/asterix.com\/es\/wp-json\/wp\/v2\/comments?post=38214"}],"version-history":[{"count":2,"href":"https:\/\/asterix.com\/es\/wp-json\/wp\/v2\/pages\/38214\/revisions"}],"predecessor-version":[{"id":45173,"href":"https:\/\/asterix.com\/es\/wp-json\/wp\/v2\/pages\/38214\/revisions\/45173"}],"wp:attachment":[{"href":"https:\/\/asterix.com\/es\/wp-json\/wp\/v2\/media?parent=38214"}],"curies":[{"name":"wp","href":"https:\/\/api.w.org\/{rel}","templated":true}]}}