{"id":43094,"date":"2025-01-30T09:20:08","date_gmt":"2025-01-30T08:20:08","guid":{"rendered":"https:\/\/asterix.com\/politica-de-cookies\/"},"modified":"2025-09-14T23:55:50","modified_gmt":"2025-09-14T21:55:50","slug":"politica-de-cookies","status":"publish","type":"page","link":"https:\/\/asterix.com\/es\/politica-de-cookies\/","title":{"rendered":"Pol\u00edtica de cookies"},"content":{"rendered":"<div class=\"wpb-content-wrapper\"><p>[vc_row css_animation=\u00bb\u00bb row_type=\u00bbrow\u00bb use_row_as_full_screen_section=\u00bbno\u00bb type=\u00bbgrid\u00bb angled_section=\u00bbno\u00bb text_align=\u00bbleft\u00bb background_image_as_pattern=\u00bbwithout_pattern\u00bb z_index=\u00bb\u00bb][vc_column][vc_empty_space height=\u00bb80px\u00bb][vc_raw_html css=\u00bb\u00bb]PGRpdiBjbGFzcz0icm93LWdyZXktYmFja2dyb3VuZCBoZWFkZXIiPjwvZGl2Pg==[\/vc_raw_html][vc_column_text css=\u00bb\u00bb]<\/p>\n<h1>Pol\u00edtica de cookies<\/h1>\n<p>[\/vc_column_text][vc_empty_space height=\u00bb15px\u00bb][vc_column_text css=\u00bb\u00bb]Actualizado el 14\/03\/2025<br \/>\n[\/vc_column_text][vc_empty_space height=\u00bb80px\u00bb][\/vc_column][\/vc_row][vc_row css_animation=\u00bb\u00bb row_type=\u00bbrow\u00bb use_row_as_full_screen_section=\u00bbno\u00bb type=\u00bbgrid\u00bb angled_section=\u00bbno\u00bb text_align=\u00bbleft\u00bb background_image_as_pattern=\u00bbwithout_pattern\u00bb z_index=\u00bb\u00bb][vc_column][vc_column_text css=\u00bb\u00bb]<\/p>\n<h2>1 Definici\u00f3n de trazadores<\/h2>\n<p>[\/vc_column_text][vc_empty_space][vc_column_text css=\u00bb\u00bb]El t\u00e9rmino \u00abrastreadores\u00bb, tambi\u00e9n conocido como \u00abcookies\u00bb, se refiere a un peque\u00f1o archivo de texto que se deposita o lee en su terminal (ordenador, tableta, tel\u00e9fono inteligente, etc.) cuando navega por las p\u00e1ginas web, sujeto a las opciones que haya expresado. El rastreador permite a su emisor identificar el terminal en el que est\u00e1 registrado y acceder, por transmisi\u00f3n electr\u00f3nica, a la informaci\u00f3n almacenada en el terminal receptor del Usuario.[\/vc_column_text][vc_empty_space][vc_column_text css=\u00bb\u00bb]<\/p>\n<h2>2 Rastreadores en el sitio<\/h2>\n<p>[\/vc_column_text][vc_empty_space][vc_column_text css=\u00bb\u00bb]Como Usuario, cuando navega por el Sitio y\/o cuando accede a contenidos externos de servicios de terceros, los rastreadores pueden ser depositados o le\u00eddos en su terminal receptor (por ejemplo, ordenador, tableta, etc.), por el Editor o por terceras empresas (por ejemplo, empresa de medici\u00f3n de audiencia, proveedor de publicidad dirigida, etc.).\u00a0 etc.). As\u00ed, adem\u00e1s de los Datos Personales tratados anteriormente, los rastreadores permiten recopilar, con fines estad\u00edsticos y de seguridad, informaci\u00f3n relativa a la conexi\u00f3n (duraci\u00f3n, p\u00e1ginas del sitio visitadas), el terminal (sistema operativo) y la navegaci\u00f3n de los Usuarios (tipo de navegador). Los detalles de la informaci\u00f3n sobre la naturaleza del rastreador, el emisor del rastreador y los fines perseguidos por este \u00faltimo aparecen en el banner de consentimiento que se muestra cuando navega por primera vez por el Sitio, en el que tiene la posibilidad de consentir u oponerse al dep\u00f3sito y\/o lectura de los rastreadores a prop\u00f3sito de acuerdo con los t\u00e9rminos definidos a continuaci\u00f3n. Adem\u00e1s, de acuerdo con la normativa vigente, se utilizan y\/o depositan sin requerir su consentimiento previo los rastreadores t\u00e9cnicos cuya finalidad es posibilitar o facilitar la comunicaci\u00f3n o necesarios para la prestaci\u00f3n de un servicio que haya solicitado.<br \/>\n[\/vc_column_text][vc_empty_space][vc_column_text css=\u00bb\u00bb]<\/p>\n<h2>3 Rastreadores de medici\u00f3n de audiencia exentos de consentimiento<\/h2>\n<p>[\/vc_column_text][vc_empty_space][vc_column_text css=\u00bb\u00bb]El Editor utiliza rastreadores de medici\u00f3n de audiencia que se benefician de una exenci\u00f3n del consentimiento porque producen datos estad\u00edsticos an\u00f3nimos necesarios para el funcionamiento del Sitio, de acuerdo con <a href=\"https:\/\/www.cnil.fr\/fr\/cookies-et-autres-traceurs\/regles\/cookies-solutions-pour-les-outils-de-mesure-daudience\" target=\"_blank\" rel=\"noopener\"><strong>las recomendaciones de la CNIL<\/strong><\/a><em>.<\/em>[\/vc_column_text][vc_empty_space][vc_raw_html css=\u00bb\u00bb]VGllbmUgbGEgb3BjacOzbiBkZSBvcG9uZXJzZSBhIHN1IHVzbyBlbiBjdWFscXVpZXIgbW9tZW50byBoYWNpZW5kbyBjbGljIDxhIGhyZWY9ImphdmFzY3JpcHQ6RGlkb21pLnByZWZlcmVuY2VzLnNob3coKTsiPmFxdcOtPC9hPi48YnI+DQpBbCBoYWNlciBjbGljIGVuIGVsIGVubGFjZSBkZSBhcnJpYmEsIHNlIHJlZ2lzdHJhcsOhIHN1IG9iamVjacOzbi4gUHVlZGUgZGVzaGFjZXIgZXN0YSBvYmplY2nDs24gaGFjaWVuZG8gY2xpYyB5IGNhbWJpYW5kbyBzdXMgb3BjaW9uZXMuDQo=[\/vc_raw_html][vc_empty_space][vc_column_text css=\u00bb\u00bb]<\/p>\n<h2>4 Gestionar el dep\u00f3sito y el uso de rastreadores en el Sitio<\/h2>\n<p>[\/vc_column_text][vc_empty_space][vc_column_text css=\u00bb\u00bb]Cuando visita por primera vez el Sitio desde un terminal, se le ofrece, a trav\u00e9s de la visualizaci\u00f3n de un banner informativo y una interfaz de configuraci\u00f3n, dar su consentimiento o rechazar el dep\u00f3sito y\/o el uso de ciertos rastreadores por parte del Editor y\/o sus socios. Si est\u00e1 de acuerdo expresamente, da su consentimiento para el dep\u00f3sito y la lectura de los rastreadores en su terminal. Si se niega, los rastreadores sujetos a consentimiento no se almacenar\u00e1n ni se utilizar\u00e1n en su dispositivo.<\/p>\n<p>&nbsp;<\/p>\n<p>Los usuarios reconocen, sin embargo, que el rechazo de los rastreadores que son estrictamente necesarios para el correcto funcionamiento del Sitio puede afectar su uso del Sitio.<\/p>\n<p>&nbsp;<\/p>\n<p>Adem\u00e1s de la elecci\u00f3n realizada durante su primera visita desde un terminal en el Sitio, puede modificar estas opciones en cualquier momento, de acuerdo con los procedimientos que se describen a continuaci\u00f3n:<\/p>\n<p>&nbsp;<\/p>\n<ul>\n<li><strong>O modificando sus opciones desde nuestro m\u00f3dulo de configuraci\u00f3n de rastreadores en el Sitio. <\/strong>Al hacer clic en el enlace \u00abEstablezca sus preferencias de cookies\u00bb en la parte inferior del Sitio, puede volver a acceder a la visualizaci\u00f3n de la interfaz de configuraci\u00f3n y, por lo tanto, tener la posibilidad de consentir u oponerse al dep\u00f3sito y\/o lectura de rastreadores por prop\u00f3sito.<\/li>\n<\/ul>\n<p>&nbsp;<\/p>\n<ul>\n<li><strong>O configurando su navegador de Internet. <\/strong>Puede configurar su navegador para identificar los rastreadores que est\u00e1n o est\u00e1n a punto de ser depositados en su dispositivo, y as\u00ed aceptar o rechazar los rastreadores caso por caso o en su totalidad de forma sistem\u00e1tica. Puede configurar sus preferencias, en funci\u00f3n de su navegador, haciendo clic en los siguientes enlaces:\n<ul>\n<li>Chrome :\u00a0<a href=\"http:\/\/support.google.com\/chrome\/bin\/answer.py?hl=fr&amp;hlrm=en&amp;answer=95647\" target=\"_blank\" rel=\"noopener\">http:\/\/support.google.com\/chrome\/bin\/answer.py?hl=fr&amp;hlrm=en&amp;answer=95647<\/a><\/li>\n<li>Firefox :\u00a0<a href=\"https:\/\/support.mozilla.org\/es\/kb\/Protecci%C3%B3n-contra-el-rastreo-mejorada-en-Firefox\" target=\"_blank\" rel=\"noopener\">https:\/\/support.mozilla.org\/es\/kb\/Protecci%C3%B3n-contra-el-rastreo-mejorada-en-Firefox<\/a><\/li>\n<li>Safari :\u00a0<a href=\"https:\/\/support.apple.com\/kb\/ph17191?locale=fr_FR&amp;viewlocale=fr_FR\" target=\"_blank\" rel=\"noopener\">https:\/\/support.apple.com\/kb\/ph17191?locale=fr_FR&amp;viewlocale=fr_FR<\/a><\/li>\n<li>Opera :\u00a0<a href=\"http:\/\/help.opera.com\/Windows\/10.20\/fr\/cookies.html\" target=\"_blank\" rel=\"noopener\">http:\/\/help.opera.com\/Windows\/10.20\/fr\/cookies.html<\/a><\/li>\n<li>Edge : <a href=\"https:\/\/support.microsoft.com\/es-es\/windows\/administrar-cookies-en-microsoft-edge\" target=\"_blank\" rel=\"noopener\">https:\/\/support.microsoft.com\/es-es\/windows\/administrar-cookies-en-microsoft-edge<\/a><\/li>\n<\/ul>\n<\/li>\n<\/ul>\n<p>&nbsp;<\/p>\n<p>https:\/\/support.microsoft.com\/es-es\/windows\/administrar-cookies-en-microsoft-edge<\/p>\n<p>iOS : <a href=\"https:\/\/support.apple.com\/es-es\/105082\" target=\"_blank\" rel=\"noopener\">https:\/\/support.apple.com\/es-es\/105082<\/a><br \/>\nAndroid: <a href=\"https:\/\/support.google.com\/accounts\/answer\/61416?co=GENIE.Platform%3DAndroid&amp;hl=en\" target=\"_blank\" rel=\"noopener\">https:\/\/support.google.com\/accounts\/answer\/61416?co=GENIE.Platform%3DAndroid&amp;hl=en<\/a><\/p>\n<p>&nbsp;<\/p>\n<p>La configuraci\u00f3n de los diferentes navegadores est\u00e1 sujeta a cambios. En caso de dificultades, le invitamos a consultar <a href=\"https:\/\/www.cnil.fr\/fr\/cookies-et-autres-traceurs\/comment-se-proteger\/maitriser-votre-navigateur#5554\" target=\"_blank\" rel=\"noopener\"><strong>las recomendaciones de la CNIL,<\/strong><\/a> que proporciona herramientas y consejos para limitar los rastros de su navegaci\u00f3n web en los diferentes navegadores.[\/vc_column_text][\/vc_column][\/vc_row][vc_row css_animation=\u00bb\u00bb row_type=\u00bbrow\u00bb use_row_as_full_screen_section=\u00bbno\u00bb type=\u00bbfull_width\u00bb angled_section=\u00bbno\u00bb text_align=\u00bbleft\u00bb background_image_as_pattern=\u00bbwithout_pattern\u00bb z_index=\u00bb\u00bb][vc_column][vc_raw_html css=\u00bb\u00bb]PGRpdiBjbGFzcz0icm93LWdyZXktYmFja2dyb3VuZCBib3R0b20iPjwvZGl2Pg==[\/vc_raw_html][vc_empty_space height=\u00bb200px\u00bb][\/vc_column][\/vc_row][vc_row css_animation=\u00bb\u00bb row_type=\u00bbrow\u00bb use_row_as_full_screen_section=\u00bbno\u00bb type=\u00bbgrid\u00bb angled_section=\u00bbno\u00bb text_align=\u00bbleft\u00bb background_image_as_pattern=\u00bbwithout_pattern\u00bb z_index=\u00bb\u00bb el_class=\u00bbcontact-footer-row\u00bb el_id=\u00bbnewsletter\u00bb][vc_column el_class=\u00bbcontact-footer-col\u00bb]\n<div class=\"wpcf7 no-js\" id=\"wpcf7-f38820-o1\" lang=\"es-ES\" dir=\"ltr\" data-wpcf7-id=\"38820\">\n<div class=\"screen-reader-response\"><p role=\"status\" aria-live=\"polite\" aria-atomic=\"true\"><\/p> <ul><\/ul><\/div>\n<form action=\"\/es\/wp-json\/wp\/v2\/pages\/43094#wpcf7-f38820-o1\" method=\"post\" class=\"wpcf7-form init default\" aria-label=\"Formulario de contacto\" novalidate=\"novalidate\" data-status=\"init\">\n<fieldset class=\"hidden-fields-container\"><input type=\"hidden\" name=\"_wpcf7\" value=\"38820\" \/><input type=\"hidden\" name=\"_wpcf7_version\" value=\"6.1.1\" \/><input type=\"hidden\" name=\"_wpcf7_locale\" value=\"es_ES\" \/><input type=\"hidden\" name=\"_wpcf7_unit_tag\" value=\"wpcf7-f38820-o1\" \/><input type=\"hidden\" name=\"_wpcf7_container_post\" value=\"0\" \/><input type=\"hidden\" name=\"_wpcf7_posted_data_hash\" value=\"\" \/><input type=\"hidden\" name=\"_wpcf7cf_hidden_group_fields\" value=\"[]\" \/><input type=\"hidden\" name=\"_wpcf7cf_hidden_groups\" value=\"[]\" \/><input type=\"hidden\" name=\"_wpcf7cf_visible_groups\" value=\"[]\" \/><input type=\"hidden\" name=\"_wpcf7cf_repeaters\" value=\"[]\" \/><input type=\"hidden\" name=\"_wpcf7cf_steps\" value=\"{}\" \/><input type=\"hidden\" name=\"_wpcf7cf_options\" value=\"{&quot;form_id&quot;:38820,&quot;conditions&quot;:[{&quot;then_field&quot;:&quot;groupe-email-parent&quot;,&quot;and_rules&quot;:[{&quot;if_field&quot;:&quot;radio-age&quot;,&quot;operator&quot;:&quot;equals&quot;,&quot;if_value&quot;:&quot;Tengo menos de 15 a\\u00f1os&quot;}]}],&quot;settings&quot;:{&quot;animation&quot;:&quot;yes&quot;,&quot;animation_intime&quot;:200,&quot;animation_outtime&quot;:200,&quot;conditions_ui&quot;:&quot;normal&quot;,&quot;notice_dismissed&quot;:false,&quot;notice_dismissed_update-cf7-6.0.3&quot;:true}}\" \/>\n<\/fieldset>\n<div style=\"text-align: center;\">\n\t<h3 style=\" font-size: 45px;\"><span style=\"color: #E30521;\">Misiva<\/span>\n\t<\/h3>\n\t<p style=\"font-size: 14px;line-height: normal;padding: 10px 0 15px;\"><strong>Nuestro cartero Filatelix dejar\u00e1 en tu correo electr\u00f3nico la Misiva de Ast\u00e9rix y Ob\u00e9lix completamente gratis.<\/strong><br \/>\nDe esta manera, te mantendr\u00e1s informado de todo lo que se esconde detr\u00e1s de los \u00e1lbumes, videojuegos, concursos y pel\u00edculas de Ast\u00e9rix.<br \/>\nSi deseas suscribirte, nada m\u00e1s sencillo: basta con rellenar el m\u00e1rmol que figura a continuaci\u00f3n.\n\t<\/p>\n<\/div>\n<div class=\"three_columns clearfix\">\n\t<div class=\"column1\">\n\t\t<div class=\"column_inner\">\n\t\t\t<p><span class=\"wpcf7-form-control-wrap\" data-name=\"firstName\"><input size=\"40\" maxlength=\"400\" class=\"wpcf7-form-control wpcf7-text wpcf7-validates-as-required\" aria-required=\"true\" aria-invalid=\"false\" placeholder=\"Nombre\" value=\"\" type=\"text\" name=\"firstName\" \/><\/span>\n\t\t\t<\/p>\n\t\t<\/div>\n\t<\/div>\n\t<div class=\"column2\">\n\t\t<div class=\"column_inner\">\n\t\t\t<p><span class=\"wpcf7-form-control-wrap\" data-name=\"nom\"><input size=\"40\" maxlength=\"400\" class=\"wpcf7-form-control wpcf7-text wpcf7-validates-as-required\" aria-required=\"true\" aria-invalid=\"false\" placeholder=\"Apellido\" value=\"\" type=\"text\" name=\"nom\" \/><\/span>\n\t\t\t<\/p>\n\t\t<\/div>\n\t<\/div>\n\t<div class=\"column3\">\n\t\t<div class=\"column_inner\">\n\t\t\t<p><span class=\"wpcf7-form-control-wrap\" data-name=\"email\"><input size=\"40\" maxlength=\"400\" class=\"wpcf7-form-control wpcf7-email wpcf7-validates-as-required wpcf7-text wpcf7-validates-as-email\" aria-required=\"true\" aria-invalid=\"false\" placeholder=\"Correo electr\u00f3nico\" value=\"\" type=\"email\" name=\"email\" \/><\/span>\n\t\t\t<\/p>\n\t\t<\/div>\n\t<\/div>\n<\/div>\n<div class=\"column_inner\" style=\"text-align:center;\">\n\t<p><span class=\"wpcf7-form-control-wrap\" data-name=\"radio-age\"><span class=\"wpcf7-form-control wpcf7-radio\"><span class=\"wpcf7-list-item first\"><label><input type=\"radio\" name=\"radio-age\" value=\"Tengo m\u00e1s de 15 a\u00f1os\" \/><span class=\"wpcf7-list-item-label\">Tengo m\u00e1s de 15 a\u00f1os<\/span><\/label><\/span><span class=\"wpcf7-list-item last\"><label><input type=\"radio\" name=\"radio-age\" value=\"Tengo menos de 15 a\u00f1os\" \/><span class=\"wpcf7-list-item-label\">Tengo menos de 15 a\u00f1os<\/span><\/label><\/span><\/span><\/span>\n\t<\/p>\n<\/div>\n<div data-id=\"groupe-email-parent\" data-orig_data_id=\"groupe-email-parent\"  class=\"\" data-class=\"wpcf7cf_group\">\n\t<div class=\"three_columns clearfix\">\n\t\t<div class=\"column1\">\n\t\t\t<div class=\"column_inner\">\n\t\t\t\t<p>&nbsp;\n\t\t\t\t<\/p>\n\t\t\t<\/div>\n\t\t<\/div>\n\t\t<div class=\"column2\">\n\t\t\t<div class=\"column_inner\">\n\t\t\t\t<p><span class=\"wpcf7-form-control-wrap\" data-name=\"email-parent\"><input size=\"40\" maxlength=\"400\" class=\"wpcf7-form-control wpcf7-email wpcf7-validates-as-required wpcf7-text wpcf7-validates-as-email\" aria-required=\"true\" aria-invalid=\"false\" placeholder=\"Correo electr\u00f3nico del padre\/madre\/tutor*\" value=\"\" type=\"email\" name=\"email-parent\" \/><\/span>\n\t\t\t\t<\/p>\n\t\t\t<\/div>\n\t\t<\/div>\n\t\t<div class=\"column3\">\n\t\t\t<div class=\"column_inner\">\n\t\t\t\t<p>&nbsp;\n\t\t\t\t<\/p>\n\t\t\t<\/div>\n\t\t<\/div>\n\t<\/div>\n<\/div>\n<div class=\"three_columns clearfix\">\n\t<div class=\"column1\">\n\t\t<div class=\"column_inner\">\n\t\t\t<p><span class=\"wpcf7-form-control-wrap\" data-name=\"language\"><select class=\"wpcf7-form-control wpcf7-select wpcf7-validates-as-required\" aria-required=\"true\" aria-invalid=\"false\" name=\"language\"><option value=\"\">Idioma<\/option><option value=\"Fran\u00e7ais\">Fran\u00e7ais<\/option><option value=\"English\">English<\/option><option value=\"Deutsch\">Deutsch<\/option><option value=\"Espa\u00f1ol\">Espa\u00f1ol<\/option><option value=\"Nederlands\">Nederlands<\/option><\/select><\/span>\n\t\t\t<\/p>\n\t\t<\/div>\n\t<\/div>\n\t<div class=\"column2\">\n\t\t<div class=\"column_inner\">\n\t\t\t<p><input class=\"wpcf7-form-control wpcf7-submit has-spinner\" type=\"submit\" value=\"ENVIAR\" \/>\n\t\t\t<\/p>\n\t\t<\/div>\n\t<\/div>\n<\/div>\n<div style=\"text-align: center;\">\n\t<p style=\"font-size: 11px;line-height: normal;padding-top: 25px;\">Tu direcci\u00f3n de correo electr\u00f3nico solo se utilizar\u00e1 para enviarte informaci\u00f3n sobre las noticias de Ast\u00e9rix.<br \/>\nPuedes darte de baja en cualquier momento. Para m\u00e1s informaci\u00f3n, <a href=\"https:\/\/asterix.com\/es\/politica-de-privacidad\/\" target=\"_blank\" style=\"color: #E30521;\">haz clic aqu\u00ed<\/a>.\n\t<\/p>\n<\/div><input type='hidden' class='wpcf7-pum' value='{\"closepopup\":false,\"closedelay\":0,\"openpopup\":false,\"openpopup_id\":0}' \/><div class=\"wpcf7-response-output\" aria-hidden=\"true\"><\/div>\n<\/form>\n<\/div>\n[\/vc_column][\/vc_row]<\/p>\n<\/div>","protected":false},"excerpt":{"rendered":"<p>[vc_row css_animation=\u00bb\u00bb row_type=\u00bbrow\u00bb use_row_as_full_screen_section=\u00bbno\u00bb type=\u00bbgrid\u00bb angled_section=\u00bbno\u00bb text_align=\u00bbleft\u00bb background_image_as_pattern=\u00bbwithout_pattern\u00bb z_index=\u00bb\u00bb][vc_column][vc_empty_space height=\u00bb80px\u00bb][vc_raw_html css=\u00bb\u00bb]PGRpdiBjbGFzcz0icm93LWdyZXktYmFja2dyb3VuZCBoZWFkZXIiPjwvZGl2Pg==[\/vc_raw_html][vc_column_text css=\u00bb\u00bb] Pol\u00edtica de cookies [\/vc_column_text][vc_empty_space height=\u00bb15px\u00bb][vc_column_text css=\u00bb\u00bb]Actualizado el 14\/03\/2025 [\/vc_column_text][vc_empty_space height=\u00bb80px\u00bb][\/vc_column][\/vc_row][vc_row css_animation=\u00bb\u00bb row_type=\u00bbrow\u00bb use_row_as_full_screen_section=\u00bbno\u00bb type=\u00bbgrid\u00bb angled_section=\u00bbno\u00bb text_align=\u00bbleft\u00bb background_image_as_pattern=\u00bbwithout_pattern\u00bb z_index=\u00bb\u00bb][vc_column][vc_column_text css=\u00bb\u00bb] 1 Definici\u00f3n de trazadores [\/vc_column_text][vc_empty_space][vc_column_text css=\u00bb\u00bb]El t\u00e9rmino \u00abrastreadores\u00bb, tambi\u00e9n conocido como \u00abcookies\u00bb, se refiere&#8230;<\/p>\n","protected":false},"author":10,"featured_media":0,"parent":0,"menu_order":0,"comment_status":"closed","ping_status":"closed","template":"full_width.php","meta":{"_acf_changed":false,"footnotes":"","_wp_rev_ctl_limit":""},"class_list":["post-43094","page","type-page","status-publish","hentry"],"acf":[],"yoast_head":"<!-- This site is optimized with the Yoast SEO plugin v26.7 - https:\/\/yoast.com\/wordpress\/plugins\/seo\/ -->\n<title>Pol\u00edtica de cookies - Ast\u00e9rix<\/title>\n<meta name=\"robots\" content=\"index, follow, max-snippet:-1, max-image-preview:large, max-video-preview:-1\" \/>\n<link rel=\"canonical\" href=\"https:\/\/asterix.com\/es\/politica-de-cookies\/\" \/>\n<meta property=\"og:locale\" content=\"es_ES\" \/>\n<meta property=\"og:type\" content=\"article\" \/>\n<meta property=\"og:title\" content=\"Pol\u00edtica de cookies - Ast\u00e9rix\" \/>\n<meta property=\"og:description\" content=\"[vc_row css_animation=\u00bb\u00bb row_type=\u00bbrow\u00bb use_row_as_full_screen_section=\u00bbno\u00bb type=\u00bbgrid\u00bb angled_section=\u00bbno\u00bb text_align=\u00bbleft\u00bb background_image_as_pattern=\u00bbwithout_pattern\u00bb z_index=\u00bb\u00bb][vc_column][vc_empty_space height=\u00bb80px\u00bb][vc_raw_html css=\u00bb\u00bb]PGRpdiBjbGFzcz0icm93LWdyZXktYmFja2dyb3VuZCBoZWFkZXIiPjwvZGl2Pg==[\/vc_raw_html][vc_column_text css=\u00bb\u00bb] Pol\u00edtica de cookies [\/vc_column_text][vc_empty_space height=\u00bb15px\u00bb][vc_column_text css=\u00bb\u00bb]Actualizado el 14\/03\/2025 [\/vc_column_text][vc_empty_space height=\u00bb80px\u00bb][\/vc_column][\/vc_row][vc_row css_animation=\u00bb\u00bb row_type=\u00bbrow\u00bb use_row_as_full_screen_section=\u00bbno\u00bb type=\u00bbgrid\u00bb angled_section=\u00bbno\u00bb text_align=\u00bbleft\u00bb background_image_as_pattern=\u00bbwithout_pattern\u00bb z_index=\u00bb\u00bb][vc_column][vc_column_text css=\u00bb\u00bb] 1 Definici\u00f3n de trazadores [\/vc_column_text][vc_empty_space][vc_column_text css=\u00bb\u00bb]El t\u00e9rmino \u00abrastreadores\u00bb, tambi\u00e9n conocido como \u00abcookies\u00bb, se refiere...\" \/>\n<meta property=\"og:url\" content=\"https:\/\/asterix.com\/es\/politica-de-cookies\/\" \/>\n<meta property=\"og:site_name\" content=\"Ast\u00e9rix\" \/>\n<meta property=\"article:modified_time\" content=\"2025-09-14T21:55:50+00:00\" \/>\n<meta name=\"twitter:card\" content=\"summary_large_image\" \/>\n<meta name=\"twitter:label1\" content=\"Tiempo de lectura\" \/>\n\t<meta name=\"twitter:data1\" content=\"4 minutos\" \/>\n<script type=\"application\/ld+json\" class=\"yoast-schema-graph\">{\"@context\":\"https:\/\/schema.org\",\"@graph\":[{\"@type\":\"WebPage\",\"@id\":\"https:\/\/asterix.com\/es\/politica-de-cookies\/\",\"url\":\"https:\/\/asterix.com\/es\/politica-de-cookies\/\",\"name\":\"Pol\u00edtica de cookies - Ast\u00e9rix\",\"isPartOf\":{\"@id\":\"https:\/\/asterix.com\/es\/#website\"},\"datePublished\":\"2025-01-30T08:20:08+00:00\",\"dateModified\":\"2025-09-14T21:55:50+00:00\",\"breadcrumb\":{\"@id\":\"https:\/\/asterix.com\/es\/politica-de-cookies\/#breadcrumb\"},\"inLanguage\":\"es\",\"potentialAction\":[{\"@type\":\"ReadAction\",\"target\":[\"https:\/\/asterix.com\/es\/politica-de-cookies\/\"]}]},{\"@type\":\"BreadcrumbList\",\"@id\":\"https:\/\/asterix.com\/es\/politica-de-cookies\/#breadcrumb\",\"itemListElement\":[{\"@type\":\"ListItem\",\"position\":1,\"name\":\"Accueil\",\"item\":\"https:\/\/asterix.com\/es\/\"},{\"@type\":\"ListItem\",\"position\":2,\"name\":\"Pol\u00edtica de cookies\"}]},{\"@type\":\"WebSite\",\"@id\":\"https:\/\/asterix.com\/es\/#website\",\"url\":\"https:\/\/asterix.com\/es\/\",\"name\":\"Ast\u00e9rix\",\"description\":\"Le site officiel\",\"potentialAction\":[{\"@type\":\"SearchAction\",\"target\":{\"@type\":\"EntryPoint\",\"urlTemplate\":\"https:\/\/asterix.com\/es\/?s={search_term_string}\"},\"query-input\":{\"@type\":\"PropertyValueSpecification\",\"valueRequired\":true,\"valueName\":\"search_term_string\"}}],\"inLanguage\":\"es\"}]}<\/script>\n<!-- \/ Yoast SEO plugin. -->","yoast_head_json":{"title":"Pol\u00edtica de cookies - Ast\u00e9rix","robots":{"index":"index","follow":"follow","max-snippet":"max-snippet:-1","max-image-preview":"max-image-preview:large","max-video-preview":"max-video-preview:-1"},"canonical":"https:\/\/asterix.com\/es\/politica-de-cookies\/","og_locale":"es_ES","og_type":"article","og_title":"Pol\u00edtica de cookies - Ast\u00e9rix","og_description":"[vc_row css_animation=\u00bb\u00bb row_type=\u00bbrow\u00bb use_row_as_full_screen_section=\u00bbno\u00bb type=\u00bbgrid\u00bb angled_section=\u00bbno\u00bb text_align=\u00bbleft\u00bb background_image_as_pattern=\u00bbwithout_pattern\u00bb z_index=\u00bb\u00bb][vc_column][vc_empty_space height=\u00bb80px\u00bb][vc_raw_html css=\u00bb\u00bb]PGRpdiBjbGFzcz0icm93LWdyZXktYmFja2dyb3VuZCBoZWFkZXIiPjwvZGl2Pg==[\/vc_raw_html][vc_column_text css=\u00bb\u00bb] Pol\u00edtica de cookies [\/vc_column_text][vc_empty_space height=\u00bb15px\u00bb][vc_column_text css=\u00bb\u00bb]Actualizado el 14\/03\/2025 [\/vc_column_text][vc_empty_space height=\u00bb80px\u00bb][\/vc_column][\/vc_row][vc_row css_animation=\u00bb\u00bb row_type=\u00bbrow\u00bb use_row_as_full_screen_section=\u00bbno\u00bb type=\u00bbgrid\u00bb angled_section=\u00bbno\u00bb text_align=\u00bbleft\u00bb background_image_as_pattern=\u00bbwithout_pattern\u00bb z_index=\u00bb\u00bb][vc_column][vc_column_text css=\u00bb\u00bb] 1 Definici\u00f3n de trazadores [\/vc_column_text][vc_empty_space][vc_column_text css=\u00bb\u00bb]El t\u00e9rmino \u00abrastreadores\u00bb, tambi\u00e9n conocido como \u00abcookies\u00bb, se refiere...","og_url":"https:\/\/asterix.com\/es\/politica-de-cookies\/","og_site_name":"Ast\u00e9rix","article_modified_time":"2025-09-14T21:55:50+00:00","twitter_card":"summary_large_image","twitter_misc":{"Tiempo de lectura":"4 minutos"},"schema":{"@context":"https:\/\/schema.org","@graph":[{"@type":"WebPage","@id":"https:\/\/asterix.com\/es\/politica-de-cookies\/","url":"https:\/\/asterix.com\/es\/politica-de-cookies\/","name":"Pol\u00edtica de cookies - Ast\u00e9rix","isPartOf":{"@id":"https:\/\/asterix.com\/es\/#website"},"datePublished":"2025-01-30T08:20:08+00:00","dateModified":"2025-09-14T21:55:50+00:00","breadcrumb":{"@id":"https:\/\/asterix.com\/es\/politica-de-cookies\/#breadcrumb"},"inLanguage":"es","potentialAction":[{"@type":"ReadAction","target":["https:\/\/asterix.com\/es\/politica-de-cookies\/"]}]},{"@type":"BreadcrumbList","@id":"https:\/\/asterix.com\/es\/politica-de-cookies\/#breadcrumb","itemListElement":[{"@type":"ListItem","position":1,"name":"Accueil","item":"https:\/\/asterix.com\/es\/"},{"@type":"ListItem","position":2,"name":"Pol\u00edtica de cookies"}]},{"@type":"WebSite","@id":"https:\/\/asterix.com\/es\/#website","url":"https:\/\/asterix.com\/es\/","name":"Ast\u00e9rix","description":"Le site officiel","potentialAction":[{"@type":"SearchAction","target":{"@type":"EntryPoint","urlTemplate":"https:\/\/asterix.com\/es\/?s={search_term_string}"},"query-input":{"@type":"PropertyValueSpecification","valueRequired":true,"valueName":"search_term_string"}}],"inLanguage":"es"}]}},"_links":{"self":[{"href":"https:\/\/asterix.com\/es\/wp-json\/wp\/v2\/pages\/43094","targetHints":{"allow":["GET"]}}],"collection":[{"href":"https:\/\/asterix.com\/es\/wp-json\/wp\/v2\/pages"}],"about":[{"href":"https:\/\/asterix.com\/es\/wp-json\/wp\/v2\/types\/page"}],"author":[{"embeddable":true,"href":"https:\/\/asterix.com\/es\/wp-json\/wp\/v2\/users\/10"}],"replies":[{"embeddable":true,"href":"https:\/\/asterix.com\/es\/wp-json\/wp\/v2\/comments?post=43094"}],"version-history":[{"count":2,"href":"https:\/\/asterix.com\/es\/wp-json\/wp\/v2\/pages\/43094\/revisions"}],"predecessor-version":[{"id":45188,"href":"https:\/\/asterix.com\/es\/wp-json\/wp\/v2\/pages\/43094\/revisions\/45188"}],"wp:attachment":[{"href":"https:\/\/asterix.com\/es\/wp-json\/wp\/v2\/media?parent=43094"}],"curies":[{"name":"wp","href":"https:\/\/api.w.org\/{rel}","templated":true}]}}