{"id":42490,"date":"2024-10-04T18:56:37","date_gmt":"2024-10-04T16:56:37","guid":{"rendered":"https:\/\/asterix.com\/rene-goscinny\/"},"modified":"2025-09-14T23:24:41","modified_gmt":"2025-09-14T21:24:41","slug":"rene-goscinny","status":"publish","type":"page","link":"https:\/\/asterix.com\/nl\/rene-goscinny\/","title":{"rendered":"Ren\u00e9 Goscinny"},"content":{"rendered":"<div class=\"wpb-content-wrapper\"><p>[vc_row css_animation=&#8221;&#8221; row_type=&#8221;row&#8221; use_row_as_full_screen_section=&#8221;no&#8221; type=&#8221;full_width&#8221; angled_section=&#8221;no&#8221; text_align=&#8221;left&#8221; background_image_as_pattern=&#8221;without_pattern&#8221; z_index=&#8221;&#8221; css=&#8221;.vc_custom_1728063465331{margin-top: -1px !important;padding-top: 0px !important;padding-bottom: 15px !important;}&#8221; el_class=&#8221;row-orange-background&#8221;][vc_column][vc_raw_html css=&#8221;&#8221;]PGRpdiBjbGFzcz0iYmFja2dyb3VuZC1vdmVybGF5Ij48L2Rpdj4=[\/vc_raw_html][vc_row_inner row_type=&#8221;row&#8221; type=&#8221;grid&#8221; text_align=&#8221;left&#8221; css_animation=&#8221;&#8221; css=&#8221;.vc_custom_1732884144942{padding-top: 50px !important;padding-bottom: 30px !important;}&#8221;][vc_column_inner][qode_elements_holder number_of_columns=&#8221;two_columns&#8221; columns_proportion=&#8221;33_66&#8243;][qode_elements_holder_item vertical_alignment=&#8221;top&#8221; advanced_animations=&#8221;no&#8221; item_padding_600_768=&#8221;35px 0 0&#8243; item_padding_480_600=&#8221;35px 0 0&#8243; item_padding_480=&#8221;35px 0 0&#8243;][vc_single_image image=&#8221;15502&#8243; img_size=&#8221;full&#8221; alignment=&#8221;center&#8221; css=&#8221;&#8221; qode_css_animation=&#8221;&#8221; el_class=&#8221;img-createur&#8221;][\/qode_elements_holder_item][qode_elements_holder_item vertical_alignment=&#8221;top&#8221; advanced_animations=&#8221;no&#8221; item_padding=&#8221;10px 33% 0 10%&#8221; item_padding_768_1024=&#8221;5%&#8221; item_padding_600_768=&#8221;0 5% 70px&#8221; item_padding_480_600=&#8221;0 5% 70px&#8221; item_padding_480=&#8221;0 5% 70px&#8221; custom_class=&#8221;pres-createur&#8221;][vc_column_text css=&#8221;&#8221; el_class=&#8221;title-createur&#8221;]<\/p>\n<h1 style=\"color: #ffffff; text-transform: none;\">Ren\u00e9 Goscinny<\/h1>\n<p>[\/vc_column_text][vc_empty_space height=&#8221;15px&#8221;][vc_column_text css=&#8221;&#8221;]<\/p>\n<p style=\"color: #ffffff; font-size: 1.2em;\">Ren\u00e9 Goscinny wordt in Parijs geboren. De kleine Ren\u00e9 vertrekt met zijn ouders naar Argentini\u00eb waar zijn vader een baan kreeg. Hij beleefde er een fijne jeugd en bezocht er de Franse middelbare school in Buenos Aires, waar hij toen al opviel als een aartsgrappenmaker.<\/p>\n<p>[\/vc_column_text][vc_empty_space height=&#8221;15px&#8221;][\/qode_elements_holder_item][\/qode_elements_holder][\/vc_column_inner][\/vc_row_inner][\/vc_column][\/vc_row][vc_row css_animation=&#8221;&#8221; row_type=&#8221;row&#8221; use_row_as_full_screen_section=&#8221;no&#8221; type=&#8221;grid&#8221; angled_section=&#8221;no&#8221; text_align=&#8221;left&#8221; background_image_as_pattern=&#8221;without_pattern&#8221; z_index=&#8221;&#8221; anchor=&#8221;biography&#8221;][vc_column width=&#8221;2\/3&#8243;][vc_column_text css=&#8221;&#8221;]<\/p>\n<h2><i class=\"qode_icon_font_awesome_5 fa5 fa fa-angle-right\"><\/i>Biografie<\/h2>\n<p>[\/vc_column_text][\/vc_column][vc_column width=&#8221;1\/3&#8243;][\/vc_column][\/vc_row][vc_row css_animation=&#8221;&#8221; row_type=&#8221;row&#8221; use_row_as_full_screen_section=&#8221;no&#8221; type=&#8221;grid&#8221; angled_section=&#8221;no&#8221; text_align=&#8221;left&#8221; background_image_as_pattern=&#8221;without_pattern&#8221; z_index=&#8221;&#8221; anchor=&#8221;biographie&#8221;][vc_column width=&#8221;2\/3&#8243;][vc_column_text css=&#8221;&#8221;]<span style=\"color: #e30521;\"><strong>1926<\/strong><\/span><\/p>\n<p>&nbsp;<\/p>\n<p>Ren\u00e9 Goscinny wordt in Parijs geboren.<\/p>\n<p>&nbsp;<\/p>\n<p><span style=\"color: #e30521;\"><strong>1928<\/strong><\/span><\/p>\n<p>&nbsp;<\/p>\n<p>De kleine Ren\u00e9 vertrekt met zijn ouders naar Argentini\u00eb waar zijn vader een baan kreeg. Hij beleefde er een fijne jeugd en bezocht er de Franse middelbare school in Buenos Aires, waar hij toen al opviel als een aartsgrappenmaker.<\/p>\n<p>&nbsp;<\/p>\n<p><span style=\"color: #e30521;\"><strong>1943<\/strong><\/span><\/p>\n<p>&nbsp;<\/p>\n<p>Dat weerhield hem er niet van een letterendiploma te halen en aan de kunstacademie te gaan studeren.<br \/>\nIn Zuid-Amerika waren de Goscinny\u2019s veilig, maar vele familieleden in Europa overleefden de oorlog niet. Ren\u00e9 zal daar zijn leven lang onder lijden.<\/p>\n<p>[\/vc_column_text][vc_empty_space][\/vc_column][vc_column width=&#8221;1\/3&#8243;][vc_single_image image=&#8221;15514&#8243; img_size=&#8221;full&#8221; alignment=&#8221;center&#8221; css=&#8221;&#8221; qode_css_animation=&#8221;&#8221;][\/vc_column][\/vc_row][vc_row css_animation=&#8221;&#8221; row_type=&#8221;row&#8221; use_row_as_full_screen_section=&#8221;no&#8221; type=&#8221;grid&#8221; angled_section=&#8221;no&#8221; text_align=&#8221;left&#8221; background_image_as_pattern=&#8221;without_pattern&#8221; z_index=&#8221;&#8221; anchor=&#8221;biographie&#8221;][vc_column][vc_column_text css=&#8221;&#8221;]<span style=\"color: #e30521;\"><strong>1945<\/strong><\/span><\/p>\n<p>&nbsp;<\/p>\n<p>Wegens het overlijden van zijn vader moest Ren\u00e9 al jong een baantje zoeken.<br \/>\nNa wat geklus, wordt hij hulptekenaar in een reclamebureau. Kort daarna vertrekt hij naar New York, op uitnodiging van een oom die daar woont.<br \/>\nVijf jaar lang blijft het tobben. Geen geld, geen werk. Hij besluit daarom zijn dienstplicht in het Franse leger te doen. Maar toch keert hij terug naar Amerika, waar hij mensen van het humoristische tijdschrift MAD (Willy Elder, Harvey Kurtzman\u2026) leert kennen die hem zo nu en dan werk bezorgen om de eindjes aan elkaar te kunnen knopen.<\/p>\n<p>&nbsp;<\/p>\n<p><span style=\"color: #e30521;\"><strong>1949<\/strong><\/span><\/p>\n<p>&nbsp;<\/p>\n<p>In New York ontmoet hij ook de Belgische tekenaars Jij\u00e9 en Morris.<br \/>\nMorris stelt hem voor aan Georges Troisfontaines, de baas van World Press, en aan Yvan Ch\u00e9ron die de scepter zwaait over International Press.<br \/>\nEnkele weken later heeft Ren\u00e9 een contract van deze twee agentschappen op zak en vertrekt naar Parijs om er voor ze te gaan werken\u2026<\/p>\n<p>&nbsp;<\/p>\n<p><span style=\"color: #e30521;\"><strong>1951<\/strong><\/span><\/p>\n<p>&nbsp;<\/p>\n<p>Op een ochtend in 1951 krijgt Albert Uderzo, die voor World Press\/International Press werkte, te horen dat er een nieuweling zou komen, een zekere \u201cGossini\u201d.<br \/>\nAlbert dacht dat het een Italiaan was en was al blij. \u201cMaar nee, je schrijft g.o.s.c.i.n.n.y en het is een Fransman die uit Amerika komt.\u201d<br \/>\nHet klikt onmiddellijk tussen die twee, die samen het ene idee na het andere krijgen. Uit deze vruchtbare samenwerking worden talloze helden geboren, waaronder Hoempa-Pa die vaak wordt beschouwd als de voorloper van Asterix.<\/p>\n<p>[\/vc_column_text][vc_empty_space][\/vc_column][\/vc_row][vc_row css_animation=&#8221;&#8221; row_type=&#8221;row&#8221; use_row_as_full_screen_section=&#8221;no&#8221; type=&#8221;full_width&#8221; angled_section=&#8221;no&#8221; text_align=&#8221;left&#8221; background_image_as_pattern=&#8221;without_pattern&#8221;][vc_column][vc_empty_space height=&#8221;30px&#8221;][\/vc_column][\/vc_row][vc_row css_animation=&#8221;&#8221; row_type=&#8221;row&#8221; use_row_as_full_screen_section=&#8221;no&#8221; type=&#8221;grid&#8221; angled_section=&#8221;no&#8221; text_align=&#8221;left&#8221; background_image_as_pattern=&#8221;without_pattern&#8221; z_index=&#8221;&#8221;][vc_column width=&#8221;1\/3&#8243;][vc_single_image image=&#8221;15521&#8243; img_size=&#8221;full&#8221; alignment=&#8221;center&#8221; css=&#8221;&#8221; qode_css_animation=&#8221;&#8221;][vc_empty_space][\/vc_column][vc_column width=&#8221;2\/3&#8243;][vc_column_text css=&#8221;&#8221;]<span style=\"color: #e30521;\"><strong>1956<\/strong><\/span><\/p>\n<p>&nbsp;<\/p>\n<p>Uderzo en Goscinny worden samen met Jean-Michel Charlier en Yvon H\u00e9brard medeoprichters van de agentschappen Edipresse (pers) en Edifrance (reclame). Zo worden ze eindelijk eigen baas. Het zijn jaren van hard werken, waarin ze van alles aanpakken en een geweldige creativiteit tentoonspreiden.<br \/>\nOm brood op de plank te krijgen slaagt Uderzo er zelfs in een productie van 9 getekende pagina\u2019s per week te halen. Dat is enorm. Uit tijdnood werd daarom vaak de gebruikelijke potloodopzet overgeslagen en werden de tekeningen direct ge\u00efnkt.<\/p>\n<p>&nbsp;<\/p>\n<p><span style=\"color: #e30521;\"><strong>1959<\/strong><\/span><\/p>\n<p>&nbsp;<\/p>\n<p>Maar ze werden vooral in beslag genomen door een groot project. Voor het nieuwe striptijdschrift Pilote moest een voor de Fransen herkenbare held worden bedacht. Samen met de hoofdredacteur Fran\u00e7ois Clauteaux kwamen ze uit op de \u201cRoman de Renart\u201d, de schalkenstreken van de 13e eeuwse Reintje de Vos.<br \/>\nMaar iemand bleek ze al voor te zijn geweest en ze moesten iets anders bedenken. Na opnieuw in de tijdmachine te zijn gestapt stegen ze uit in het Frankrijk van de Galli\u00ebrs.<br \/>\nZo konden de geboeide lezers op 29 oktober 1959 in het eerste nummer van Pilote op blz. 20 kennismaken met de allereerste pagina van de avonturen van Asterix de Galli\u00ebr. Het was een onmiddellijk succes en van dit nummer van Pilote werden meer dan 300.000 exemplaren op de eerste dag verkocht!<br \/>\nVele jaren lang kent Pilote een groot succes en wordt voor talloze lezers een onuitwisbare jeugdherinnering.<br \/>\nToch waren er strubbelingen. In 1960 geven onze twee auteurs het roer over, maar in 1963 namen ze opnieuw de leiding. Ren\u00e9 Goscinny werkt mee aan een groot aantal stripseries: natuurlijk aan Asterix, maar ook aan Iznogoedh (met Tabary), Le Petit Nicolas (met Semp\u00e9), Lucky Luke (met Morris), Valentin (met Tabary), de Dingodossiers (met Gotlib) en nog veel meer.<\/p>\n<p>&nbsp;<\/p>\n<p><span style=\"color: #e30521;\"><strong>1968<\/strong><\/span><\/p>\n<p>&nbsp;<\/p>\n<p>Nog enige tijd werken beide auteurs samen of afzonderlijk door aan andere series. Maar na \u201cHet IJzeren Schild\u201d, besluit Uderzo zich alleen nog maar aan Asterix te wijden en laat hij al zijn andere helden in de steek.<\/p>\n<p>&nbsp;<\/p>\n<p><span style=\"color: #e30521;\"><strong>1977<\/strong><\/span><\/p>\n<p>&nbsp;<\/p>\n<p>Asterix werd een van de belangrijkste striphelden van Frankrijk. Zijn succes was niet meer te stuiten.<br \/>\nOnze beide vrienden zijn dolgelukkig en richten ook een tekenfilmstudio op, studio Id\u00e9fix. Maar het geluk mocht niet duren.<br \/>\nOp 5 november 1977 komt het afschuwelijke bericht: Ren\u00e9 Goscinny is gestorven tijdens een medische check-up. Hij werd maar 51 jaar. Het was een verschrikkelijke schok.<br \/>\nHet album \u201cAsterix en de Belgen\u201d was tot pagina 37 gevorderd.<\/p>\n<p>Ren\u00e9 Goscinny\u2019s enorme talent heeft zijn helden in staat gesteld hem te overleven. Hij maakt nog steeds miljoenen lezers, groot en klein, over de hele wereld, aan het lachen.[\/vc_column_text][vc_empty_space][\/vc_column][\/vc_row][vc_row css_animation=&#8221;&#8221; row_type=&#8221;row&#8221; use_row_as_full_screen_section=&#8221;no&#8221; type=&#8221;grid&#8221; angled_section=&#8221;no&#8221; text_align=&#8221;left&#8221; background_image_as_pattern=&#8221;without_pattern&#8221; z_index=&#8221;&#8221; el_class=&#8221;contact-footer-row&#8221; el_id=&#8221;newsletter&#8221;][vc_column el_class=&#8221;contact-footer-col&#8221;]\n<div class=\"wpcf7 no-js\" id=\"wpcf7-f42903-o1\" lang=\"nl-NL\" dir=\"ltr\" data-wpcf7-id=\"42903\">\n<div class=\"screen-reader-response\"><p role=\"status\" aria-live=\"polite\" aria-atomic=\"true\"><\/p> <ul><\/ul><\/div>\n<form action=\"\/nl\/wp-json\/wp\/v2\/pages\/42490#wpcf7-f42903-o1\" method=\"post\" class=\"wpcf7-form init default\" aria-label=\"Contactformulier\" novalidate=\"novalidate\" data-status=\"init\">\n<fieldset class=\"hidden-fields-container\"><input type=\"hidden\" name=\"_wpcf7\" value=\"42903\" \/><input type=\"hidden\" name=\"_wpcf7_version\" value=\"6.1.1\" \/><input type=\"hidden\" name=\"_wpcf7_locale\" value=\"nl_NL\" \/><input type=\"hidden\" name=\"_wpcf7_unit_tag\" value=\"wpcf7-f42903-o1\" \/><input type=\"hidden\" name=\"_wpcf7_container_post\" value=\"0\" \/><input type=\"hidden\" name=\"_wpcf7_posted_data_hash\" value=\"\" \/><input type=\"hidden\" name=\"_wpcf7cf_hidden_group_fields\" value=\"[]\" \/><input type=\"hidden\" name=\"_wpcf7cf_hidden_groups\" value=\"[]\" \/><input type=\"hidden\" name=\"_wpcf7cf_visible_groups\" value=\"[]\" \/><input type=\"hidden\" name=\"_wpcf7cf_repeaters\" value=\"[]\" \/><input type=\"hidden\" name=\"_wpcf7cf_steps\" value=\"{}\" \/><input type=\"hidden\" name=\"_wpcf7cf_options\" value=\"{&quot;form_id&quot;:42903,&quot;conditions&quot;:[{&quot;then_field&quot;:&quot;groupe-email-parent&quot;,&quot;and_rules&quot;:[{&quot;if_field&quot;:&quot;radio-age&quot;,&quot;operator&quot;:&quot;equals&quot;,&quot;if_value&quot;:&quot;Ik ben jonger dan 15 jaar&quot;}]}],&quot;settings&quot;:{&quot;animation&quot;:&quot;yes&quot;,&quot;animation_intime&quot;:200,&quot;animation_outtime&quot;:200,&quot;conditions_ui&quot;:&quot;normal&quot;,&quot;notice_dismissed&quot;:false,&quot;notice_dismissed_update-cf7-6.0.3&quot;:true}}\" \/>\n<\/fieldset>\n<div style=\"text-align: center;\">\n\t<h3 style=\" font-size: 45px;\"><span style=\"color: #E30521;\">Brievenpost<\/span> van Asterix en Obelix\n\t<\/h3>\n\t<p style=\"font-size: 14px;line-height: normal;padding: 10px 0 15px;\"><strong>Ontvang elke 3 maanden de laatste nieuwtjes uit het Asterix-dorp : <\/strong><br \/>\nOnze postbode Peeteetix laat de brievenpost van Asterix en Obelix gratis achter in je brievenbus.\n\t<\/p>\n<\/div>\n<div class=\"three_columns clearfix\">\n\t<div class=\"column1\">\n\t\t<div class=\"column_inner\">\n\t\t\t<p><span class=\"wpcf7-form-control-wrap\" data-name=\"firstName\"><input size=\"40\" maxlength=\"400\" class=\"wpcf7-form-control wpcf7-text wpcf7-validates-as-required\" aria-required=\"true\" aria-invalid=\"false\" placeholder=\"Voornaam\" value=\"\" type=\"text\" name=\"firstName\" \/><\/span>\n\t\t\t<\/p>\n\t\t<\/div>\n\t<\/div>\n\t<div class=\"column2\">\n\t\t<div class=\"column_inner\">\n\t\t\t<p><span class=\"wpcf7-form-control-wrap\" data-name=\"nom\"><input size=\"40\" maxlength=\"400\" class=\"wpcf7-form-control wpcf7-text wpcf7-validates-as-required\" aria-required=\"true\" aria-invalid=\"false\" placeholder=\"Achternaam\" value=\"\" type=\"text\" name=\"nom\" \/><\/span>\n\t\t\t<\/p>\n\t\t<\/div>\n\t<\/div>\n\t<div class=\"column3\">\n\t\t<div class=\"column_inner\">\n\t\t\t<p><span class=\"wpcf7-form-control-wrap\" data-name=\"email\"><input size=\"40\" maxlength=\"400\" class=\"wpcf7-form-control wpcf7-email wpcf7-validates-as-required wpcf7-text wpcf7-validates-as-email\" aria-required=\"true\" aria-invalid=\"false\" placeholder=\"E-mailadres\" value=\"\" type=\"email\" name=\"email\" \/><\/span>\n\t\t\t<\/p>\n\t\t<\/div>\n\t<\/div>\n<\/div>\n<div class=\"column_inner\" style=\"text-align:center;\">\n\t<p><span class=\"wpcf7-form-control-wrap\" data-name=\"radio-age\"><span class=\"wpcf7-form-control wpcf7-radio\"><span class=\"wpcf7-list-item first\"><label><input type=\"radio\" name=\"radio-age\" value=\"Ik ben ouder dan 15 jaar\" \/><span class=\"wpcf7-list-item-label\">Ik ben ouder dan 15 jaar<\/span><\/label><\/span><span class=\"wpcf7-list-item last\"><label><input type=\"radio\" name=\"radio-age\" value=\"Ik ben jonger dan 15 jaar\" \/><span class=\"wpcf7-list-item-label\">Ik ben jonger dan 15 jaar<\/span><\/label><\/span><\/span><\/span>\n\t<\/p>\n<\/div>\n<div data-id=\"groupe-email-parent\" data-orig_data_id=\"groupe-email-parent\"  class=\"\" data-class=\"wpcf7cf_group\">\n\t<div class=\"three_columns clearfix\">\n\t\t<div class=\"column1\">\n\t\t\t<div class=\"column_inner\">\n\t\t\t<\/div>\n\t\t<\/div>\n\t\t<div class=\"column2\">\n\t\t\t<div class=\"column_inner\">\n\t\t\t\t<p><span class=\"wpcf7-form-control-wrap\" data-name=\"email-parent\"><input size=\"40\" maxlength=\"400\" class=\"wpcf7-form-control wpcf7-email wpcf7-validates-as-required wpcf7-text wpcf7-validates-as-email\" aria-required=\"true\" aria-invalid=\"false\" placeholder=\"E-mailadres ouder*\" value=\"\" type=\"email\" name=\"email-parent\" \/><\/span>\n\t\t\t\t<\/p>\n\t\t\t<\/div>\n\t\t<\/div>\n\t\t<div class=\"column3\">\n\t\t\t<div class=\"column_inner\">\n\t\t\t<\/div>\n\t\t<\/div>\n\t<\/div>\n<\/div>\n<div class=\"three_columns clearfix\">\n\t<div class=\"column1\">\n\t\t<div class=\"column_inner\">\n\t\t\t<p><span class=\"wpcf7-form-control-wrap\" data-name=\"language\"><select class=\"wpcf7-form-control wpcf7-select wpcf7-validates-as-required\" aria-required=\"true\" aria-invalid=\"false\" name=\"language\"><option value=\"\">Taal<\/option><option value=\"Fran\u00e7ais\">Fran\u00e7ais<\/option><option value=\"English\">English<\/option><option value=\"Deutsch\">Deutsch<\/option><option value=\"Espa\u00f1ol\">Espa\u00f1ol<\/option><option value=\"Nederlands\">Nederlands<\/option><\/select><\/span>\n\t\t\t<\/p>\n\t\t<\/div>\n\t<\/div>\n\t<div class=\"column2\">\n\t\t<div class=\"column_inner\">\n\t\t\t<p><input class=\"wpcf7-form-control wpcf7-submit has-spinner\" type=\"submit\" value=\"AANMELDEN\" \/>\n\t\t\t<\/p>\n\t\t<\/div>\n\t<\/div>\n<\/div>\n<div style=\"text-align: center;\">\n\t<p style=\"font-size: 11px;line-height: normal;padding-top: 25px;\">Je e-mailadres wordt uitsluitend gebruikt om je nieuws over Asterix te sturen.<br \/>\nJe kunt je op elk moment afmelden. Voor meer informatie, <a href=\"https:\/\/asterix.com\/charte-donnees-personnelles\/\" target=\"_blank\" style=\"color: #E30521;\">klik hier<\/a>.\n\t<\/p>\n<\/div><input type='hidden' class='wpcf7-pum' value='{\"closepopup\":false,\"closedelay\":0,\"openpopup\":false,\"openpopup_id\":0}' \/><div class=\"wpcf7-response-output\" aria-hidden=\"true\"><\/div>\n<\/form>\n<\/div>\n[\/vc_column][\/vc_row]<\/p>\n<\/div>","protected":false},"excerpt":{"rendered":"<p>[vc_row css_animation=&#8221;&#8221; row_type=&#8221;row&#8221; use_row_as_full_screen_section=&#8221;no&#8221; type=&#8221;full_width&#8221; angled_section=&#8221;no&#8221; text_align=&#8221;left&#8221; background_image_as_pattern=&#8221;without_pattern&#8221; z_index=&#8221;&#8221; css=&#8221;.vc_custom_1728063465331{margin-top: -1px !important;padding-top: 0px !important;padding-bottom: 15px !important;}&#8221; el_class=&#8221;row-orange-background&#8221;][vc_column][vc_raw_html css=&#8221;&#8221;]PGRpdiBjbGFzcz0iYmFja2dyb3VuZC1vdmVybGF5Ij48L2Rpdj4=[\/vc_raw_html][vc_row_inner row_type=&#8221;row&#8221; type=&#8221;grid&#8221; text_align=&#8221;left&#8221; css_animation=&#8221;&#8221; css=&#8221;.vc_custom_1732884144942{padding-top: 50px !important;padding-bottom: 30px !important;}&#8221;][vc_column_inner][qode_elements_holder number_of_columns=&#8221;two_columns&#8221; columns_proportion=&#8221;33_66&#8243;][qode_elements_holder_item vertical_alignment=&#8221;top&#8221; advanced_animations=&#8221;no&#8221; item_padding_600_768=&#8221;35px 0 0&#8243; item_padding_480_600=&#8221;35px 0 0&#8243; item_padding_480=&#8221;35px 0 0&#8243;][vc_single_image image=&#8221;15502&#8243; img_size=&#8221;full&#8221; alignment=&#8221;center&#8221; css=&#8221;&#8221; qode_css_animation=&#8221;&#8221;&#8230;<\/p>\n","protected":false},"author":1,"featured_media":0,"parent":0,"menu_order":0,"comment_status":"open","ping_status":"open","template":"full_width.php","meta":{"_acf_changed":false,"footnotes":"","_wp_rev_ctl_limit":""},"class_list":["post-42490","page","type-page","status-publish","hentry"],"acf":[],"yoast_head":"<!-- This site is optimized with the Yoast SEO plugin v26.7 - https:\/\/yoast.com\/wordpress\/plugins\/seo\/ -->\n<title>Ren\u00e9 Goscinny - Ast\u00e9rix<\/title>\n<meta name=\"robots\" content=\"index, follow, max-snippet:-1, max-image-preview:large, max-video-preview:-1\" \/>\n<link rel=\"canonical\" href=\"https:\/\/asterix.com\/nl\/rene-goscinny\/\" \/>\n<meta property=\"og:locale\" content=\"nl_NL\" \/>\n<meta property=\"og:type\" content=\"article\" \/>\n<meta property=\"og:title\" content=\"Ren\u00e9 Goscinny - Ast\u00e9rix\" \/>\n<meta property=\"og:description\" content=\"[vc_row css_animation=&#8221;&#8221; row_type=&#8221;row&#8221; use_row_as_full_screen_section=&#8221;no&#8221; type=&#8221;full_width&#8221; angled_section=&#8221;no&#8221; text_align=&#8221;left&#8221; background_image_as_pattern=&#8221;without_pattern&#8221; z_index=&#8221;&#8221; css=&#8221;.vc_custom_1728063465331{margin-top: -1px !important;padding-top: 0px !important;padding-bottom: 15px !important;}&#8221; el_class=&#8221;row-orange-background&#8221;][vc_column][vc_raw_html css=&#8221;&#8221;]PGRpdiBjbGFzcz0iYmFja2dyb3VuZC1vdmVybGF5Ij48L2Rpdj4=[\/vc_raw_html][vc_row_inner row_type=&#8221;row&#8221; type=&#8221;grid&#8221; text_align=&#8221;left&#8221; css_animation=&#8221;&#8221; css=&#8221;.vc_custom_1732884144942{padding-top: 50px !important;padding-bottom: 30px !important;}&#8221;][vc_column_inner][qode_elements_holder number_of_columns=&#8221;two_columns&#8221; columns_proportion=&#8221;33_66&#8243;][qode_elements_holder_item vertical_alignment=&#8221;top&#8221; advanced_animations=&#8221;no&#8221; item_padding_600_768=&#8221;35px 0 0&#8243; item_padding_480_600=&#8221;35px 0 0&#8243; item_padding_480=&#8221;35px 0 0&#8243;][vc_single_image image=&#8221;15502&#8243; img_size=&#8221;full&#8221; alignment=&#8221;center&#8221; css=&#8221;&#8221; qode_css_animation=&#8221;&#8221;...\" \/>\n<meta property=\"og:url\" content=\"https:\/\/asterix.com\/nl\/rene-goscinny\/\" \/>\n<meta property=\"og:site_name\" content=\"Ast\u00e9rix\" \/>\n<meta property=\"article:modified_time\" content=\"2025-09-14T21:24:41+00:00\" \/>\n<meta name=\"twitter:card\" content=\"summary_large_image\" \/>\n<meta name=\"twitter:label1\" content=\"Geschatte leestijd\" \/>\n\t<meta name=\"twitter:data1\" content=\"5 minuten\" \/>\n<script type=\"application\/ld+json\" class=\"yoast-schema-graph\">{\"@context\":\"https:\/\/schema.org\",\"@graph\":[{\"@type\":\"WebPage\",\"@id\":\"https:\/\/asterix.com\/nl\/rene-goscinny\/\",\"url\":\"https:\/\/asterix.com\/nl\/rene-goscinny\/\",\"name\":\"Ren\u00e9 Goscinny - Ast\u00e9rix\",\"isPartOf\":{\"@id\":\"https:\/\/asterix.com\/nl\/#website\"},\"datePublished\":\"2024-10-04T16:56:37+00:00\",\"dateModified\":\"2025-09-14T21:24:41+00:00\",\"breadcrumb\":{\"@id\":\"https:\/\/asterix.com\/nl\/rene-goscinny\/#breadcrumb\"},\"inLanguage\":\"nl-NL\",\"potentialAction\":[{\"@type\":\"ReadAction\",\"target\":[\"https:\/\/asterix.com\/nl\/rene-goscinny\/\"]}]},{\"@type\":\"BreadcrumbList\",\"@id\":\"https:\/\/asterix.com\/nl\/rene-goscinny\/#breadcrumb\",\"itemListElement\":[{\"@type\":\"ListItem\",\"position\":1,\"name\":\"Accueil\",\"item\":\"https:\/\/asterix.com\/nl\/\"},{\"@type\":\"ListItem\",\"position\":2,\"name\":\"Ren\u00e9 Goscinny\"}]},{\"@type\":\"WebSite\",\"@id\":\"https:\/\/asterix.com\/nl\/#website\",\"url\":\"https:\/\/asterix.com\/nl\/\",\"name\":\"Ast\u00e9rix\",\"description\":\"Le site officiel\",\"potentialAction\":[{\"@type\":\"SearchAction\",\"target\":{\"@type\":\"EntryPoint\",\"urlTemplate\":\"https:\/\/asterix.com\/nl\/?s={search_term_string}\"},\"query-input\":{\"@type\":\"PropertyValueSpecification\",\"valueRequired\":true,\"valueName\":\"search_term_string\"}}],\"inLanguage\":\"nl-NL\"}]}<\/script>\n<!-- \/ Yoast SEO plugin. -->","yoast_head_json":{"title":"Ren\u00e9 Goscinny - Ast\u00e9rix","robots":{"index":"index","follow":"follow","max-snippet":"max-snippet:-1","max-image-preview":"max-image-preview:large","max-video-preview":"max-video-preview:-1"},"canonical":"https:\/\/asterix.com\/nl\/rene-goscinny\/","og_locale":"nl_NL","og_type":"article","og_title":"Ren\u00e9 Goscinny - Ast\u00e9rix","og_description":"[vc_row css_animation=&#8221;&#8221; row_type=&#8221;row&#8221; use_row_as_full_screen_section=&#8221;no&#8221; type=&#8221;full_width&#8221; angled_section=&#8221;no&#8221; text_align=&#8221;left&#8221; background_image_as_pattern=&#8221;without_pattern&#8221; z_index=&#8221;&#8221; css=&#8221;.vc_custom_1728063465331{margin-top: -1px !important;padding-top: 0px !important;padding-bottom: 15px !important;}&#8221; el_class=&#8221;row-orange-background&#8221;][vc_column][vc_raw_html css=&#8221;&#8221;]PGRpdiBjbGFzcz0iYmFja2dyb3VuZC1vdmVybGF5Ij48L2Rpdj4=[\/vc_raw_html][vc_row_inner row_type=&#8221;row&#8221; type=&#8221;grid&#8221; text_align=&#8221;left&#8221; css_animation=&#8221;&#8221; css=&#8221;.vc_custom_1732884144942{padding-top: 50px !important;padding-bottom: 30px !important;}&#8221;][vc_column_inner][qode_elements_holder number_of_columns=&#8221;two_columns&#8221; columns_proportion=&#8221;33_66&#8243;][qode_elements_holder_item vertical_alignment=&#8221;top&#8221; advanced_animations=&#8221;no&#8221; item_padding_600_768=&#8221;35px 0 0&#8243; item_padding_480_600=&#8221;35px 0 0&#8243; item_padding_480=&#8221;35px 0 0&#8243;][vc_single_image image=&#8221;15502&#8243; img_size=&#8221;full&#8221; alignment=&#8221;center&#8221; css=&#8221;&#8221; qode_css_animation=&#8221;&#8221;...","og_url":"https:\/\/asterix.com\/nl\/rene-goscinny\/","og_site_name":"Ast\u00e9rix","article_modified_time":"2025-09-14T21:24:41+00:00","twitter_card":"summary_large_image","twitter_misc":{"Geschatte leestijd":"5 minuten"},"schema":{"@context":"https:\/\/schema.org","@graph":[{"@type":"WebPage","@id":"https:\/\/asterix.com\/nl\/rene-goscinny\/","url":"https:\/\/asterix.com\/nl\/rene-goscinny\/","name":"Ren\u00e9 Goscinny - Ast\u00e9rix","isPartOf":{"@id":"https:\/\/asterix.com\/nl\/#website"},"datePublished":"2024-10-04T16:56:37+00:00","dateModified":"2025-09-14T21:24:41+00:00","breadcrumb":{"@id":"https:\/\/asterix.com\/nl\/rene-goscinny\/#breadcrumb"},"inLanguage":"nl-NL","potentialAction":[{"@type":"ReadAction","target":["https:\/\/asterix.com\/nl\/rene-goscinny\/"]}]},{"@type":"BreadcrumbList","@id":"https:\/\/asterix.com\/nl\/rene-goscinny\/#breadcrumb","itemListElement":[{"@type":"ListItem","position":1,"name":"Accueil","item":"https:\/\/asterix.com\/nl\/"},{"@type":"ListItem","position":2,"name":"Ren\u00e9 Goscinny"}]},{"@type":"WebSite","@id":"https:\/\/asterix.com\/nl\/#website","url":"https:\/\/asterix.com\/nl\/","name":"Ast\u00e9rix","description":"Le site officiel","potentialAction":[{"@type":"SearchAction","target":{"@type":"EntryPoint","urlTemplate":"https:\/\/asterix.com\/nl\/?s={search_term_string}"},"query-input":{"@type":"PropertyValueSpecification","valueRequired":true,"valueName":"search_term_string"}}],"inLanguage":"nl-NL"}]}},"_links":{"self":[{"href":"https:\/\/asterix.com\/nl\/wp-json\/wp\/v2\/pages\/42490","targetHints":{"allow":["GET"]}}],"collection":[{"href":"https:\/\/asterix.com\/nl\/wp-json\/wp\/v2\/pages"}],"about":[{"href":"https:\/\/asterix.com\/nl\/wp-json\/wp\/v2\/types\/page"}],"author":[{"embeddable":true,"href":"https:\/\/asterix.com\/nl\/wp-json\/wp\/v2\/users\/1"}],"replies":[{"embeddable":true,"href":"https:\/\/asterix.com\/nl\/wp-json\/wp\/v2\/comments?post=42490"}],"version-history":[{"count":2,"href":"https:\/\/asterix.com\/nl\/wp-json\/wp\/v2\/pages\/42490\/revisions"}],"predecessor-version":[{"id":45133,"href":"https:\/\/asterix.com\/nl\/wp-json\/wp\/v2\/pages\/42490\/revisions\/45133"}],"wp:attachment":[{"href":"https:\/\/asterix.com\/nl\/wp-json\/wp\/v2\/media?parent=42490"}],"curies":[{"name":"wp","href":"https:\/\/api.w.org\/{rel}","templated":true}]}}